{"id":209492,"date":"2025-03-22T13:30:22","date_gmt":"2025-03-22T13:30:22","guid":{"rendered":"https:\/\/aromasentia.com\/product\/raw-crystals-500gm-smoky-quartz\/"},"modified":"2025-06-28T22:43:33","modified_gmt":"2025-06-28T22:43:33","slug":"roykkvarts-ra-krystaller-500g","status":"publish","type":"product","link":"https:\/\/aromasentia.com\/no\/roykkvarts-ra-krystaller-500g\/","title":{"rendered":"R\u00f8ykkvarts R\u00e5 Krystaller 500g"},"content":{"rendered":"<p><span style=\"color: rgb(75, 80, 88);\">R\u00e5 r\u00f8kkvartskrystaller \u2013 Omfavn guddommelig ro<\/span><\/p>\n<p><span style=\"color: rgb(75, 80, 88);\">R\u00f8kkvarts, en fengslende edelsten kjent for sin mystiske sjarm, finnes i overflod i jordens kjerne.<\/span><\/p>\n<p><span style=\"color: rgb(75, 80, 88);\">\u2728 Jordet og stabil: R\u00f8kkvarts antas \u00e5 tilby en stabiliserende og jordende tilstedev\u00e6relse. Den hjelper med \u00e5 forankre ens energi til jorden, noe som gj\u00f8r den til et utmerket valg for de som s\u00f8ker likevekt og emosjonell stabilitet.<\/span><\/p>\n<p><span style=\"color: rgb(75, 80, 88);\">?&zwj;\u2640\ufe0f Renselse og skjerming: Disse krystallene antas \u00e5 absorbere og omdanne negative energier, noe som gj\u00f8r dem til et verdifullt verkt\u00f8y for energisk rensing og beskyttelse.<\/span><\/p>\n<p><span style=\"color: rgb(75, 80, 88);\">? Naturens omfavnelse: \u00c5 holde eller meditere med r\u00e5 r\u00f8ykkvarts kan utdype forbindelsen din med naturen, og fremme en f\u00f8lelse av harmoni og ro.<\/span><\/p>\n<p><span style=\"color: rgb(75, 80, 88);\">? Utemmede underverker: Et utvalg av upolerte stykker som viser frem den iboende skj\u00f8nnheten og s\u00e6rpreget til r\u00f8ykkvarts.<\/span><\/p>\n<p><span style=\"color: rgb(75, 80, 88);\">Enten du er en hengiven krystallentusiast eller en forhandler som er ivrig etter \u00e5 introdusere andre for den rolige sjarmen til r\u00f8ykkvarts, er denne 500 g-kolleksjonen et ideelt valg.<\/span><\/p>\n","protected":false},"excerpt":{"rendered":"<p>R\u00e5 r\u00f8kkvartskrystaller \u2013 Omfavn guddommelig ro R\u00f8kkvarts, en fengslende edelsten kjent for sin mystiske sjarm, finnes i overflod i jordens kjerne. \u2728 Jordet og stabil: R\u00f8kkvarts antas \u00e5 tilby en stabiliserende og jordende tilstedev\u00e6relse. Den hjelper med \u00e5 forankre ens energi til jorden, noe som gj\u00f8r den til et utmerket valg for de som s\u00f8ker [&hellip;]<\/p>\n","protected":false},"featured_media":344113,"comment_status":"closed","ping_status":"open","template":"","meta":{"_angie_page":false},"product_brand":[],"product_cat":[9155,25221,25734,25761,9161],"product_tag":[],"class_list":{"0":"post-209492","1":"product","2":"type-product","3":"status-publish","4":"has-post-thumbnail","6":"product_cat-esoteriske-gaver","7":"product_cat-krystaller-edelsteiner","8":"product_cat-kvarts","9":"product_cat-roykkvarts","10":"product_cat-trommelsteiner","11":"pa_collection-raw-crystals-no","12":"pa_made-in-kina","13":"pa_size-500g","15":"first","16":"instock","17":"purchasable","18":"product-type-simple"},"supplier_id":null,"supplier_sku":"RCry-08","barcode":null,"atum_controlled":true,"out_stock_date":null,"out_stock_threshold":null,"inheritable":false,"inbound_stock":null,"stock_on_hold":0,"sold_today":0,"sales_last_days":0,"reserved_stock":null,"customer_returns":null,"warehouse_damage":null,"lost_in_post":null,"other_logs":null,"out_stock_days":0,"lost_sales":0,"has_location":null,"update_date":"2026-04-27T07:19:10","atum_locations":[],"atum_stock_status":"instock","restock_status":false,"low_stock_amount":"","sales_update_date":"2025-09-05T00:25:32","calc_backorders":null,"_links":{"self":[{"href":"https:\/\/aromasentia.com\/no\/wp-json\/wp\/v2\/product\/209492","targetHints":{"allow":["GET"]}}],"collection":[{"href":"https:\/\/aromasentia.com\/no\/wp-json\/wp\/v2\/product"}],"about":[{"href":"https:\/\/aromasentia.com\/no\/wp-json\/wp\/v2\/types\/product"}],"replies":[{"embeddable":true,"href":"https:\/\/aromasentia.com\/no\/wp-json\/wp\/v2\/comments?post=209492"}],"version-history":[{"count":0,"href":"https:\/\/aromasentia.com\/no\/wp-json\/wp\/v2\/product\/209492\/revisions"}],"wp:featuredmedia":[{"embeddable":true,"href":"https:\/\/aromasentia.com\/no\/wp-json\/wp\/v2\/media\/344113"}],"wp:attachment":[{"href":"https:\/\/aromasentia.com\/no\/wp-json\/wp\/v2\/media?parent=209492"}],"wp:term":[{"taxonomy":"product_brand","embeddable":true,"href":"https:\/\/aromasentia.com\/no\/wp-json\/wp\/v2\/product_brand?post=209492"},{"taxonomy":"product_cat","embeddable":true,"href":"https:\/\/aromasentia.com\/no\/wp-json\/wp\/v2\/product_cat?post=209492"},{"taxonomy":"product_tag","embeddable":true,"href":"https:\/\/aromasentia.com\/no\/wp-json\/wp\/v2\/product_tag?post=209492"}],"curies":[{"name":"wp","href":"https:\/\/api.w.org\/{rel}","templated":true}]}}