{"id":209489,"date":"2025-03-22T13:30:22","date_gmt":"2025-03-22T13:30:22","guid":{"rendered":"https:\/\/aromasentia.com\/product\/raw-crystals-500gm-black-obsidian\/"},"modified":"2025-06-28T22:43:31","modified_gmt":"2025-06-28T22:43:31","slug":"svart-obsidian-ra-krystaller-500g","status":"publish","type":"product","link":"https:\/\/aromasentia.com\/no\/svart-obsidian-ra-krystaller-500g\/","title":{"rendered":"Svart Obsidian R\u00e5 Krystaller 500g"},"content":{"rendered":"<p><span style=\"color: rgb(75, 80, 88);\">R\u00e5 svarte obsidiankrystaller \u2013 omfavn beskyttende kraft<\/span><\/p>\n<p><span style=\"color: rgb(75, 80, 88);\">Et spennende utvalg av beskyttende steiner med en fengslende dybde. Disse ubearbeidede krystallene, utsmykket med sine dype svarte toner og individuelle m\u00f8nstre, overg\u00e5r ren skj\u00f8nnhet; de st\u00e5r som symboler p\u00e5 styrke og trygghet.<\/span><\/p>\n<p><span style=\"color: rgb(75, 80, 88);\">? Jordstabilitet: Svart obsidian er kjent for sine stabiliserende egenskaper, og hjelper til med forbindelsen med jordens energi og etablerer likevekt i turbulente faser.<\/span><\/p>\n<p><span style=\"color: rgb(75, 80, 88);\">\u2694\ufe0f Beskyttelse og likevekt: Omfavn de beskyttende egenskapene til svart obsidian, da den frast\u00f8ter negativitet og fremmer emosjonell stabilitet.<\/span><\/p>\n<p><span style=\"color: rgb(75, 80, 88);\">? Mangfoldige skatter: Dette utvalget av r\u00e5 svarte obsidiankrystaller tilbyr et variert utvalg av st\u00f8rrelser og former, hver med sin egen unike essens og vitalitet.<\/span><\/p>\n<p><span style=\"color: rgb(75, 80, 88);\">Enten du er en krystallelsker som er ivrig etter \u00e5 utnytte den beskyttende kraften til svart obsidian, eller en person som \u00f8nsker \u00e5 dele disse fengslende steinene med dine kj\u00e6re eller venner, er dette 500 g-utvalget et imponerende valg.<\/span><\/p>\n","protected":false},"excerpt":{"rendered":"<p>R\u00e5 svarte obsidiankrystaller \u2013 omfavn beskyttende kraft Et spennende utvalg av beskyttende steiner med en fengslende dybde. Disse ubearbeidede krystallene, utsmykket med sine dype svarte toner og individuelle m\u00f8nstre, overg\u00e5r ren skj\u00f8nnhet; de st\u00e5r som symboler p\u00e5 styrke og trygghet. ? Jordstabilitet: Svart obsidian er kjent for sine stabiliserende egenskaper, og hjelper til med forbindelsen [&hellip;]<\/p>\n","protected":false},"featured_media":344014,"comment_status":"closed","ping_status":"open","template":"","meta":{"_angie_page":false},"product_brand":[],"product_cat":[9155,25221,25691,9161],"product_tag":[],"class_list":{"0":"post-209489","1":"product","2":"type-product","3":"status-publish","4":"has-post-thumbnail","6":"product_cat-esoteriske-gaver","7":"product_cat-krystaller-edelsteiner","8":"product_cat-obsidian","9":"product_cat-trommelsteiner","10":"pa_collection-raw-crystals-no","11":"pa_made-in-kina","12":"pa_size-500g","14":"first","15":"instock","16":"purchasable","17":"product-type-simple"},"supplier_id":null,"supplier_sku":"RCry-05","barcode":null,"atum_controlled":true,"out_stock_date":null,"out_stock_threshold":null,"inheritable":false,"inbound_stock":null,"stock_on_hold":0,"sold_today":0,"sales_last_days":0,"reserved_stock":null,"customer_returns":null,"warehouse_damage":null,"lost_in_post":null,"other_logs":null,"out_stock_days":0,"lost_sales":0,"has_location":null,"update_date":"2026-04-27T07:19:10","atum_locations":[],"atum_stock_status":"instock","restock_status":false,"low_stock_amount":"","sales_update_date":"2025-09-05T00:25:30","calc_backorders":null,"_links":{"self":[{"href":"https:\/\/aromasentia.com\/no\/wp-json\/wp\/v2\/product\/209489","targetHints":{"allow":["GET"]}}],"collection":[{"href":"https:\/\/aromasentia.com\/no\/wp-json\/wp\/v2\/product"}],"about":[{"href":"https:\/\/aromasentia.com\/no\/wp-json\/wp\/v2\/types\/product"}],"replies":[{"embeddable":true,"href":"https:\/\/aromasentia.com\/no\/wp-json\/wp\/v2\/comments?post=209489"}],"version-history":[{"count":0,"href":"https:\/\/aromasentia.com\/no\/wp-json\/wp\/v2\/product\/209489\/revisions"}],"wp:featuredmedia":[{"embeddable":true,"href":"https:\/\/aromasentia.com\/no\/wp-json\/wp\/v2\/media\/344014"}],"wp:attachment":[{"href":"https:\/\/aromasentia.com\/no\/wp-json\/wp\/v2\/media?parent=209489"}],"wp:term":[{"taxonomy":"product_brand","embeddable":true,"href":"https:\/\/aromasentia.com\/no\/wp-json\/wp\/v2\/product_brand?post=209489"},{"taxonomy":"product_cat","embeddable":true,"href":"https:\/\/aromasentia.com\/no\/wp-json\/wp\/v2\/product_cat?post=209489"},{"taxonomy":"product_tag","embeddable":true,"href":"https:\/\/aromasentia.com\/no\/wp-json\/wp\/v2\/product_tag?post=209489"}],"curies":[{"name":"wp","href":"https:\/\/api.w.org\/{rel}","templated":true}]}}