{"id":209484,"date":"2025-03-22T13:30:22","date_gmt":"2025-03-22T13:30:22","guid":{"rendered":"https:\/\/aromasentia.com\/product\/guohua-picture-stones-large-landscape-150x250mm-approx-800gm\/"},"modified":"2025-06-28T22:43:26","modified_gmt":"2025-06-28T22:43:26","slug":"guohua-bildesteiner-stort-landskap-150x250mm-ca-800g","status":"publish","type":"product","link":"https:\/\/aromasentia.com\/no\/guohua-bildesteiner-stort-landskap-150x250mm-ca-800g\/","title":{"rendered":"Guohua Bildesteiner Stort Landskap &#8211; 150x250mm (Ca. 800g)"},"content":{"rendered":"<p><span style=\"color: rgb(75, 80, 88);\">Denne store landskapsbildesteinen fra Guohua er et eksempel p\u00e5 den bemerkelsesverdige skj\u00f8nnheten i naturlig kunst. Med dimensjoner p\u00e5 omtrent 150 x 250 mm og en betydelig vekt p\u00e5 800 gram, er dette sl\u00e5ende stykket en kraftfull blanding av geologisk undring og estetisk sjarm. Denne steinen, som stammer fra det gamle terrenget i Guangxi-provinsen i Kina, fungerer som en levende kr\u00f8nike over jordens historie. Overflaten er intrikat utsmykket med m\u00f8nstre dannet av mangan-dendritter, som har utviklet seg intrikat over \u00e5rtusener i kalksteinen. Hver stein er et unikt mesterverk, og tilbyr en fantastisk utsikt over naturens kreative dyktighet. Den imponerende st\u00f8rrelsen og vekten p\u00e5 dette stykket sikrer at det skiller seg ut som et imponerende midtpunkt. Dens storsl\u00e5tte tilstedev\u00e6relse kan dramatisk forbedre ethvert milj\u00f8 og tilf\u00f8re et snev av naturlig storhet. Se for deg den rolige atmosf\u00e6ren denne steinen bringer. De beroligende m\u00f8nstrene og den naturlige tiltrekningen i designet inviterer til beundring og refleksjon. Enten den er plassert i et minimalistisk rom eller som et i\u00f8ynefallende element i en variert innredning, er Guohua Picture Stone Large Landscape et tidl\u00f8st gjenstandsstykke som vil fortrylle og inspirere i \u00e5rene som kommer. Merk: Hver stein er naturlig unik, og variasjoner i utseende kan forekomme. Tilgjengeligheten er begrenset.<\/span><\/p>\n","protected":false},"excerpt":{"rendered":"<p>Denne store landskapsbildesteinen fra Guohua er et eksempel p\u00e5 den bemerkelsesverdige skj\u00f8nnheten i naturlig kunst. Med dimensjoner p\u00e5 omtrent 150 x 250 mm og en betydelig vekt p\u00e5 800 gram, er dette sl\u00e5ende stykket en kraftfull blanding av geologisk undring og estetisk sjarm. Denne steinen, som stammer fra det gamle terrenget i Guangxi-provinsen i Kina, [&hellip;]<\/p>\n","protected":false},"featured_media":343849,"comment_status":"closed","ping_status":"open","template":"","meta":{"_angie_page":false},"product_brand":[],"product_cat":[9155,9161],"product_tag":[],"class_list":{"0":"post-209484","1":"product","2":"type-product","3":"status-publish","4":"has-post-thumbnail","6":"product_cat-esoteriske-gaver","7":"product_cat-trommelsteiner","8":"pa_collection-guohua-picture-stones-no","9":"pa_made-in-kina","11":"first","12":"instock","13":"purchasable","14":"product-type-simple"},"supplier_id":null,"supplier_sku":"PicSt-04","barcode":null,"atum_controlled":true,"out_stock_date":null,"out_stock_threshold":null,"inheritable":false,"inbound_stock":null,"stock_on_hold":0,"sold_today":0,"sales_last_days":0,"reserved_stock":null,"customer_returns":null,"warehouse_damage":null,"lost_in_post":null,"other_logs":null,"out_stock_days":0,"lost_sales":0,"has_location":null,"update_date":"2026-04-27T07:18:09","atum_locations":[],"atum_stock_status":"instock","restock_status":false,"low_stock_amount":"","sales_update_date":"2026-01-30T01:25:40","calc_backorders":null,"_links":{"self":[{"href":"https:\/\/aromasentia.com\/no\/wp-json\/wp\/v2\/product\/209484","targetHints":{"allow":["GET"]}}],"collection":[{"href":"https:\/\/aromasentia.com\/no\/wp-json\/wp\/v2\/product"}],"about":[{"href":"https:\/\/aromasentia.com\/no\/wp-json\/wp\/v2\/types\/product"}],"replies":[{"embeddable":true,"href":"https:\/\/aromasentia.com\/no\/wp-json\/wp\/v2\/comments?post=209484"}],"version-history":[{"count":0,"href":"https:\/\/aromasentia.com\/no\/wp-json\/wp\/v2\/product\/209484\/revisions"}],"wp:featuredmedia":[{"embeddable":true,"href":"https:\/\/aromasentia.com\/no\/wp-json\/wp\/v2\/media\/343849"}],"wp:attachment":[{"href":"https:\/\/aromasentia.com\/no\/wp-json\/wp\/v2\/media?parent=209484"}],"wp:term":[{"taxonomy":"product_brand","embeddable":true,"href":"https:\/\/aromasentia.com\/no\/wp-json\/wp\/v2\/product_brand?post=209484"},{"taxonomy":"product_cat","embeddable":true,"href":"https:\/\/aromasentia.com\/no\/wp-json\/wp\/v2\/product_cat?post=209484"},{"taxonomy":"product_tag","embeddable":true,"href":"https:\/\/aromasentia.com\/no\/wp-json\/wp\/v2\/product_tag?post=209484"}],"curies":[{"name":"wp","href":"https:\/\/api.w.org\/{rel}","templated":true}]}}