{"id":209483,"date":"2025-03-22T13:30:22","date_gmt":"2025-03-22T13:30:22","guid":{"rendered":"https:\/\/aromasentia.com\/product\/guohua-picture-stones-arch-145x110mm-approx-140gm\/"},"modified":"2025-05-31T06:14:41","modified_gmt":"2025-05-31T06:14:41","slug":"guohua-picture-stones-arch-145x110mm-ca-140gm","status":"publish","type":"product","link":"https:\/\/aromasentia.com\/no\/guohua-picture-stones-arch-145x110mm-ca-140gm\/","title":{"rendered":"Guohua Picture Stones &#8211; Arch &#8211; 145x110mm (Ca. 140Gm)"},"content":{"rendered":"<p><span style=\"color: rgb(75, 80, 88);\">Denne bueformede Guohua-bildesteinen, som er omtrent 145 x 110 mm stor og veier rundt 140 gram, fremhever den fantastiske naturlige skj\u00f8nnheten til mangan-dendritter plassert i en finkornet kalksteinsbase. I motsetning til andre malte kunstverk ble disse intrikate m\u00f8nstrene dannet gjennom geologiske prosesser over millioner av \u00e5r, noe som resulterte i unike, naturlige mesterverk.<\/span><\/p>\n<p><span style=\"color: rgb(75, 80, 88);\">Disse steinene, som kommer fra de mineralrike omr\u00e5dene i Guangxi-provinsen i Kina, fremhever naturens ekstraordin\u00e6re kunstnerskap. Kombinasjonen av jernoksid og mangan-dendritter i kalksteinen skaper fantastiske scener, figurer og abstrakte m\u00f8nstre, der hver stein er en unik refleksjon av jordens geologiske historie.<\/span><\/p>\n<p><span style=\"color: rgb(75, 80, 88);\">Den grasi\u00f8se bueformen til denne steinen gj\u00f8r den til et i\u00f8ynefallende midtpunkt for enhver setting. Dens s\u00e6regne form og komplekse naturlige design trekker blikket og fungerer som et sl\u00e5ende blikkfang. Perfekt for utstilling p\u00e5 en hylle, peishylle eller som et frittst\u00e5ende stykke, gir den et eksotisk preg til ethvert interi\u00f8r.<\/span><\/p>\n<p><span style=\"color: rgb(75, 80, 88);\">Disse unike steinene er sv\u00e6rt attraktive for et bredt spekter av kunder, inkludert interi\u00f8rdesignere, samlere og alle som verdsetter naturens skj\u00f8nnhet.<\/span><\/p>\n<p><span style=\"color: rgb(75, 80, 88);\">Merk: Siden hver stein er naturlig formet, m\u00e5 variasjoner i utseende forventes. Tilgjengeligheten er begrenset.<\/span><\/p>\n","protected":false},"excerpt":{"rendered":"<p>Denne bueformede Guohua-bildesteinen, som er omtrent 145 x 110 mm stor og veier rundt 140 gram, fremhever den fantastiske naturlige skj\u00f8nnheten til mangan-dendritter plassert i en finkornet kalksteinsbase. I motsetning til andre malte kunstverk ble disse intrikate m\u00f8nstrene dannet gjennom geologiske prosesser over millioner av \u00e5r, noe som resulterte i unike, naturlige mesterverk. Disse steinene, [&hellip;]<\/p>\n","protected":false},"featured_media":343816,"comment_status":"closed","ping_status":"open","template":"","meta":{"_angie_page":false},"product_brand":[],"product_cat":[9155,9161],"product_tag":[],"class_list":{"0":"post-209483","1":"product","2":"type-product","3":"status-publish","4":"has-post-thumbnail","6":"product_cat-esoteriske-gaver","7":"product_cat-trommelsteiner","8":"pa_collection-guohua-picture-stones-no","9":"pa_made-in-kina","11":"first","12":"instock","13":"purchasable","14":"product-type-simple"},"supplier_id":null,"supplier_sku":"PicSt-03","barcode":null,"atum_controlled":true,"out_stock_date":null,"out_stock_threshold":null,"inheritable":false,"inbound_stock":null,"stock_on_hold":0,"sold_today":0,"sales_last_days":0,"reserved_stock":null,"customer_returns":null,"warehouse_damage":null,"lost_in_post":null,"other_logs":null,"out_stock_days":0,"lost_sales":0,"has_location":null,"update_date":"2026-04-27T07:18:09","atum_locations":[],"atum_stock_status":"instock","restock_status":false,"low_stock_amount":"","sales_update_date":"2026-01-30T01:26:08","calc_backorders":null,"_links":{"self":[{"href":"https:\/\/aromasentia.com\/no\/wp-json\/wp\/v2\/product\/209483","targetHints":{"allow":["GET"]}}],"collection":[{"href":"https:\/\/aromasentia.com\/no\/wp-json\/wp\/v2\/product"}],"about":[{"href":"https:\/\/aromasentia.com\/no\/wp-json\/wp\/v2\/types\/product"}],"replies":[{"embeddable":true,"href":"https:\/\/aromasentia.com\/no\/wp-json\/wp\/v2\/comments?post=209483"}],"version-history":[{"count":0,"href":"https:\/\/aromasentia.com\/no\/wp-json\/wp\/v2\/product\/209483\/revisions"}],"wp:featuredmedia":[{"embeddable":true,"href":"https:\/\/aromasentia.com\/no\/wp-json\/wp\/v2\/media\/343816"}],"wp:attachment":[{"href":"https:\/\/aromasentia.com\/no\/wp-json\/wp\/v2\/media?parent=209483"}],"wp:term":[{"taxonomy":"product_brand","embeddable":true,"href":"https:\/\/aromasentia.com\/no\/wp-json\/wp\/v2\/product_brand?post=209483"},{"taxonomy":"product_cat","embeddable":true,"href":"https:\/\/aromasentia.com\/no\/wp-json\/wp\/v2\/product_cat?post=209483"},{"taxonomy":"product_tag","embeddable":true,"href":"https:\/\/aromasentia.com\/no\/wp-json\/wp\/v2\/product_tag?post=209483"}],"curies":[{"name":"wp","href":"https:\/\/api.w.org\/{rel}","templated":true}]}}