{"id":209481,"date":"2025-03-22T13:30:22","date_gmt":"2025-03-22T13:30:22","guid":{"rendered":"https:\/\/aromasentia.com\/product\/guohua-picture-stones-landscape-140x80mm-aprox-100gm\/"},"modified":"2025-05-31T06:14:35","modified_gmt":"2025-05-31T06:14:35","slug":"guohua-picture-stones-landskap-140x80mm-ca-100gm","status":"publish","type":"product","link":"https:\/\/aromasentia.com\/no\/guohua-picture-stones-landskap-140x80mm-ca-100gm\/","title":{"rendered":"Guohua Picture Stones &#8211; Landskap &#8211; 140x80mm (Ca. 100Gm)"},"content":{"rendered":"<p><span style=\"color: rgb(75, 80, 88);\">Denne landskaps-Guohua-bildesteinen er en fantastisk naturlig kreasjon som legemliggj\u00f8r \u00e5nden i gammel kinesisk landskapskunst. Hver stein m\u00e5ler omtrent 140 x 80 mm og veier omtrent 100 gram.<\/span><\/p>\n<p><span style=\"color: rgb(75, 80, 88);\">De bemerkelsesverdige m\u00f8nstrene p\u00e5 disse steinene forekommer naturlig og er dannet over millioner av \u00e5r uten menneskelig innblanding. Denne finkornede kalksteinen, som kommer fra Guangxi-provinsen, inneholder jernoksid og har intrikate mangan-dendrittformasjoner. Disse m\u00f8nstrene har en sl\u00e5ende likhet med tradisjonelle kinesiske landskapsmalerier, og gir hvert stykke en f\u00f8lelse av historisk og kulturell dybde.<\/span><\/p>\n<p><span style=\"color: rgb(75, 80, 88);\">Disse steinene tilbyr en unik m\u00e5te \u00e5 introdusere naturens skj\u00f8nnhet inn i ethvert hjem eller kontor. De delikate m\u00f8nstrene og naturlige fargetonene skaper et beroligende og rolig milj\u00f8. Landskapssteinen Guohua er ikke bare et uts\u00f8kt dekorativt stykke, men ogs\u00e5 en flott samtalestarter som kan inspirere til kreativitet og verdsettelse av naturens kunstneriske virke. Den er en omtenksom gave til naturelskere, kunstentusiaster eller alle som verdsetter unike og vakre gjenstander.<\/span><\/p>\n<p><span style=\"color: rgb(75, 80, 88);\">Merk: P\u00e5 grunn av den naturlige variasjonen i disse steinene, er hvert stykke unikt og kan avvike noe i utseende. Tilgjengeligheten er begrenset.<\/span><\/p>\n","protected":false},"excerpt":{"rendered":"<p>Denne landskaps-Guohua-bildesteinen er en fantastisk naturlig kreasjon som legemliggj\u00f8r \u00e5nden i gammel kinesisk landskapskunst. Hver stein m\u00e5ler omtrent 140 x 80 mm og veier omtrent 100 gram. De bemerkelsesverdige m\u00f8nstrene p\u00e5 disse steinene forekommer naturlig og er dannet over millioner av \u00e5r uten menneskelig innblanding. Denne finkornede kalksteinen, som kommer fra Guangxi-provinsen, inneholder jernoksid og [&hellip;]<\/p>\n","protected":false},"featured_media":343766,"comment_status":"closed","ping_status":"open","template":"","meta":{"_angie_page":false},"product_brand":[],"product_cat":[9155,9161],"product_tag":[],"class_list":{"0":"post-209481","1":"product","2":"type-product","3":"status-publish","4":"has-post-thumbnail","6":"product_cat-esoteriske-gaver","7":"product_cat-trommelsteiner","8":"pa_collection-guohua-picture-stones-no","9":"pa_made-in-kina","11":"first","12":"instock","13":"purchasable","14":"product-type-simple"},"supplier_id":null,"supplier_sku":"PicSt-01","barcode":null,"atum_controlled":true,"out_stock_date":null,"out_stock_threshold":null,"inheritable":false,"inbound_stock":null,"stock_on_hold":0,"sold_today":0,"sales_last_days":0,"reserved_stock":null,"customer_returns":null,"warehouse_damage":null,"lost_in_post":null,"other_logs":null,"out_stock_days":0,"lost_sales":0,"has_location":null,"update_date":"2026-04-27T07:18:09","atum_locations":[],"atum_stock_status":"instock","restock_status":false,"low_stock_amount":"","sales_update_date":"2026-02-06T00:00:46","calc_backorders":null,"_links":{"self":[{"href":"https:\/\/aromasentia.com\/no\/wp-json\/wp\/v2\/product\/209481","targetHints":{"allow":["GET"]}}],"collection":[{"href":"https:\/\/aromasentia.com\/no\/wp-json\/wp\/v2\/product"}],"about":[{"href":"https:\/\/aromasentia.com\/no\/wp-json\/wp\/v2\/types\/product"}],"replies":[{"embeddable":true,"href":"https:\/\/aromasentia.com\/no\/wp-json\/wp\/v2\/comments?post=209481"}],"version-history":[{"count":0,"href":"https:\/\/aromasentia.com\/no\/wp-json\/wp\/v2\/product\/209481\/revisions"}],"wp:featuredmedia":[{"embeddable":true,"href":"https:\/\/aromasentia.com\/no\/wp-json\/wp\/v2\/media\/343766"}],"wp:attachment":[{"href":"https:\/\/aromasentia.com\/no\/wp-json\/wp\/v2\/media?parent=209481"}],"wp:term":[{"taxonomy":"product_brand","embeddable":true,"href":"https:\/\/aromasentia.com\/no\/wp-json\/wp\/v2\/product_brand?post=209481"},{"taxonomy":"product_cat","embeddable":true,"href":"https:\/\/aromasentia.com\/no\/wp-json\/wp\/v2\/product_cat?post=209481"},{"taxonomy":"product_tag","embeddable":true,"href":"https:\/\/aromasentia.com\/no\/wp-json\/wp\/v2\/product_tag?post=209481"}],"curies":[{"name":"wp","href":"https:\/\/api.w.org\/{rel}","templated":true}]}}