{"id":209474,"date":"2025-03-22T13:30:22","date_gmt":"2025-03-22T13:30:22","guid":{"rendered":"https:\/\/aromasentia.com\/product\/orgonite-obelisk-power-point-green-aventurine-110x30-mm\/"},"modified":"2025-05-31T06:14:13","modified_gmt":"2025-05-31T06:14:13","slug":"orgonittobelisk-power-point-gronn-aventurin-110x30-mm","status":"publish","type":"product","link":"https:\/\/aromasentia.com\/no\/orgonittobelisk-power-point-gronn-aventurin-110x30-mm\/","title":{"rendered":"Orgonittobelisk Power Point Gr\u00f8nn Aventurin &#8211; 110&#215;30 mm"},"content":{"rendered":"<p>Orgonitt er en blanding av katalysert glassfiberharpiks med metallspon, partikler eller pulver, som helles i former.<\/p>\n<p>Orgonitt har blitt sv\u00e6rt popul\u00e6rt som et spirituelt helbredelsesverkt\u00f8y og som beskyttelse mot elektromagnetisk forurensning.<\/p>\n","protected":false},"excerpt":{"rendered":"<p>Orgonitt er en blanding av katalysert glassfiberharpiks med metallspon, partikler eller pulver, som helles i former. Orgonitt har blitt sv\u00e6rt popul\u00e6rt som et spirituelt helbredelsesverkt\u00f8y og som beskyttelse mot elektromagnetisk forurensning.<\/p>\n","protected":false},"featured_media":343679,"comment_status":"closed","ping_status":"open","template":"","meta":{"_angie_page":false},"product_brand":[],"product_cat":[25562,8394,25221,10889],"product_tag":[],"class_list":{"0":"post-209474","1":"product","2":"type-product","3":"status-publish","4":"has-post-thumbnail","6":"product_cat-aventurin","7":"product_cat-hjem-og-hage","8":"product_cat-krystaller-edelsteiner","9":"product_cat-orgonite-orgonitt","10":"pa_collection-orgonite-objects-no","11":"pa_made-in-india","13":"first","14":"instock","15":"purchasable","16":"product-type-simple"},"supplier_id":null,"supplier_sku":"Orgn-23","barcode":null,"atum_controlled":true,"out_stock_date":null,"out_stock_threshold":null,"inheritable":false,"inbound_stock":null,"stock_on_hold":0,"sold_today":0,"sales_last_days":0,"reserved_stock":null,"customer_returns":null,"warehouse_damage":null,"lost_in_post":null,"other_logs":null,"out_stock_days":0,"lost_sales":0,"has_location":null,"update_date":"2026-04-27T07:17:21","atum_locations":[],"atum_stock_status":"instock","restock_status":false,"low_stock_amount":"","sales_update_date":"2026-01-30T01:26:21","calc_backorders":null,"_links":{"self":[{"href":"https:\/\/aromasentia.com\/no\/wp-json\/wp\/v2\/product\/209474","targetHints":{"allow":["GET"]}}],"collection":[{"href":"https:\/\/aromasentia.com\/no\/wp-json\/wp\/v2\/product"}],"about":[{"href":"https:\/\/aromasentia.com\/no\/wp-json\/wp\/v2\/types\/product"}],"replies":[{"embeddable":true,"href":"https:\/\/aromasentia.com\/no\/wp-json\/wp\/v2\/comments?post=209474"}],"version-history":[{"count":0,"href":"https:\/\/aromasentia.com\/no\/wp-json\/wp\/v2\/product\/209474\/revisions"}],"wp:featuredmedia":[{"embeddable":true,"href":"https:\/\/aromasentia.com\/no\/wp-json\/wp\/v2\/media\/343679"}],"wp:attachment":[{"href":"https:\/\/aromasentia.com\/no\/wp-json\/wp\/v2\/media?parent=209474"}],"wp:term":[{"taxonomy":"product_brand","embeddable":true,"href":"https:\/\/aromasentia.com\/no\/wp-json\/wp\/v2\/product_brand?post=209474"},{"taxonomy":"product_cat","embeddable":true,"href":"https:\/\/aromasentia.com\/no\/wp-json\/wp\/v2\/product_cat?post=209474"},{"taxonomy":"product_tag","embeddable":true,"href":"https:\/\/aromasentia.com\/no\/wp-json\/wp\/v2\/product_tag?post=209474"}],"curies":[{"name":"wp","href":"https:\/\/api.w.org\/{rel}","templated":true}]}}