{"id":209472,"date":"2025-03-22T13:30:22","date_gmt":"2025-03-22T13:30:22","guid":{"rendered":"https:\/\/aromasentia.com\/product\/orgonite-cone-lapis-flower-of-life-suspended-quartz-90-mm\/"},"modified":"2025-05-31T06:14:02","modified_gmt":"2025-05-31T06:14:02","slug":"orgonittkjegle-lapis-flower-of-life-opphengt-kvarts-90-mm","status":"publish","type":"product","link":"https:\/\/aromasentia.com\/no\/orgonittkjegle-lapis-flower-of-life-opphengt-kvarts-90-mm\/","title":{"rendered":"Orgonittkjegle &#8211; Lapis Flower Of Life &#8211; Opphengt Kvarts &#8211; 90 mm"},"content":{"rendered":"<p>Orgonitt er en blanding av katalysert glassfiberharpiks med metallspon, partikler eller pulver, som helles i former.<\/p>\n<p>Orgonitt har blitt sv\u00e6rt popul\u00e6rt som et spirituelt helbredelsesverkt\u00f8y og som beskyttelse mot elektromagnetisk forurensning.<\/p>\n","protected":false},"excerpt":{"rendered":"<p>Orgonitt er en blanding av katalysert glassfiberharpiks med metallspon, partikler eller pulver, som helles i former. Orgonitt har blitt sv\u00e6rt popul\u00e6rt som et spirituelt helbredelsesverkt\u00f8y og som beskyttelse mot elektromagnetisk forurensning.<\/p>\n","protected":false},"featured_media":343645,"comment_status":"closed","ping_status":"open","template":"","meta":{"_angie_page":false},"product_brand":[],"product_cat":[8394,25221,25734,25661,10889],"product_tag":[],"class_list":{"0":"post-209472","1":"product","2":"type-product","3":"status-publish","4":"has-post-thumbnail","6":"product_cat-hjem-og-hage","7":"product_cat-krystaller-edelsteiner","8":"product_cat-kvarts","9":"product_cat-lapis-lazuli","10":"product_cat-orgonite-orgonitt","11":"pa_collection-orgonite-objects-no","12":"pa_made-in-india","14":"first","15":"instock","16":"purchasable","17":"product-type-simple"},"supplier_id":null,"supplier_sku":"Orgn-21","barcode":null,"atum_controlled":true,"out_stock_date":null,"out_stock_threshold":null,"inheritable":false,"inbound_stock":null,"stock_on_hold":0,"sold_today":0,"sales_last_days":0,"reserved_stock":null,"customer_returns":null,"warehouse_damage":null,"lost_in_post":null,"other_logs":null,"out_stock_days":0,"lost_sales":0,"has_location":null,"update_date":"2026-05-04T00:03:59","atum_locations":[],"atum_stock_status":"instock","restock_status":false,"low_stock_amount":"","sales_update_date":"2025-09-05T00:25:27","calc_backorders":null,"_links":{"self":[{"href":"https:\/\/aromasentia.com\/no\/wp-json\/wp\/v2\/product\/209472","targetHints":{"allow":["GET"]}}],"collection":[{"href":"https:\/\/aromasentia.com\/no\/wp-json\/wp\/v2\/product"}],"about":[{"href":"https:\/\/aromasentia.com\/no\/wp-json\/wp\/v2\/types\/product"}],"replies":[{"embeddable":true,"href":"https:\/\/aromasentia.com\/no\/wp-json\/wp\/v2\/comments?post=209472"}],"version-history":[{"count":0,"href":"https:\/\/aromasentia.com\/no\/wp-json\/wp\/v2\/product\/209472\/revisions"}],"wp:featuredmedia":[{"embeddable":true,"href":"https:\/\/aromasentia.com\/no\/wp-json\/wp\/v2\/media\/343645"}],"wp:attachment":[{"href":"https:\/\/aromasentia.com\/no\/wp-json\/wp\/v2\/media?parent=209472"}],"wp:term":[{"taxonomy":"product_brand","embeddable":true,"href":"https:\/\/aromasentia.com\/no\/wp-json\/wp\/v2\/product_brand?post=209472"},{"taxonomy":"product_cat","embeddable":true,"href":"https:\/\/aromasentia.com\/no\/wp-json\/wp\/v2\/product_cat?post=209472"},{"taxonomy":"product_tag","embeddable":true,"href":"https:\/\/aromasentia.com\/no\/wp-json\/wp\/v2\/product_tag?post=209472"}],"curies":[{"name":"wp","href":"https:\/\/api.w.org\/{rel}","templated":true}]}}