{"id":209461,"date":"2025-03-22T13:30:31","date_gmt":"2025-03-22T13:30:31","guid":{"rendered":"https:\/\/aromasentia.com\/product\/selenite-ritual-knife-classic\/"},"modified":"2025-05-31T06:13:15","modified_gmt":"2025-05-31T06:13:15","slug":"selenitt-ritualkniv-klassisk","status":"publish","type":"product","link":"https:\/\/aromasentia.com\/no\/selenitt-ritualkniv-klassisk\/","title":{"rendered":"Selenitt Ritualkniv &#8211; Klassisk"},"content":{"rendered":"<p>Grosshandel selenitt seremonielle kniver er perfekte for alle esoteriske butikker.<\/p>\n<p>Laget og gravert for h\u00e5nd, disse seremonielle knivene er praktfulle, og de vil ogs\u00e5 v\u00e6re perfekte som et dekorativt objekt, enten hjemme eller p\u00e5 et kontor.&nbsp;<\/p>\n<p>Disse gjenstandene er b\u00e5de dekorative, men de har en sterk esoterisk betydning. Selenittkniver kan kutte negative b\u00e5nd, enten det er til en annen person, en situasjon eller et sted, de kutter symbolsk disse b\u00e5ndene som hindrer oss i \u00e5 komme videre.nbsp;<\/p>\n<p>Hvis du allerede tilbyr selenittartikler, vil du ikke ha noen problemer med \u00e5 selge disse selenittseremonielle knivene.<\/p>\n<p>Bestill n\u00e5 og gj\u00f8r det enkelt \u00e5 selge.<\/p>\n<p><span class=\"fr-video fr-deletable fr-fvc fr-dvb fr-draggable\" contenteditable=\"false\" draggable=\"true\"><iframe loading=\"lazy\" width=\"640\" height=\"360\" src=\"https:\/\/www.youtube.com\/embed\/fr06HnON-Bg?autoplay=1&#038;wmode=opaque&#038;rel=0\" frameborder=\"0\" allowfullscreen=\"\" class=\"fr-draggable\"><\/iframe><\/span><\/p>\n<p><\/p>\n","protected":false},"excerpt":{"rendered":"<p>Grosshandel selenitt seremonielle kniver er perfekte for alle esoteriske butikker. Laget og gravert for h\u00e5nd, disse seremonielle knivene er praktfulle, og de vil ogs\u00e5 v\u00e6re perfekte som et dekorativt objekt, enten hjemme eller p\u00e5 et kontor.&nbsp; Disse gjenstandene er b\u00e5de dekorative, men de har en sterk esoterisk betydning. Selenittkniver kan kutte negative b\u00e5nd, enten det [&hellip;]<\/p>\n","protected":false},"featured_media":345990,"comment_status":"closed","ping_status":"open","template":"","meta":{"_angie_page":false},"product_brand":[],"product_cat":[9155,25221,10872],"product_tag":[],"class_list":{"0":"post-209461","1":"product","2":"type-product","3":"status-publish","4":"has-post-thumbnail","6":"product_cat-esoteriske-gaver","7":"product_cat-krystaller-edelsteiner","8":"product_cat-selenitt","9":"pa_collection-selenite-ritual-knife-no","10":"pa_made-in-marokko","12":"first","13":"instock","14":"purchasable","15":"product-type-simple"},"supplier_id":null,"supplier_sku":"SelK-04","barcode":null,"atum_controlled":true,"out_stock_date":null,"out_stock_threshold":null,"inheritable":false,"inbound_stock":null,"stock_on_hold":0,"sold_today":0,"sales_last_days":0,"reserved_stock":null,"customer_returns":null,"warehouse_damage":null,"lost_in_post":null,"other_logs":null,"out_stock_days":0,"lost_sales":0,"has_location":null,"update_date":"2026-04-27T07:20:54","atum_locations":[],"atum_stock_status":"instock","restock_status":false,"low_stock_amount":"","sales_update_date":"2025-09-05T00:26:02","calc_backorders":null,"_links":{"self":[{"href":"https:\/\/aromasentia.com\/no\/wp-json\/wp\/v2\/product\/209461","targetHints":{"allow":["GET"]}}],"collection":[{"href":"https:\/\/aromasentia.com\/no\/wp-json\/wp\/v2\/product"}],"about":[{"href":"https:\/\/aromasentia.com\/no\/wp-json\/wp\/v2\/types\/product"}],"replies":[{"embeddable":true,"href":"https:\/\/aromasentia.com\/no\/wp-json\/wp\/v2\/comments?post=209461"}],"version-history":[{"count":0,"href":"https:\/\/aromasentia.com\/no\/wp-json\/wp\/v2\/product\/209461\/revisions"}],"wp:featuredmedia":[{"embeddable":true,"href":"https:\/\/aromasentia.com\/no\/wp-json\/wp\/v2\/media\/345990"}],"wp:attachment":[{"href":"https:\/\/aromasentia.com\/no\/wp-json\/wp\/v2\/media?parent=209461"}],"wp:term":[{"taxonomy":"product_brand","embeddable":true,"href":"https:\/\/aromasentia.com\/no\/wp-json\/wp\/v2\/product_brand?post=209461"},{"taxonomy":"product_cat","embeddable":true,"href":"https:\/\/aromasentia.com\/no\/wp-json\/wp\/v2\/product_cat?post=209461"},{"taxonomy":"product_tag","embeddable":true,"href":"https:\/\/aromasentia.com\/no\/wp-json\/wp\/v2\/product_tag?post=209461"}],"curies":[{"name":"wp","href":"https:\/\/api.w.org\/{rel}","templated":true}]}}