{"id":209458,"date":"2025-03-22T13:30:31","date_gmt":"2025-03-22T13:30:31","guid":{"rendered":"https:\/\/aromasentia.com\/product\/selenite-ritual-knife-chakra\/"},"modified":"2025-05-31T06:13:08","modified_gmt":"2025-05-31T06:13:08","slug":"ritualkniv-i-selenitt-chakra","status":"publish","type":"product","link":"https:\/\/aromasentia.com\/no\/ritualkniv-i-selenitt-chakra\/","title":{"rendered":"Ritualkniv I Selenitt &#8211; Chakra"},"content":{"rendered":"<p><strong>Selenitt seremonikniver p\u00e5 engros<\/strong> er perfekte for alle esoteriske butikker. Disse seremonielle knivene er laget og gravert for h\u00e5nd, og de vil ogs\u00e5 v\u00e6re perfekte som et dekorativt objekt, enten det er hjemme eller p\u00e5 et kontor. Selenittkniver kan kutte negative b\u00e5nd, enten det er til en annen person, en situasjon eller et sted, de kutter symbolsk disse b\u00e5ndene som hindrer oss i \u00e5 komme videre.&nbsp;<\/p>\n<p>Hvis du allerede tilbyr selenittartikler, vil du ikke ha noen problemer med \u00e5 selge disse selenittseremoniknivene.<\/p>\n<p><span class=\"fr-video fr-deletable fr-fvc fr-dvb fr-draggable fr-active\" contenteditable=\"false\" draggable=\"true\"><iframe loading=\"lazy\" width=\"640\" height=\"360\" src=\"https:\/\/www.youtube.com\/embed\/L8dNu8RUDE8?autoplay=1&#038;wmode=opaque&#038;rel=0\" frameborder=\"0\" allowfullscreen=\"\" class=\"fr-draggable\"><\/iframe><\/span><\/p>\n<p><\/p>\n<p><\/p>\n<p><\/p>\n<p><\/p>\n<p><\/p>\n<p><\/p>\n","protected":false},"excerpt":{"rendered":"<p>Selenitt seremonikniver p\u00e5 engros er perfekte for alle esoteriske butikker. Disse seremonielle knivene er laget og gravert for h\u00e5nd, og de vil ogs\u00e5 v\u00e6re perfekte som et dekorativt objekt, enten det er hjemme eller p\u00e5 et kontor. Selenittkniver kan kutte negative b\u00e5nd, enten det er til en annen person, en situasjon eller et sted, de [&hellip;]<\/p>\n","protected":false},"featured_media":345779,"comment_status":"closed","ping_status":"open","template":"","meta":{"_angie_page":false},"product_brand":[],"product_cat":[9155,25221,10872],"product_tag":[],"class_list":{"0":"post-209458","1":"product","2":"type-product","3":"status-publish","4":"has-post-thumbnail","6":"product_cat-esoteriske-gaver","7":"product_cat-krystaller-edelsteiner","8":"product_cat-selenitt","9":"pa_collection-selenite-ritual-knife-no","10":"pa_made-in-marokko","12":"first","13":"instock","14":"purchasable","15":"product-type-simple"},"supplier_id":null,"supplier_sku":"SelK-01","barcode":null,"atum_controlled":true,"out_stock_date":null,"out_stock_threshold":null,"inheritable":false,"inbound_stock":null,"stock_on_hold":0,"sold_today":0,"sales_last_days":0,"reserved_stock":null,"customer_returns":null,"warehouse_damage":null,"lost_in_post":null,"other_logs":null,"out_stock_days":0,"lost_sales":0,"has_location":null,"update_date":"2026-04-27T07:20:54","atum_locations":[],"atum_stock_status":"instock","restock_status":false,"low_stock_amount":"","sales_update_date":"2026-02-06T00:02:26","calc_backorders":null,"_links":{"self":[{"href":"https:\/\/aromasentia.com\/no\/wp-json\/wp\/v2\/product\/209458","targetHints":{"allow":["GET"]}}],"collection":[{"href":"https:\/\/aromasentia.com\/no\/wp-json\/wp\/v2\/product"}],"about":[{"href":"https:\/\/aromasentia.com\/no\/wp-json\/wp\/v2\/types\/product"}],"replies":[{"embeddable":true,"href":"https:\/\/aromasentia.com\/no\/wp-json\/wp\/v2\/comments?post=209458"}],"version-history":[{"count":0,"href":"https:\/\/aromasentia.com\/no\/wp-json\/wp\/v2\/product\/209458\/revisions"}],"wp:featuredmedia":[{"embeddable":true,"href":"https:\/\/aromasentia.com\/no\/wp-json\/wp\/v2\/media\/345779"}],"wp:attachment":[{"href":"https:\/\/aromasentia.com\/no\/wp-json\/wp\/v2\/media?parent=209458"}],"wp:term":[{"taxonomy":"product_brand","embeddable":true,"href":"https:\/\/aromasentia.com\/no\/wp-json\/wp\/v2\/product_brand?post=209458"},{"taxonomy":"product_cat","embeddable":true,"href":"https:\/\/aromasentia.com\/no\/wp-json\/wp\/v2\/product_cat?post=209458"},{"taxonomy":"product_tag","embeddable":true,"href":"https:\/\/aromasentia.com\/no\/wp-json\/wp\/v2\/product_tag?post=209458"}],"curies":[{"name":"wp","href":"https:\/\/api.w.org\/{rel}","templated":true}]}}