{"id":209451,"date":"2025-03-22T13:30:31","date_gmt":"2025-03-22T13:30:31","guid":{"rendered":"https:\/\/aromasentia.com\/product\/large-charging-plate-18cm-feng-shui\/"},"modified":"2025-05-31T06:12:46","modified_gmt":"2025-05-31T06:12:46","slug":"ladeplate-18cm-feng-shui-stor","status":"publish","type":"product","link":"https:\/\/aromasentia.com\/no\/ladeplate-18cm-feng-shui-stor\/","title":{"rendered":"Ladeplate 18cm &#8211; Feng Shui Stor"},"content":{"rendered":"<p>V\u00e5rt <strong>Aroma Sentia Dropship Europe<\/strong>-utvalg av <strong>Selenitttallerkener<\/strong> vil v\u00e6re perfekt for butikken din. Disse tallerkenene er kuttet og utsk\u00e5ret for h\u00e5nd; du vil spesielt sette pris p\u00e5 detaljfokuset.<\/p>\n<p style=\"text-align: justify;\"><strong>Tilgjengelig i forskjellige st\u00f8rrelser og design<\/strong> slik at hver av kundene dine kan finne det de leter etter. <strong>Selenittstein er kjent for sine fordeler og egenskaper for s\u00f8vn, og for \u00e5 rense luften.<\/strong><\/p>\n<p style=\"text-align: justify;\">Hvis selenitt i et av produktene dine er inkludert, vil du garantert oppdage at disse er spesielt popul\u00e6re varer blant allmennheten.<\/p>\n<p style=\"text-align: justify;\"><strong><span style=\"color: rgb(141, 186, 216);\">Bestill n\u00e5 og lag en vakker utstilling med disse unike selenitttallerkenene.<\/span><\/strong><\/p>\n","protected":false},"excerpt":{"rendered":"<p>V\u00e5rt Aroma Sentia Dropship Europe-utvalg av Selenitttallerkener vil v\u00e6re perfekt for butikken din. Disse tallerkenene er kuttet og utsk\u00e5ret for h\u00e5nd; du vil spesielt sette pris p\u00e5 detaljfokuset. Tilgjengelig i forskjellige st\u00f8rrelser og design slik at hver av kundene dine kan finne det de leter etter. Selenittstein er kjent for sine fordeler og egenskaper for [&hellip;]<\/p>\n","protected":false},"featured_media":345628,"comment_status":"closed","ping_status":"open","template":"","meta":{"_angie_page":false},"product_brand":[],"product_cat":[9155,10872],"product_tag":[],"class_list":{"0":"post-209451","1":"product","2":"type-product","3":"status-publish","4":"has-post-thumbnail","6":"product_cat-esoteriske-gaver","7":"product_cat-selenitt","8":"pa_collection-selenite-plates-no","9":"pa_made-in-marokko","11":"first","12":"instock","13":"purchasable","14":"product-type-simple"},"supplier_id":null,"supplier_sku":"SelCP-10","barcode":null,"atum_controlled":true,"out_stock_date":null,"out_stock_threshold":null,"inheritable":false,"inbound_stock":null,"stock_on_hold":0,"sold_today":0,"sales_last_days":0,"reserved_stock":null,"customer_returns":null,"warehouse_damage":null,"lost_in_post":null,"other_logs":null,"out_stock_days":0,"lost_sales":0,"has_location":null,"update_date":"2026-05-04T00:04:58","atum_locations":[],"atum_stock_status":"instock","restock_status":false,"low_stock_amount":"","sales_update_date":"2026-02-06T00:01:44","calc_backorders":null,"_links":{"self":[{"href":"https:\/\/aromasentia.com\/no\/wp-json\/wp\/v2\/product\/209451","targetHints":{"allow":["GET"]}}],"collection":[{"href":"https:\/\/aromasentia.com\/no\/wp-json\/wp\/v2\/product"}],"about":[{"href":"https:\/\/aromasentia.com\/no\/wp-json\/wp\/v2\/types\/product"}],"replies":[{"embeddable":true,"href":"https:\/\/aromasentia.com\/no\/wp-json\/wp\/v2\/comments?post=209451"}],"version-history":[{"count":0,"href":"https:\/\/aromasentia.com\/no\/wp-json\/wp\/v2\/product\/209451\/revisions"}],"wp:featuredmedia":[{"embeddable":true,"href":"https:\/\/aromasentia.com\/no\/wp-json\/wp\/v2\/media\/345628"}],"wp:attachment":[{"href":"https:\/\/aromasentia.com\/no\/wp-json\/wp\/v2\/media?parent=209451"}],"wp:term":[{"taxonomy":"product_brand","embeddable":true,"href":"https:\/\/aromasentia.com\/no\/wp-json\/wp\/v2\/product_brand?post=209451"},{"taxonomy":"product_cat","embeddable":true,"href":"https:\/\/aromasentia.com\/no\/wp-json\/wp\/v2\/product_cat?post=209451"},{"taxonomy":"product_tag","embeddable":true,"href":"https:\/\/aromasentia.com\/no\/wp-json\/wp\/v2\/product_tag?post=209451"}],"curies":[{"name":"wp","href":"https:\/\/api.w.org\/{rel}","templated":true}]}}