{"id":209441,"date":"2025-03-22T13:30:31","date_gmt":"2025-03-22T13:30:31","guid":{"rendered":"https:\/\/aromasentia.com\/product\/selenite-hamsa-candle-holder\/"},"modified":"2025-05-31T06:11:56","modified_gmt":"2025-05-31T06:11:56","slug":"hamsa-lysestake-i-selenitt","status":"publish","type":"product","link":"https:\/\/aromasentia.com\/no\/hamsa-lysestake-i-selenitt\/","title":{"rendered":"Hamsa Lysestake I Selenitt"},"content":{"rendered":"<p>Selenitt, som er en slags gjennomsiktig krystall, lar flammen fra stearinlyset blafre litt gjennom veggene i lysestaken. Kantene p\u00e5 lysestakene er ru, noe som er naturlig for selenitt.<\/p>\n<p><\/p>\n<p>Selenitt-lysestaker er skinnende og noen ganger med hvitere omr\u00e5der. Toppen av hver lysestake er polert, og undersiden er flatsk\u00e5ret.<\/p>\n<p><\/p>\n<p>St\u00f8rrelser: bredde 10 cm, lengde 6,5 cm, h\u00f8yde 3,5 cm<\/p>\n","protected":false},"excerpt":{"rendered":"<p>Selenitt, som er en slags gjennomsiktig krystall, lar flammen fra stearinlyset blafre litt gjennom veggene i lysestaken. Kantene p\u00e5 lysestakene er ru, noe som er naturlig for selenitt. Selenitt-lysestaker er skinnende og noen ganger med hvitere omr\u00e5der. Toppen av hver lysestake er polert, og undersiden er flatsk\u00e5ret. St\u00f8rrelser: bredde 10 cm, lengde 6,5 cm, h\u00f8yde [&hellip;]<\/p>\n","protected":false},"featured_media":345434,"comment_status":"closed","ping_status":"open","template":"","meta":{"_angie_page":false},"product_brand":[],"product_cat":[9155,25221,10872],"product_tag":[],"class_list":{"0":"post-209441","1":"product","2":"type-product","3":"status-publish","4":"has-post-thumbnail","6":"product_cat-esoteriske-gaver","7":"product_cat-krystaller-edelsteiner","8":"product_cat-selenitt","9":"pa_collection-selenite-candle-holders-no","10":"pa_made-in-marokko","12":"first","13":"instock","14":"purchasable","15":"product-type-simple"},"supplier_id":null,"supplier_sku":"SelCH-09","barcode":null,"atum_controlled":true,"out_stock_date":null,"out_stock_threshold":null,"inheritable":false,"inbound_stock":null,"stock_on_hold":0,"sold_today":0,"sales_last_days":0,"reserved_stock":null,"customer_returns":null,"warehouse_damage":null,"lost_in_post":null,"other_logs":null,"out_stock_days":0,"lost_sales":0,"has_location":null,"update_date":"2026-05-04T00:04:58","atum_locations":[],"atum_stock_status":"instock","restock_status":false,"low_stock_amount":"","sales_update_date":"2026-01-30T01:25:33","calc_backorders":null,"_links":{"self":[{"href":"https:\/\/aromasentia.com\/no\/wp-json\/wp\/v2\/product\/209441","targetHints":{"allow":["GET"]}}],"collection":[{"href":"https:\/\/aromasentia.com\/no\/wp-json\/wp\/v2\/product"}],"about":[{"href":"https:\/\/aromasentia.com\/no\/wp-json\/wp\/v2\/types\/product"}],"replies":[{"embeddable":true,"href":"https:\/\/aromasentia.com\/no\/wp-json\/wp\/v2\/comments?post=209441"}],"version-history":[{"count":0,"href":"https:\/\/aromasentia.com\/no\/wp-json\/wp\/v2\/product\/209441\/revisions"}],"wp:featuredmedia":[{"embeddable":true,"href":"https:\/\/aromasentia.com\/no\/wp-json\/wp\/v2\/media\/345434"}],"wp:attachment":[{"href":"https:\/\/aromasentia.com\/no\/wp-json\/wp\/v2\/media?parent=209441"}],"wp:term":[{"taxonomy":"product_brand","embeddable":true,"href":"https:\/\/aromasentia.com\/no\/wp-json\/wp\/v2\/product_brand?post=209441"},{"taxonomy":"product_cat","embeddable":true,"href":"https:\/\/aromasentia.com\/no\/wp-json\/wp\/v2\/product_cat?post=209441"},{"taxonomy":"product_tag","embeddable":true,"href":"https:\/\/aromasentia.com\/no\/wp-json\/wp\/v2\/product_tag?post=209441"}],"curies":[{"name":"wp","href":"https:\/\/api.w.org\/{rel}","templated":true}]}}