{"id":209437,"date":"2025-03-22T13:30:31","date_gmt":"2025-03-22T13:30:31","guid":{"rendered":"https:\/\/aromasentia.com\/product\/selenite-cylinder-candle-holder-20-cm\/"},"modified":"2025-05-31T06:11:41","modified_gmt":"2025-05-31T06:11:41","slug":"sylinder-lysestake-i-selenitt-20-cm","status":"publish","type":"product","link":"https:\/\/aromasentia.com\/no\/sylinder-lysestake-i-selenitt-20-cm\/","title":{"rendered":"Sylinder Lysestake I Selenitt &#8211; 20 cm"},"content":{"rendered":"<p>Selenitt, som er en slags gjennomsiktig krystall, lar flammen fra stearinlyset blafre litt gjennom veggene i lysestaken. Kantene p\u00e5 lysestakene er ru, noe som er naturlig for selenitt.<\/p>\n<p><\/p>\n<p>Selenittlysestaker er skinnende og noen ganger med hvitere omr\u00e5der. Toppen av hver lysestake er polert, og undersiden er flatsk\u00e5ret.<\/p>\n<p><\/p>\n<p>St\u00f8rrelser: Diameter 8 cm, h\u00f8yde 20 cm<\/p>\n","protected":false},"excerpt":{"rendered":"<p>Selenitt, som er en slags gjennomsiktig krystall, lar flammen fra stearinlyset blafre litt gjennom veggene i lysestaken. Kantene p\u00e5 lysestakene er ru, noe som er naturlig for selenitt. Selenittlysestaker er skinnende og noen ganger med hvitere omr\u00e5der. Toppen av hver lysestake er polert, og undersiden er flatsk\u00e5ret. St\u00f8rrelser: Diameter 8 cm, h\u00f8yde 20 cm<\/p>\n","protected":false},"featured_media":345398,"comment_status":"closed","ping_status":"open","template":"","meta":{"_angie_page":false},"product_brand":[],"product_cat":[9155,25221,10872],"product_tag":[],"class_list":{"0":"post-209437","1":"product","2":"type-product","3":"status-publish","4":"has-post-thumbnail","6":"product_cat-esoteriske-gaver","7":"product_cat-krystaller-edelsteiner","8":"product_cat-selenitt","9":"pa_collection-selenite-candle-holders-no","10":"pa_made-in-marokko","12":"first","13":"instock","14":"purchasable","15":"product-type-simple"},"supplier_id":null,"supplier_sku":"SelCH-05","barcode":null,"atum_controlled":true,"out_stock_date":null,"out_stock_threshold":null,"inheritable":false,"inbound_stock":null,"stock_on_hold":0,"sold_today":0,"sales_last_days":0,"reserved_stock":null,"customer_returns":null,"warehouse_damage":null,"lost_in_post":null,"other_logs":null,"out_stock_days":0,"lost_sales":0,"has_location":null,"update_date":"2026-04-27T07:20:48","atum_locations":[],"atum_stock_status":"instock","restock_status":false,"low_stock_amount":"","sales_update_date":"2026-01-20T05:13:57","calc_backorders":null,"_links":{"self":[{"href":"https:\/\/aromasentia.com\/no\/wp-json\/wp\/v2\/product\/209437","targetHints":{"allow":["GET"]}}],"collection":[{"href":"https:\/\/aromasentia.com\/no\/wp-json\/wp\/v2\/product"}],"about":[{"href":"https:\/\/aromasentia.com\/no\/wp-json\/wp\/v2\/types\/product"}],"replies":[{"embeddable":true,"href":"https:\/\/aromasentia.com\/no\/wp-json\/wp\/v2\/comments?post=209437"}],"version-history":[{"count":0,"href":"https:\/\/aromasentia.com\/no\/wp-json\/wp\/v2\/product\/209437\/revisions"}],"wp:featuredmedia":[{"embeddable":true,"href":"https:\/\/aromasentia.com\/no\/wp-json\/wp\/v2\/media\/345398"}],"wp:attachment":[{"href":"https:\/\/aromasentia.com\/no\/wp-json\/wp\/v2\/media?parent=209437"}],"wp:term":[{"taxonomy":"product_brand","embeddable":true,"href":"https:\/\/aromasentia.com\/no\/wp-json\/wp\/v2\/product_brand?post=209437"},{"taxonomy":"product_cat","embeddable":true,"href":"https:\/\/aromasentia.com\/no\/wp-json\/wp\/v2\/product_cat?post=209437"},{"taxonomy":"product_tag","embeddable":true,"href":"https:\/\/aromasentia.com\/no\/wp-json\/wp\/v2\/product_tag?post=209437"}],"curies":[{"name":"wp","href":"https:\/\/api.w.org\/{rel}","templated":true}]}}