{"id":209431,"date":"2025-03-22T13:30:31","date_gmt":"2025-03-22T13:30:31","guid":{"rendered":"https:\/\/aromasentia.com\/product\/selenite-block-lamp-25cm-chakra-lamp\/"},"modified":"2025-05-31T06:11:18","modified_gmt":"2025-05-31T06:11:18","slug":"selenitt-blokklampe-25-cm-chakra-lampe","status":"publish","type":"product","link":"https:\/\/aromasentia.com\/no\/selenitt-blokklampe-25-cm-chakra-lampe\/","title":{"rendered":"Selenitt blokklampe 25 cm &#8211; Chakra-Lampe"},"content":{"rendered":"<p><strong>Selenittblokklampe 25 cm &#8211; Chakra<\/strong> er perfekt for alle dine kunder som elsker esoterisme eller gjenstander med dyder.<\/p>\n<p>Disse lampene er laget av naturlig selenittstein, de er deretter kuttet i blokker og dekorert for h\u00e5nd for et helt fantastisk resultat!<\/p>\n<p>Selenittblokklampen m\u00e5ler omtrent 25 cm, den leveres med en kabel (EU-type) og en p\u00e6re slik at du kan selge dem direkte og enkelt.<\/strong><\/p>\n<p>Selenitt er kjent for sine rensende egenskaper og \u00e5 fremme en avslappende s\u00f8vn, s\u00e5 de vil v\u00e6re perfekte for kundenes stuer, eller som nattbordslampe p\u00e5 et nattbord, for eksempel.<\/p>\n<p>Merk: Hver lampe er unik. P\u00e5 grunn av varens natur og produksjonsprosessen kan designene variere.<\/p>\n<p><strong><span style=\"color: rgb(141, 186, 216);\">\u00d8k salget ditt med denne unike selenittblokklampen. Bestill n\u00e5.<\/span><\/strong><\/p>\n","protected":false},"excerpt":{"rendered":"<p>Selenittblokklampe 25 cm &#8211; Chakra er perfekt for alle dine kunder som elsker esoterisme eller gjenstander med dyder. Disse lampene er laget av naturlig selenittstein, de er deretter kuttet i blokker og dekorert for h\u00e5nd for et helt fantastisk resultat! Selenittblokklampen m\u00e5ler omtrent 25 cm, den leveres med en kabel (EU-type) og en p\u00e6re slik [&hellip;]<\/p>\n","protected":false},"featured_media":345296,"comment_status":"closed","ping_status":"open","template":"","meta":{"_angie_page":false},"product_brand":[],"product_cat":[9155,25221,10872],"product_tag":[],"class_list":{"0":"post-209431","1":"product","2":"type-product","3":"status-publish","4":"has-post-thumbnail","6":"product_cat-esoteriske-gaver","7":"product_cat-krystaller-edelsteiner","8":"product_cat-selenitt","9":"pa_collection-selenite-block-lamp-no","10":"pa_made-in-marokko","12":"first","13":"instock","14":"purchasable","15":"product-type-simple"},"supplier_id":null,"supplier_sku":"SelBL-01","barcode":null,"atum_controlled":true,"out_stock_date":null,"out_stock_threshold":null,"inheritable":false,"inbound_stock":null,"stock_on_hold":0,"sold_today":0,"sales_last_days":0,"reserved_stock":null,"customer_returns":null,"warehouse_damage":null,"lost_in_post":null,"other_logs":null,"out_stock_days":0,"lost_sales":0,"has_location":null,"update_date":"2026-04-27T07:20:48","atum_locations":[],"atum_stock_status":"instock","restock_status":false,"low_stock_amount":"","sales_update_date":"2025-09-05T00:25:53","calc_backorders":null,"_links":{"self":[{"href":"https:\/\/aromasentia.com\/no\/wp-json\/wp\/v2\/product\/209431","targetHints":{"allow":["GET"]}}],"collection":[{"href":"https:\/\/aromasentia.com\/no\/wp-json\/wp\/v2\/product"}],"about":[{"href":"https:\/\/aromasentia.com\/no\/wp-json\/wp\/v2\/types\/product"}],"replies":[{"embeddable":true,"href":"https:\/\/aromasentia.com\/no\/wp-json\/wp\/v2\/comments?post=209431"}],"version-history":[{"count":0,"href":"https:\/\/aromasentia.com\/no\/wp-json\/wp\/v2\/product\/209431\/revisions"}],"wp:featuredmedia":[{"embeddable":true,"href":"https:\/\/aromasentia.com\/no\/wp-json\/wp\/v2\/media\/345296"}],"wp:attachment":[{"href":"https:\/\/aromasentia.com\/no\/wp-json\/wp\/v2\/media?parent=209431"}],"wp:term":[{"taxonomy":"product_brand","embeddable":true,"href":"https:\/\/aromasentia.com\/no\/wp-json\/wp\/v2\/product_brand?post=209431"},{"taxonomy":"product_cat","embeddable":true,"href":"https:\/\/aromasentia.com\/no\/wp-json\/wp\/v2\/product_cat?post=209431"},{"taxonomy":"product_tag","embeddable":true,"href":"https:\/\/aromasentia.com\/no\/wp-json\/wp\/v2\/product_tag?post=209431"}],"curies":[{"name":"wp","href":"https:\/\/api.w.org\/{rel}","templated":true}]}}