{"id":209427,"date":"2025-03-22T13:30:31","date_gmt":"2025-03-22T13:30:31","guid":{"rendered":"https:\/\/aromasentia.com\/product\/selenite-hex-bowl-6cm\/"},"modified":"2025-05-31T06:11:04","modified_gmt":"2025-05-31T06:11:04","slug":"selenitt-sekskantet-skal-6-cm","status":"publish","type":"product","link":"https:\/\/aromasentia.com\/no\/selenitt-sekskantet-skal-6-cm\/","title":{"rendered":"Selenitt Sekskantet Sk\u00e5l &#8211; 6 cm"},"content":{"rendered":"<p><strong>Selenite Hex Bowl<\/strong> er en liten, men fantastisk innredning til hjemmet som er b\u00e5de vakker og funksjonell. Denne sekskantede sk\u00e5len er laget av naturlig selenitt, et gjennomskinnelig mineral med beroligende egenskaper. Den m\u00e5ler 6 cm i diameter og er perfekt til \u00e5 oppbevare sm\u00e5 pyntegjenstander, smykker eller andre sm\u00e5ting i. <\/p>\n<p>Selenittsk\u00e5lens glatte overflate gir et elegant preg til ethvert rom, og de naturlige variasjonene i steinen gj\u00f8r hvert enkelt eksemplar til et unikum. Selenitt antas ogs\u00e5 \u00e5 ha helbredende egenskaper og brukes ofte i meditasjon og energiarbeid.<\/p>\n<p>Den sekskantede formen p\u00e5 denne selenittsk\u00e5len gir et interessant og moderne preg til ethvert rom, og den kan brukes til \u00e5 oppbevare alt fra sm\u00e5 krystaller til spesielle pyntegjenstander. Den lille st\u00f8rrelsen gj\u00f8r den perfekt til bruk p\u00e5 nattbordet eller til \u00e5 ta med seg p\u00e5 farten, og den unike formen gj\u00f8r den til et i\u00f8ynefallende tilskudd til ethvert rom.<\/p>\n<p>Selenite Hex Bowl er et unikt og meningsfylt innredningsstykke som vil forbedre ethvert rom med sin naturlige skj\u00f8nnhet. Den er ogs\u00e5 en flott gave til alle som setter pris p\u00e5 kraften i helbredende krystaller eller moderne og unik boliginnredning.<\/p>\n<p>\n","protected":false},"excerpt":{"rendered":"<p>Selenite Hex Bowl er en liten, men fantastisk innredning til hjemmet som er b\u00e5de vakker og funksjonell. Denne sekskantede sk\u00e5len er laget av naturlig selenitt, et gjennomskinnelig mineral med beroligende egenskaper. Den m\u00e5ler 6 cm i diameter og er perfekt til \u00e5 oppbevare sm\u00e5 pyntegjenstander, smykker eller andre sm\u00e5ting i. Selenittsk\u00e5lens glatte overflate gir et [&hellip;]<\/p>\n","protected":false},"featured_media":345148,"comment_status":"closed","ping_status":"open","template":"","meta":{"_angie_page":false},"product_brand":[],"product_cat":[8394,9163,25221,10872],"product_tag":[],"class_list":{"0":"post-209427","1":"product","2":"type-product","3":"status-publish","4":"has-post-thumbnail","6":"product_cat-hjem-og-hage","7":"product_cat-inspirasjon","8":"product_cat-krystaller-edelsteiner","9":"product_cat-selenitt","10":"pa_collection-selenite-bowls-no","11":"pa_made-in-marokko","13":"first","14":"instock","15":"purchasable","16":"product-type-simple"},"supplier_id":null,"supplier_sku":"SelB-11","barcode":null,"atum_controlled":true,"out_stock_date":null,"out_stock_threshold":null,"inheritable":false,"inbound_stock":null,"stock_on_hold":0,"sold_today":0,"sales_last_days":0,"reserved_stock":null,"customer_returns":null,"warehouse_damage":null,"lost_in_post":null,"other_logs":null,"out_stock_days":0,"lost_sales":0,"has_location":null,"update_date":"2026-05-04T00:04:58","atum_locations":[],"atum_stock_status":"instock","restock_status":false,"low_stock_amount":"","sales_update_date":"2026-02-06T00:02:34","calc_backorders":null,"_links":{"self":[{"href":"https:\/\/aromasentia.com\/no\/wp-json\/wp\/v2\/product\/209427","targetHints":{"allow":["GET"]}}],"collection":[{"href":"https:\/\/aromasentia.com\/no\/wp-json\/wp\/v2\/product"}],"about":[{"href":"https:\/\/aromasentia.com\/no\/wp-json\/wp\/v2\/types\/product"}],"replies":[{"embeddable":true,"href":"https:\/\/aromasentia.com\/no\/wp-json\/wp\/v2\/comments?post=209427"}],"version-history":[{"count":0,"href":"https:\/\/aromasentia.com\/no\/wp-json\/wp\/v2\/product\/209427\/revisions"}],"wp:featuredmedia":[{"embeddable":true,"href":"https:\/\/aromasentia.com\/no\/wp-json\/wp\/v2\/media\/345148"}],"wp:attachment":[{"href":"https:\/\/aromasentia.com\/no\/wp-json\/wp\/v2\/media?parent=209427"}],"wp:term":[{"taxonomy":"product_brand","embeddable":true,"href":"https:\/\/aromasentia.com\/no\/wp-json\/wp\/v2\/product_brand?post=209427"},{"taxonomy":"product_cat","embeddable":true,"href":"https:\/\/aromasentia.com\/no\/wp-json\/wp\/v2\/product_cat?post=209427"},{"taxonomy":"product_tag","embeddable":true,"href":"https:\/\/aromasentia.com\/no\/wp-json\/wp\/v2\/product_tag?post=209427"}],"curies":[{"name":"wp","href":"https:\/\/api.w.org\/{rel}","templated":true}]}}