{"id":209422,"date":"2025-03-22T13:30:31","date_gmt":"2025-03-22T13:30:31","guid":{"rendered":"https:\/\/aromasentia.com\/product\/selenite-moon-bowl-15cm\/"},"modified":"2025-05-31T06:10:30","modified_gmt":"2025-05-31T06:10:30","slug":"selenitt-maneskal-15-cm","status":"publish","type":"product","link":"https:\/\/aromasentia.com\/no\/selenitt-maneskal-15-cm\/","title":{"rendered":"Selenitt M\u00e5nesk\u00e5l &#8211; 15 cm"},"content":{"rendered":"<p><strong>Selenite Moon Bowl<\/strong> er et unikt og mystisk innredningsobjekt laget av naturlig selenitt, et gjennomskinnelig mineral med beroligende og lindrende egenskaper. Sk\u00e5len er formet som en halvm\u00e5ne og m\u00e5ler 15 cm i diameter.<\/p>\n<p>Den glatte overflaten p\u00e5 selenittsk\u00e5len tilf\u00f8rer et snev av eleganse til ethvert rom, og de naturlige variasjonene i steinen gj\u00f8r hvert enkelt eksemplar unikt. Selenitt antas ogs\u00e5 \u00e5 ha helbredende egenskaper og brukes ofte i meditasjon og energiarbeid.<\/p>\n<p>Selenittsk\u00e5lens halvm\u00e5neform gir et himmelsk og magisk preg til ethvert rom, og den kan brukes til \u00e5 oppbevare alt fra sm\u00e5 krystaller til spesielle pyntegjenstander. Den kan ogs\u00e5 brukes i ritualer eller seremonier knyttet til m\u00e5nens faser, eller til \u00e5 sette intensjoner knyttet til \u00e5 manifestere overflod og vekst.<\/p>\n<p>Selenite Moon Bowl er et unikt og meningsfylt stykke hjemmedekor som vil forbedre ethvert rom med sin naturlige skj\u00f8nnhet og mystiske egenskaper. Den er ogs\u00e5 en flott gave til alle som setter pris p\u00e5 de \u00e5ndelige og mystiske aspektene ved livet, eller som \u00f8nsker \u00e5 tilf\u00f8re et snev av himmelsk energi til innredningen sin.<\/p>\n<p>\n","protected":false},"excerpt":{"rendered":"<p>Selenite Moon Bowl er et unikt og mystisk innredningsobjekt laget av naturlig selenitt, et gjennomskinnelig mineral med beroligende og lindrende egenskaper. Sk\u00e5len er formet som en halvm\u00e5ne og m\u00e5ler 15 cm i diameter. Den glatte overflaten p\u00e5 selenittsk\u00e5len tilf\u00f8rer et snev av eleganse til ethvert rom, og de naturlige variasjonene i steinen gj\u00f8r hvert enkelt [&hellip;]<\/p>\n","protected":false},"featured_media":344935,"comment_status":"closed","ping_status":"open","template":"","meta":{"_angie_page":false},"product_brand":[],"product_cat":[8394,9163,25221,10872],"product_tag":[],"class_list":{"0":"post-209422","1":"product","2":"type-product","3":"status-publish","4":"has-post-thumbnail","6":"product_cat-hjem-og-hage","7":"product_cat-inspirasjon","8":"product_cat-krystaller-edelsteiner","9":"product_cat-selenitt","10":"pa_collection-selenite-bowls-no","11":"pa_made-in-marokko","13":"first","14":"instock","15":"purchasable","16":"product-type-simple"},"supplier_id":null,"supplier_sku":"SelB-06","barcode":null,"atum_controlled":true,"out_stock_date":null,"out_stock_threshold":null,"inheritable":false,"inbound_stock":null,"stock_on_hold":0,"sold_today":0,"sales_last_days":0,"reserved_stock":null,"customer_returns":null,"warehouse_damage":null,"lost_in_post":null,"other_logs":null,"out_stock_days":0,"lost_sales":0,"has_location":null,"update_date":"2026-04-27T07:20:42","atum_locations":[],"atum_stock_status":"instock","restock_status":false,"low_stock_amount":"","sales_update_date":"2026-01-30T01:24:22","calc_backorders":null,"_links":{"self":[{"href":"https:\/\/aromasentia.com\/no\/wp-json\/wp\/v2\/product\/209422","targetHints":{"allow":["GET"]}}],"collection":[{"href":"https:\/\/aromasentia.com\/no\/wp-json\/wp\/v2\/product"}],"about":[{"href":"https:\/\/aromasentia.com\/no\/wp-json\/wp\/v2\/types\/product"}],"replies":[{"embeddable":true,"href":"https:\/\/aromasentia.com\/no\/wp-json\/wp\/v2\/comments?post=209422"}],"version-history":[{"count":0,"href":"https:\/\/aromasentia.com\/no\/wp-json\/wp\/v2\/product\/209422\/revisions"}],"wp:featuredmedia":[{"embeddable":true,"href":"https:\/\/aromasentia.com\/no\/wp-json\/wp\/v2\/media\/344935"}],"wp:attachment":[{"href":"https:\/\/aromasentia.com\/no\/wp-json\/wp\/v2\/media?parent=209422"}],"wp:term":[{"taxonomy":"product_brand","embeddable":true,"href":"https:\/\/aromasentia.com\/no\/wp-json\/wp\/v2\/product_brand?post=209422"},{"taxonomy":"product_cat","embeddable":true,"href":"https:\/\/aromasentia.com\/no\/wp-json\/wp\/v2\/product_cat?post=209422"},{"taxonomy":"product_tag","embeddable":true,"href":"https:\/\/aromasentia.com\/no\/wp-json\/wp\/v2\/product_tag?post=209422"}],"curies":[{"name":"wp","href":"https:\/\/api.w.org\/{rel}","templated":true}]}}