{"id":209420,"date":"2025-03-22T13:30:31","date_gmt":"2025-03-22T13:30:31","guid":{"rendered":"https:\/\/aromasentia.com\/product\/selenite-heart-bowl-15cm\/"},"modified":"2025-05-31T06:10:24","modified_gmt":"2025-05-31T06:10:24","slug":"skal-med-selenitt-hjerte-15-cm","status":"publish","type":"product","link":"https:\/\/aromasentia.com\/no\/skal-med-selenitt-hjerte-15-cm\/","title":{"rendered":"Sk\u00e5l med Selenitt hjerte &#8211; 15 cm"},"content":{"rendered":"<p><strong>Selenite Heart Bowl<\/strong> er et fantastisk og unikt innredningsobjekt som er b\u00e5de vakkert og funksjonelt. Sk\u00e5len er laget av naturlig selenitt, et gjennomskinnelig mineral med beroligende og lindrende egenskaper, og er formet som et hjerte med en diameter p\u00e5 15 cm.<\/p>\n<p>Selenittsk\u00e5lens glatte overflate tilf\u00f8rer ethvert rom et snev av eleganse, og de naturlige variasjonene i steinen gj\u00f8r hvert enkelt eksemplar unikt. Selenitt antas ogs\u00e5 \u00e5 ha helbredende egenskaper og brukes ofte i meditasjon og energiarbeid.<\/p>\n<p>Hjerteformen p\u00e5 denne selenittsk\u00e5len tilf\u00f8rer en romantisk og kj\u00e6rlig f\u00f8lelse til ethvert rom, og den kan brukes til \u00e5 oppbevare alt fra sm\u00e5 krystaller til spesielle pyntegjenstander. Den kan ogs\u00e5 brukes i ritualer eller seremonier for \u00e5 hedre kj\u00e6rlighetens kraft eller for \u00e5 sette intensjoner knyttet til egenkj\u00e6rlighet og medf\u00f8lelse.<\/p>\n<p>Selenite Heart Bowl er et unikt og meningsfylt innredningsstykke som vil forbedre ethvert rom med sin naturlige skj\u00f8nnhet. Den er ogs\u00e5 en flott gave til alle som setter pris p\u00e5 de mystiske og \u00e5ndelige aspektene ved livet, eller som \u00f8nsker \u00e5 tilf\u00f8re et snev av romantikk og kj\u00e6rlighet til innredningen sin.<\/p>\n","protected":false},"excerpt":{"rendered":"<p>Selenite Heart Bowl er et fantastisk og unikt innredningsobjekt som er b\u00e5de vakkert og funksjonelt. Sk\u00e5len er laget av naturlig selenitt, et gjennomskinnelig mineral med beroligende og lindrende egenskaper, og er formet som et hjerte med en diameter p\u00e5 15 cm. Selenittsk\u00e5lens glatte overflate tilf\u00f8rer ethvert rom et snev av eleganse, og de naturlige variasjonene [&hellip;]<\/p>\n","protected":false},"featured_media":344837,"comment_status":"closed","ping_status":"open","template":"","meta":{"_angie_page":false},"product_brand":[],"product_cat":[8394,9163,25221,10872],"product_tag":[],"class_list":{"0":"post-209420","1":"product","2":"type-product","3":"status-publish","4":"has-post-thumbnail","6":"product_cat-hjem-og-hage","7":"product_cat-inspirasjon","8":"product_cat-krystaller-edelsteiner","9":"product_cat-selenitt","10":"pa_collection-selenite-bowls-no","11":"pa_made-in-marokko","13":"first","14":"instock","15":"purchasable","16":"product-type-simple"},"supplier_id":null,"supplier_sku":"SelB-04","barcode":null,"atum_controlled":true,"out_stock_date":null,"out_stock_threshold":null,"inheritable":false,"inbound_stock":null,"stock_on_hold":0,"sold_today":0,"sales_last_days":0,"reserved_stock":null,"customer_returns":null,"warehouse_damage":null,"lost_in_post":null,"other_logs":null,"out_stock_days":0,"lost_sales":0,"has_location":null,"update_date":"2026-05-04T00:04:58","atum_locations":[],"atum_stock_status":"instock","restock_status":false,"low_stock_amount":"","sales_update_date":"2025-09-05T00:25:43","calc_backorders":null,"_links":{"self":[{"href":"https:\/\/aromasentia.com\/no\/wp-json\/wp\/v2\/product\/209420","targetHints":{"allow":["GET"]}}],"collection":[{"href":"https:\/\/aromasentia.com\/no\/wp-json\/wp\/v2\/product"}],"about":[{"href":"https:\/\/aromasentia.com\/no\/wp-json\/wp\/v2\/types\/product"}],"replies":[{"embeddable":true,"href":"https:\/\/aromasentia.com\/no\/wp-json\/wp\/v2\/comments?post=209420"}],"version-history":[{"count":0,"href":"https:\/\/aromasentia.com\/no\/wp-json\/wp\/v2\/product\/209420\/revisions"}],"wp:featuredmedia":[{"embeddable":true,"href":"https:\/\/aromasentia.com\/no\/wp-json\/wp\/v2\/media\/344837"}],"wp:attachment":[{"href":"https:\/\/aromasentia.com\/no\/wp-json\/wp\/v2\/media?parent=209420"}],"wp:term":[{"taxonomy":"product_brand","embeddable":true,"href":"https:\/\/aromasentia.com\/no\/wp-json\/wp\/v2\/product_brand?post=209420"},{"taxonomy":"product_cat","embeddable":true,"href":"https:\/\/aromasentia.com\/no\/wp-json\/wp\/v2\/product_cat?post=209420"},{"taxonomy":"product_tag","embeddable":true,"href":"https:\/\/aromasentia.com\/no\/wp-json\/wp\/v2\/product_tag?post=209420"}],"curies":[{"name":"wp","href":"https:\/\/api.w.org\/{rel}","templated":true}]}}