{"id":209419,"date":"2025-03-22T13:30:31","date_gmt":"2025-03-22T13:30:31","guid":{"rendered":"https:\/\/aromasentia.com\/product\/selenite-heart-bowl-10cm\/"},"modified":"2025-05-31T06:10:20","modified_gmt":"2025-05-31T06:10:20","slug":"skal-med-selenitt-hjerte-10-cm","status":"publish","type":"product","link":"https:\/\/aromasentia.com\/no\/skal-med-selenitt-hjerte-10-cm\/","title":{"rendered":"Sk\u00e5l med Selenitt hjerte &#8211; 10 cm"},"content":{"rendered":"<p><strong>Selenite Heart Bowl<\/strong> er et vakkert og unikt innredningsobjekt som b\u00e5de er funksjonelt og estetisk tiltalende. Den hjerteformede sk\u00e5len er laget av naturlig selenitt, et gjennomskinnelig mineral med beroligende egenskaper. Den m\u00e5ler 10 cm i diameter og er perfekt til \u00e5 oppbevare sm\u00e5 pyntegjenstander, smykker eller andre sm\u00e5ting i. <\/p>\n<p>Selenittsk\u00e5lens glatte overflate gir et elegant preg til ethvert rom, og de naturlige variasjonene i steinen gj\u00f8r hvert enkelt eksemplar unikt. Selenitt antas ogs\u00e5 \u00e5 ha helbredende egenskaper og brukes ofte i meditasjon og energiarbeid.<\/p>\n<p>Hjerteformen p\u00e5 denne selenittsk\u00e5len gj\u00f8r den til en spesielt omtenksom gave til en kj\u00e6r, venn eller et familiemedlem. Den kan brukes til \u00e5 oppbevare sentimentale pyntegjenstander, som smykker eller sm\u00e5 minner, eller til \u00e5 tilf\u00f8re rommet et snev av skj\u00f8nnhet og ro.<\/p>\n<p>Selenittsk\u00e5len er et unikt og meningsfylt innredningsobjekt som vil forbedre ethvert rom med sin naturlige skj\u00f8nnhet.<\/p>\n<\/p>\n<p>Selenittsk\u00e5len er et unikt og meningsfylt innredningsobjekt som vil forbedre ethvert rom med sin naturlige skj\u00f8nnhet.<\/p>\n","protected":false},"excerpt":{"rendered":"<p>Selenite Heart Bowl er et vakkert og unikt innredningsobjekt som b\u00e5de er funksjonelt og estetisk tiltalende. Den hjerteformede sk\u00e5len er laget av naturlig selenitt, et gjennomskinnelig mineral med beroligende egenskaper. Den m\u00e5ler 10 cm i diameter og er perfekt til \u00e5 oppbevare sm\u00e5 pyntegjenstander, smykker eller andre sm\u00e5ting i. Selenittsk\u00e5lens glatte overflate gir et elegant [&hellip;]<\/p>\n","protected":false},"featured_media":344788,"comment_status":"closed","ping_status":"open","template":"","meta":{"_angie_page":false},"product_brand":[],"product_cat":[8394,9163,25221,10872],"product_tag":[],"class_list":{"0":"post-209419","1":"product","2":"type-product","3":"status-publish","4":"has-post-thumbnail","6":"product_cat-hjem-og-hage","7":"product_cat-inspirasjon","8":"product_cat-krystaller-edelsteiner","9":"product_cat-selenitt","10":"pa_collection-selenite-bowls-no","11":"pa_made-in-marokko","13":"first","14":"instock","15":"purchasable","16":"product-type-simple"},"supplier_id":null,"supplier_sku":"SelB-03","barcode":null,"atum_controlled":true,"out_stock_date":null,"out_stock_threshold":null,"inheritable":false,"inbound_stock":null,"stock_on_hold":0,"sold_today":0,"sales_last_days":0,"reserved_stock":null,"customer_returns":null,"warehouse_damage":null,"lost_in_post":null,"other_logs":null,"out_stock_days":0,"lost_sales":0,"has_location":null,"update_date":"2026-05-04T00:04:58","atum_locations":[],"atum_stock_status":"instock","restock_status":false,"low_stock_amount":"","sales_update_date":"2025-09-05T00:25:43","calc_backorders":null,"_links":{"self":[{"href":"https:\/\/aromasentia.com\/no\/wp-json\/wp\/v2\/product\/209419","targetHints":{"allow":["GET"]}}],"collection":[{"href":"https:\/\/aromasentia.com\/no\/wp-json\/wp\/v2\/product"}],"about":[{"href":"https:\/\/aromasentia.com\/no\/wp-json\/wp\/v2\/types\/product"}],"replies":[{"embeddable":true,"href":"https:\/\/aromasentia.com\/no\/wp-json\/wp\/v2\/comments?post=209419"}],"version-history":[{"count":0,"href":"https:\/\/aromasentia.com\/no\/wp-json\/wp\/v2\/product\/209419\/revisions"}],"wp:featuredmedia":[{"embeddable":true,"href":"https:\/\/aromasentia.com\/no\/wp-json\/wp\/v2\/media\/344788"}],"wp:attachment":[{"href":"https:\/\/aromasentia.com\/no\/wp-json\/wp\/v2\/media?parent=209419"}],"wp:term":[{"taxonomy":"product_brand","embeddable":true,"href":"https:\/\/aromasentia.com\/no\/wp-json\/wp\/v2\/product_brand?post=209419"},{"taxonomy":"product_cat","embeddable":true,"href":"https:\/\/aromasentia.com\/no\/wp-json\/wp\/v2\/product_cat?post=209419"},{"taxonomy":"product_tag","embeddable":true,"href":"https:\/\/aromasentia.com\/no\/wp-json\/wp\/v2\/product_tag?post=209419"}],"curies":[{"name":"wp","href":"https:\/\/api.w.org\/{rel}","templated":true}]}}