{"id":209401,"date":"2025-03-22T13:30:39","date_gmt":"2025-03-22T13:30:39","guid":{"rendered":"https:\/\/aromasentia.com\/product\/selenite-heart-3-4cm\/"},"modified":"2025-05-31T06:09:07","modified_gmt":"2025-05-31T06:09:07","slug":"selenitt-hjerte-3-4-cm","status":"publish","type":"product","link":"https:\/\/aromasentia.com\/no\/selenitt-hjerte-3-4-cm\/","title":{"rendered":"Selenitt Hjerte &#8211; 3-4 cm"},"content":{"rendered":"<p><strong> Engroshandel Selenite Heart<\/strong><\/p>\n<p style=\"text-align: justify;\">Det er generelt akseptert at selenitt er en av de kraftigste krystallene for helbredelse. Den forbinder ogs\u00e5 det tredje \u00f8yet, kronen og eteriske chakraer. Noen sier at den fremmer renhet og \u00e6rlighet. Det sies at den tvinger personen som holder den til \u00e5 v\u00e6re \u00e6rlig mot seg selv.nbsp;<\/p>\n<p style=\"text-align: justify;\">St\u00f8rrelse p\u00e5 selenitthjertet: Lengde 4 cm, diameter 3 cm<\/p><\/p>\n","protected":false},"excerpt":{"rendered":"<p>Engroshandel Selenite Heart Det er generelt akseptert at selenitt er en av de kraftigste krystallene for helbredelse. Den forbinder ogs\u00e5 det tredje \u00f8yet, kronen og eteriske chakraer. Noen sier at den fremmer renhet og \u00e6rlighet. Det sies at den tvinger personen som holder den til \u00e5 v\u00e6re \u00e6rlig mot seg selv.nbsp; St\u00f8rrelse p\u00e5 selenitthjertet: Lengde [&hellip;]<\/p>\n","protected":false},"featured_media":346819,"comment_status":"closed","ping_status":"open","template":"","meta":{"_angie_page":false},"product_brand":[],"product_cat":[8394,9163,25221,10872],"product_tag":[],"class_list":{"0":"post-209401","1":"product","2":"type-product","3":"status-publish","4":"has-post-thumbnail","6":"product_cat-hjem-og-hage","7":"product_cat-inspirasjon","8":"product_cat-krystaller-edelsteiner","9":"product_cat-selenitt","10":"pa_collection-selenite-wands-no","11":"pa_made-in-marokko","13":"first","14":"instock","15":"purchasable","16":"product-type-simple"},"supplier_id":null,"supplier_sku":"SelW-16","barcode":null,"atum_controlled":true,"out_stock_date":null,"out_stock_threshold":null,"inheritable":false,"inbound_stock":null,"stock_on_hold":0,"sold_today":0,"sales_last_days":0,"reserved_stock":null,"customer_returns":null,"warehouse_damage":null,"lost_in_post":null,"other_logs":null,"out_stock_days":0,"lost_sales":0,"has_location":null,"update_date":"2026-04-27T07:21:08","atum_locations":[],"atum_stock_status":"instock","restock_status":false,"low_stock_amount":"","sales_update_date":"2025-09-05T00:26:11","calc_backorders":null,"_links":{"self":[{"href":"https:\/\/aromasentia.com\/no\/wp-json\/wp\/v2\/product\/209401","targetHints":{"allow":["GET"]}}],"collection":[{"href":"https:\/\/aromasentia.com\/no\/wp-json\/wp\/v2\/product"}],"about":[{"href":"https:\/\/aromasentia.com\/no\/wp-json\/wp\/v2\/types\/product"}],"replies":[{"embeddable":true,"href":"https:\/\/aromasentia.com\/no\/wp-json\/wp\/v2\/comments?post=209401"}],"version-history":[{"count":0,"href":"https:\/\/aromasentia.com\/no\/wp-json\/wp\/v2\/product\/209401\/revisions"}],"wp:featuredmedia":[{"embeddable":true,"href":"https:\/\/aromasentia.com\/no\/wp-json\/wp\/v2\/media\/346819"}],"wp:attachment":[{"href":"https:\/\/aromasentia.com\/no\/wp-json\/wp\/v2\/media?parent=209401"}],"wp:term":[{"taxonomy":"product_brand","embeddable":true,"href":"https:\/\/aromasentia.com\/no\/wp-json\/wp\/v2\/product_brand?post=209401"},{"taxonomy":"product_cat","embeddable":true,"href":"https:\/\/aromasentia.com\/no\/wp-json\/wp\/v2\/product_cat?post=209401"},{"taxonomy":"product_tag","embeddable":true,"href":"https:\/\/aromasentia.com\/no\/wp-json\/wp\/v2\/product_tag?post=209401"}],"curies":[{"name":"wp","href":"https:\/\/api.w.org\/{rel}","templated":true}]}}