{"id":209397,"date":"2025-03-22T13:30:39","date_gmt":"2025-03-22T13:30:39","guid":{"rendered":"https:\/\/aromasentia.com\/product\/selenite-stick-raw-crystal-natural-stone-7-10cm\/"},"modified":"2025-05-31T06:08:52","modified_gmt":"2025-05-31T06:08:52","slug":"selenitt-pinne-ra-krystall-naturstein-7-10-cm","status":"publish","type":"product","link":"https:\/\/aromasentia.com\/no\/selenitt-pinne-ra-krystall-naturstein-7-10-cm\/","title":{"rendered":"Selenitt Pinne R\u00e5 Krystall &#8211; Naturstein 7-10 cm"},"content":{"rendered":"<p><span style=\"color: rgb(75, 80, 88);\"><strong>1x Selenittpinne R\u00e5 Krystall &#8211; Naturstein 7-10cm<\/strong> kommer fra fjellene i Marokko.<\/span><\/p>\n<p><span style=\"color: rgb(75, 80, 88);\">Krystallen fikk navnet sitt fra den greske m\u00e5negudinnen &#8211; Selene &#8211; og du kan se hvorfor&#8230; m\u00e5ten disse naturlige melkeaktige steinene bryter lys p\u00e5 er helt m\u00e5neaktig.<\/span><\/p>\n<p><span style=\"color: rgb(75, 80, 88);\"><strong>Fordeler:<\/strong> Det er generelt akseptert at Selenitt er en av de kraftigste krystallene for helbredelse. Den kobler seg ogs\u00e5 til det tredje \u00f8yet, kronen og eteriske chakraer. Noen sier at <strong>den fremmer renhet og \u00e6rlighet<\/strong>. Det sies at det tvinger personen som holder den til \u00e5 v\u00e6re \u00e6rlig med seg selv.<\/span><\/p>\n<p><span style=\"color: rgb(141, 186, 216);\"><strong>Legg til dette vakre produktet av fantastisk selenitt for \u00e5 \u00f8ke salget ditt til m\u00e5nen og tilbake.<\/strong><\/span><\/p>\n","protected":false},"excerpt":{"rendered":"<p>1x Selenittpinne R\u00e5 Krystall &#8211; Naturstein 7-10cm kommer fra fjellene i Marokko. Krystallen fikk navnet sitt fra den greske m\u00e5negudinnen &#8211; Selene &#8211; og du kan se hvorfor&#8230; m\u00e5ten disse naturlige melkeaktige steinene bryter lys p\u00e5 er helt m\u00e5neaktig. Fordeler: Det er generelt akseptert at Selenitt er en av de kraftigste krystallene for helbredelse. Den [&hellip;]<\/p>\n","protected":false},"featured_media":346687,"comment_status":"closed","ping_status":"open","template":"","meta":{"_angie_page":false},"product_brand":[],"product_cat":[8394,9163,25221,10872],"product_tag":[],"class_list":{"0":"post-209397","1":"product","2":"type-product","3":"status-publish","4":"has-post-thumbnail","6":"product_cat-hjem-og-hage","7":"product_cat-inspirasjon","8":"product_cat-krystaller-edelsteiner","9":"product_cat-selenitt","10":"pa_collection-selenite-wands-no","11":"pa_made-in-marokko","13":"first","14":"instock","15":"purchasable","16":"product-type-simple"},"supplier_id":null,"supplier_sku":"SelW-12","barcode":null,"atum_controlled":true,"out_stock_date":null,"out_stock_threshold":null,"inheritable":false,"inbound_stock":null,"stock_on_hold":0,"sold_today":0,"sales_last_days":0,"reserved_stock":null,"customer_returns":null,"warehouse_damage":null,"lost_in_post":null,"other_logs":null,"out_stock_days":0,"lost_sales":0,"has_location":null,"update_date":"2026-05-04T00:04:58","atum_locations":[],"atum_stock_status":"instock","restock_status":false,"low_stock_amount":"","sales_update_date":"2025-09-05T00:26:10","calc_backorders":null,"_links":{"self":[{"href":"https:\/\/aromasentia.com\/no\/wp-json\/wp\/v2\/product\/209397","targetHints":{"allow":["GET"]}}],"collection":[{"href":"https:\/\/aromasentia.com\/no\/wp-json\/wp\/v2\/product"}],"about":[{"href":"https:\/\/aromasentia.com\/no\/wp-json\/wp\/v2\/types\/product"}],"replies":[{"embeddable":true,"href":"https:\/\/aromasentia.com\/no\/wp-json\/wp\/v2\/comments?post=209397"}],"version-history":[{"count":0,"href":"https:\/\/aromasentia.com\/no\/wp-json\/wp\/v2\/product\/209397\/revisions"}],"wp:featuredmedia":[{"embeddable":true,"href":"https:\/\/aromasentia.com\/no\/wp-json\/wp\/v2\/media\/346687"}],"wp:attachment":[{"href":"https:\/\/aromasentia.com\/no\/wp-json\/wp\/v2\/media?parent=209397"}],"wp:term":[{"taxonomy":"product_brand","embeddable":true,"href":"https:\/\/aromasentia.com\/no\/wp-json\/wp\/v2\/product_brand?post=209397"},{"taxonomy":"product_cat","embeddable":true,"href":"https:\/\/aromasentia.com\/no\/wp-json\/wp\/v2\/product_cat?post=209397"},{"taxonomy":"product_tag","embeddable":true,"href":"https:\/\/aromasentia.com\/no\/wp-json\/wp\/v2\/product_tag?post=209397"}],"curies":[{"name":"wp","href":"https:\/\/api.w.org\/{rel}","templated":true}]}}