{"id":209396,"date":"2025-03-22T13:30:39","date_gmt":"2025-03-22T13:30:39","guid":{"rendered":"https:\/\/aromasentia.com\/product\/selenite-heart-5-6-cm\/"},"modified":"2025-05-31T06:08:47","modified_gmt":"2025-05-31T06:08:47","slug":"selenitt-hjerte-5-6-cm","status":"publish","type":"product","link":"https:\/\/aromasentia.com\/no\/selenitt-hjerte-5-6-cm\/","title":{"rendered":"Selenitt Hjerte &#8211; 5-6 cm"},"content":{"rendered":"<p><span style=\"color: rgb(75, 80, 88);\">Det er generelt akseptert at <strong>Selenitthjerte &#8211; 5-6 cm<\/strong> er en av de kraftigste krystallene for helbredelse.<\/span><\/p>\n<p><span style=\"color: rgb(75, 80, 88);\"><strong>Fordeler:<\/strong> Den kobler seg til det tredje \u00f8yet, kronen og eteriske chakraer. Noen sier at <strong>den fremmer renhet og \u00e6rlighet<\/strong><strong>. Det sies at det tvinger personen som holder den til \u00e5 v\u00e6re \u00e6rlig med seg selv.<\/span><\/p>\n<p><span style=\"color: rgb(75, 80, 88);\"><br \/><\/span><\/p>\n<p><span style=\"color: rgb(75, 80, 88);\"><strong>St\u00f8rrelsen p\u00e5 selenitt-hjertet<\/strong>: H\u00f8yde 6 cm, lengde 6,5 cm, bredde 2,5 cm,<\/span><\/p>\n<p><span style=\"color: rgb(141, 186, 216);\"><strong>Hver selenitt er dannet av naturen, s\u00e5 den er helt unik.<br \/>NB: St\u00f8rrelsen p\u00e5 tryllestavene kan variere noe.<\/strong><\/span><\/p>\n","protected":false},"excerpt":{"rendered":"<p>Det er generelt akseptert at Selenitthjerte &#8211; 5-6 cm er en av de kraftigste krystallene for helbredelse. Fordeler: Den kobler seg til det tredje \u00f8yet, kronen og eteriske chakraer. Noen sier at den fremmer renhet og \u00e6rlighet. Det sies at det tvinger personen som holder den til \u00e5 v\u00e6re \u00e6rlig med seg selv. St\u00f8rrelsen p\u00e5 [&hellip;]<\/p>\n","protected":false},"featured_media":346638,"comment_status":"closed","ping_status":"open","template":"","meta":{"_angie_page":false},"product_brand":[],"product_cat":[8394,9163,25221,10872],"product_tag":[],"class_list":{"0":"post-209396","1":"product","2":"type-product","3":"status-publish","4":"has-post-thumbnail","6":"product_cat-hjem-og-hage","7":"product_cat-inspirasjon","8":"product_cat-krystaller-edelsteiner","9":"product_cat-selenitt","10":"pa_collection-selenite-wands-no","11":"pa_made-in-marokko","13":"first","14":"instock","15":"purchasable","16":"product-type-simple"},"supplier_id":null,"supplier_sku":"SelW-09","barcode":null,"atum_controlled":true,"out_stock_date":null,"out_stock_threshold":null,"inheritable":false,"inbound_stock":null,"stock_on_hold":0,"sold_today":0,"sales_last_days":0,"reserved_stock":null,"customer_returns":null,"warehouse_damage":null,"lost_in_post":null,"other_logs":null,"out_stock_days":0,"lost_sales":0,"has_location":null,"update_date":"2026-04-27T07:21:08","atum_locations":[],"atum_stock_status":"instock","restock_status":false,"low_stock_amount":"","sales_update_date":"2025-09-05T00:26:09","calc_backorders":null,"_links":{"self":[{"href":"https:\/\/aromasentia.com\/no\/wp-json\/wp\/v2\/product\/209396","targetHints":{"allow":["GET"]}}],"collection":[{"href":"https:\/\/aromasentia.com\/no\/wp-json\/wp\/v2\/product"}],"about":[{"href":"https:\/\/aromasentia.com\/no\/wp-json\/wp\/v2\/types\/product"}],"replies":[{"embeddable":true,"href":"https:\/\/aromasentia.com\/no\/wp-json\/wp\/v2\/comments?post=209396"}],"version-history":[{"count":0,"href":"https:\/\/aromasentia.com\/no\/wp-json\/wp\/v2\/product\/209396\/revisions"}],"wp:featuredmedia":[{"embeddable":true,"href":"https:\/\/aromasentia.com\/no\/wp-json\/wp\/v2\/media\/346638"}],"wp:attachment":[{"href":"https:\/\/aromasentia.com\/no\/wp-json\/wp\/v2\/media?parent=209396"}],"wp:term":[{"taxonomy":"product_brand","embeddable":true,"href":"https:\/\/aromasentia.com\/no\/wp-json\/wp\/v2\/product_brand?post=209396"},{"taxonomy":"product_cat","embeddable":true,"href":"https:\/\/aromasentia.com\/no\/wp-json\/wp\/v2\/product_cat?post=209396"},{"taxonomy":"product_tag","embeddable":true,"href":"https:\/\/aromasentia.com\/no\/wp-json\/wp\/v2\/product_tag?post=209396"}],"curies":[{"name":"wp","href":"https:\/\/api.w.org\/{rel}","templated":true}]}}