{"id":209377,"date":"2025-03-22T13:30:39","date_gmt":"2025-03-22T13:30:39","guid":{"rendered":"https:\/\/aromasentia.com\/product\/natural-selenite-tower-5-cm\/"},"modified":"2025-05-31T06:07:17","modified_gmt":"2025-05-31T06:07:17","slug":"naturlig-selenitt-tarn-5-cm","status":"publish","type":"product","link":"https:\/\/aromasentia.com\/no\/naturlig-selenitt-tarn-5-cm\/","title":{"rendered":"Naturlig Selenitt T\u00e5rn &#8211; 5 cm"},"content":{"rendered":"<p>Selenitt er en rikelig forekommende stein kjent som Satin Spar p\u00e5 grunn av den melkeaktige glansen som skinner fra overflaten. Den er ogs\u00e5 kjent som \u00f8rkenrose eller gipsblomst.<\/p>\n<p><\/p>\n<p>Selenittprodukter er merket med st\u00f8rrelser kun for \u00e5 gi en grov id\u00e9 om st\u00f8rrelsen, hver stein er helt unik.<\/p>\n<p>St\u00f8rrelser: H: 5 cm, B: 3,5 cm, vekt 100 g<\/p>\n","protected":false},"excerpt":{"rendered":"<p>Selenitt er en rikelig forekommende stein kjent som Satin Spar p\u00e5 grunn av den melkeaktige glansen som skinner fra overflaten. Den er ogs\u00e5 kjent som \u00f8rkenrose eller gipsblomst. Selenittprodukter er merket med st\u00f8rrelser kun for \u00e5 gi en grov id\u00e9 om st\u00f8rrelsen, hver stein er helt unik. St\u00f8rrelser: H: 5 cm, B: 3,5 cm, vekt [&hellip;]<\/p>\n","protected":false},"featured_media":346195,"comment_status":"closed","ping_status":"open","template":"","meta":{"_angie_page":false},"product_brand":[],"product_cat":[9155,25221,10872],"product_tag":[],"class_list":{"0":"post-209377","1":"product","2":"type-product","3":"status-publish","4":"has-post-thumbnail","6":"product_cat-esoteriske-gaver","7":"product_cat-krystaller-edelsteiner","8":"product_cat-selenitt","9":"pa_collection-selenite-towers-no","10":"pa_made-in-marokko","12":"first","13":"instock","14":"purchasable","15":"product-type-simple"},"supplier_id":null,"supplier_sku":"SelT-01","barcode":null,"atum_controlled":true,"out_stock_date":null,"out_stock_threshold":null,"inheritable":false,"inbound_stock":null,"stock_on_hold":0,"sold_today":0,"sales_last_days":0,"reserved_stock":null,"customer_returns":null,"warehouse_damage":null,"lost_in_post":null,"other_logs":null,"out_stock_days":0,"lost_sales":0,"has_location":null,"update_date":"2026-05-04T00:04:58","atum_locations":[],"atum_stock_status":"instock","restock_status":false,"low_stock_amount":"","sales_update_date":"2026-02-06T00:01:50","calc_backorders":null,"_links":{"self":[{"href":"https:\/\/aromasentia.com\/no\/wp-json\/wp\/v2\/product\/209377","targetHints":{"allow":["GET"]}}],"collection":[{"href":"https:\/\/aromasentia.com\/no\/wp-json\/wp\/v2\/product"}],"about":[{"href":"https:\/\/aromasentia.com\/no\/wp-json\/wp\/v2\/types\/product"}],"replies":[{"embeddable":true,"href":"https:\/\/aromasentia.com\/no\/wp-json\/wp\/v2\/comments?post=209377"}],"version-history":[{"count":0,"href":"https:\/\/aromasentia.com\/no\/wp-json\/wp\/v2\/product\/209377\/revisions"}],"wp:featuredmedia":[{"embeddable":true,"href":"https:\/\/aromasentia.com\/no\/wp-json\/wp\/v2\/media\/346195"}],"wp:attachment":[{"href":"https:\/\/aromasentia.com\/no\/wp-json\/wp\/v2\/media?parent=209377"}],"wp:term":[{"taxonomy":"product_brand","embeddable":true,"href":"https:\/\/aromasentia.com\/no\/wp-json\/wp\/v2\/product_brand?post=209377"},{"taxonomy":"product_cat","embeddable":true,"href":"https:\/\/aromasentia.com\/no\/wp-json\/wp\/v2\/product_cat?post=209377"},{"taxonomy":"product_tag","embeddable":true,"href":"https:\/\/aromasentia.com\/no\/wp-json\/wp\/v2\/product_tag?post=209377"}],"curies":[{"name":"wp","href":"https:\/\/api.w.org\/{rel}","templated":true}]}}