{"id":209374,"date":"2025-03-22T13:30:39","date_gmt":"2025-03-22T13:30:39","guid":{"rendered":"https:\/\/aromasentia.com\/product\/natural-selenite-tower-lamp-15-cm\/"},"modified":"2025-05-31T06:07:09","modified_gmt":"2025-05-31T06:07:09","slug":"naturlig-selenitt-tarnlampe-15-cm","status":"publish","type":"product","link":"https:\/\/aromasentia.com\/no\/naturlig-selenitt-tarnlampe-15-cm\/","title":{"rendered":"Naturlig Selenitt T\u00e5rnlampe &#8211; 15 cm"},"content":{"rendered":"<p><strong>Inkluderer kabel og p\u00e6re.<\/strong><\/p>\n<p>Selenittlamper er kjent for sine rensende og helbredende evner, og kan bidra til \u00e5 fjerne negativ energi b\u00e5de fra chakraene v\u00e5re og milj\u00f8et rundt. Selenitt er en stein for klarhet og veiledning, og gir st\u00f8tte til \u00e5 \u00abklarne sinnet\u00bb, skjerpe bevisstheten din og la deg se sannheten ved \u00e5 koble deg til en h\u00f8yere bevissthet.<\/p>\n<p>Selenittens milde helbredende egenskaper kan brukes til \u00e5 gi beskyttelse mot negativ energi for \u00e5 skape et trygt og rolig rom med en fredelig atmosf\u00e6re. Selenitt renser krystaller og fornyer energien sin. Selenitt har ogs\u00e5 beroligende egenskaper som gj\u00f8r den ideell for meditasjon eller \u00e5ndelig arbeid.<\/p>\n<p>Selenittt\u00e5rnlamper er virkelig vakre naturlige krystaller og en fantastisk gaveid\u00e9.<\/p>\n","protected":false},"excerpt":{"rendered":"<p>Inkluderer kabel og p\u00e6re. Selenittlamper er kjent for sine rensende og helbredende evner, og kan bidra til \u00e5 fjerne negativ energi b\u00e5de fra chakraene v\u00e5re og milj\u00f8et rundt. Selenitt er en stein for klarhet og veiledning, og gir st\u00f8tte til \u00e5 \u00abklarne sinnet\u00bb, skjerpe bevisstheten din og la deg se sannheten ved \u00e5 koble deg [&hellip;]<\/p>\n","protected":false},"featured_media":346120,"comment_status":"closed","ping_status":"open","template":"","meta":{"_angie_page":false},"product_brand":[],"product_cat":[9155,25221,10872],"product_tag":[],"class_list":{"0":"post-209374","1":"product","2":"type-product","3":"status-publish","4":"has-post-thumbnail","6":"product_cat-esoteriske-gaver","7":"product_cat-krystaller-edelsteiner","8":"product_cat-selenitt","9":"pa_collection-natural-selenite-tower-lamps-no","10":"pa_made-in-storbritannia","12":"first","13":"instock","14":"purchasable","15":"product-type-simple"},"supplier_id":null,"supplier_sku":"SelLp-01","barcode":null,"atum_controlled":true,"out_stock_date":null,"out_stock_threshold":null,"inheritable":false,"inbound_stock":null,"stock_on_hold":0,"sold_today":0,"sales_last_days":0,"reserved_stock":null,"customer_returns":null,"warehouse_damage":null,"lost_in_post":null,"other_logs":null,"out_stock_days":0,"lost_sales":0,"has_location":null,"update_date":"2026-04-27T07:20:54","atum_locations":[],"atum_stock_status":"instock","restock_status":false,"low_stock_amount":"","sales_update_date":"2025-09-05T00:25:59","calc_backorders":null,"_links":{"self":[{"href":"https:\/\/aromasentia.com\/no\/wp-json\/wp\/v2\/product\/209374","targetHints":{"allow":["GET"]}}],"collection":[{"href":"https:\/\/aromasentia.com\/no\/wp-json\/wp\/v2\/product"}],"about":[{"href":"https:\/\/aromasentia.com\/no\/wp-json\/wp\/v2\/types\/product"}],"replies":[{"embeddable":true,"href":"https:\/\/aromasentia.com\/no\/wp-json\/wp\/v2\/comments?post=209374"}],"version-history":[{"count":0,"href":"https:\/\/aromasentia.com\/no\/wp-json\/wp\/v2\/product\/209374\/revisions"}],"wp:featuredmedia":[{"embeddable":true,"href":"https:\/\/aromasentia.com\/no\/wp-json\/wp\/v2\/media\/346120"}],"wp:attachment":[{"href":"https:\/\/aromasentia.com\/no\/wp-json\/wp\/v2\/media?parent=209374"}],"wp:term":[{"taxonomy":"product_brand","embeddable":true,"href":"https:\/\/aromasentia.com\/no\/wp-json\/wp\/v2\/product_brand?post=209374"},{"taxonomy":"product_cat","embeddable":true,"href":"https:\/\/aromasentia.com\/no\/wp-json\/wp\/v2\/product_cat?post=209374"},{"taxonomy":"product_tag","embeddable":true,"href":"https:\/\/aromasentia.com\/no\/wp-json\/wp\/v2\/product_tag?post=209374"}],"curies":[{"name":"wp","href":"https:\/\/api.w.org\/{rel}","templated":true}]}}