{"id":209357,"date":"2025-03-22T13:30:47","date_gmt":"2025-03-22T13:30:47","guid":{"rendered":"https:\/\/aromasentia.com\/product\/pack-of-24-bloodstone-l-b-grade\/"},"modified":"2025-05-31T06:05:48","modified_gmt":"2025-05-31T06:05:48","slug":"pakke-med-24-bloodstone-l-b-kvalitet","status":"publish","type":"product","link":"https:\/\/aromasentia.com\/no\/pakke-med-24-bloodstone-l-b-kvalitet\/","title":{"rendered":"Pakke med 24 Bloodstone L (B-Kvalitet)"},"content":{"rendered":"<p>\u00d8k vitaliteten med denne pakken med 24 Bloodstone L (B-kvalitet). Dette settet inneholder tjuefire store Bloodstone-stener (B-kvalitet), med dypgr\u00f8nn kalcedon med r\u00f8de jaspisflekker. Bloodstone er en kraftfull helbredende og beskyttende stein som antas \u00e5 rense energi, styrke motet og \u00f8ke vitaliteten. Disse steinene er ideelle \u00e5 b\u00e6re for \u00e5 oppn\u00e5 styrke, for \u00e5 bygge et solid nett eller i tider som krever utholdenhet, og de gir en potent, om enn litt mangelfull, energisk st\u00f8tte.<\/p>\n","protected":false},"excerpt":{"rendered":"<p>\u00d8k vitaliteten med denne pakken med 24 Bloodstone L (B-kvalitet). Dette settet inneholder tjuefire store Bloodstone-stener (B-kvalitet), med dypgr\u00f8nn kalcedon med r\u00f8de jaspisflekker. Bloodstone er en kraftfull helbredende og beskyttende stein som antas \u00e5 rense energi, styrke motet og \u00f8ke vitaliteten. Disse steinene er ideelle \u00e5 b\u00e6re for \u00e5 oppn\u00e5 styrke, for \u00e5 bygge et [&hellip;]<\/p>\n","protected":false},"featured_media":348223,"comment_status":"closed","ping_status":"open","template":"","meta":{"_angie_page":false},"product_brand":[],"product_cat":[25568,9155,25221,9161],"product_tag":[],"class_list":{"0":"post-209357","1":"product","2":"type-product","3":"status-publish","4":"has-post-thumbnail","6":"product_cat-blodstein","7":"product_cat-esoteriske-gaver","8":"product_cat-krystaller-edelsteiner","9":"product_cat-trommelsteiner","10":"pa_collection-large-tumble-stones-no","11":"pa_made-in-india","13":"first","14":"instock","15":"purchasable","16":"product-type-simple"},"supplier_id":null,"supplier_sku":"Tbm-20B","barcode":null,"atum_controlled":true,"out_stock_date":null,"out_stock_threshold":null,"inheritable":false,"inbound_stock":null,"stock_on_hold":0,"sold_today":0,"sales_last_days":0,"reserved_stock":null,"customer_returns":null,"warehouse_damage":null,"lost_in_post":null,"other_logs":null,"out_stock_days":0,"lost_sales":0,"has_location":null,"update_date":"2026-04-27T07:24:00","atum_locations":[],"atum_stock_status":"instock","restock_status":false,"low_stock_amount":"","sales_update_date":"2026-01-30T01:24:28","calc_backorders":null,"_links":{"self":[{"href":"https:\/\/aromasentia.com\/no\/wp-json\/wp\/v2\/product\/209357","targetHints":{"allow":["GET"]}}],"collection":[{"href":"https:\/\/aromasentia.com\/no\/wp-json\/wp\/v2\/product"}],"about":[{"href":"https:\/\/aromasentia.com\/no\/wp-json\/wp\/v2\/types\/product"}],"replies":[{"embeddable":true,"href":"https:\/\/aromasentia.com\/no\/wp-json\/wp\/v2\/comments?post=209357"}],"version-history":[{"count":0,"href":"https:\/\/aromasentia.com\/no\/wp-json\/wp\/v2\/product\/209357\/revisions"}],"wp:featuredmedia":[{"embeddable":true,"href":"https:\/\/aromasentia.com\/no\/wp-json\/wp\/v2\/media\/348223"}],"wp:attachment":[{"href":"https:\/\/aromasentia.com\/no\/wp-json\/wp\/v2\/media?parent=209357"}],"wp:term":[{"taxonomy":"product_brand","embeddable":true,"href":"https:\/\/aromasentia.com\/no\/wp-json\/wp\/v2\/product_brand?post=209357"},{"taxonomy":"product_cat","embeddable":true,"href":"https:\/\/aromasentia.com\/no\/wp-json\/wp\/v2\/product_cat?post=209357"},{"taxonomy":"product_tag","embeddable":true,"href":"https:\/\/aromasentia.com\/no\/wp-json\/wp\/v2\/product_tag?post=209357"}],"curies":[{"name":"wp","href":"https:\/\/api.w.org\/{rel}","templated":true}]}}