{"id":209346,"date":"2025-03-22T13:30:47","date_gmt":"2025-03-22T13:30:47","guid":{"rendered":"https:\/\/aromasentia.com\/product\/pack-of-24-l-tumble-stone-blue-tiger-eye\/"},"modified":"2025-05-31T06:04:52","modified_gmt":"2025-05-31T06:04:52","slug":"pakke-med-24-l-tromlede-stener-blue-tiger-eye","status":"publish","type":"product","link":"https:\/\/aromasentia.com\/no\/pakke-med-24-l-tromlede-stener-blue-tiger-eye\/","title":{"rendered":"Pakke med 24 L Tromlede Stener &#8211; Blue Tiger Eye"},"content":{"rendered":"<p>M\u00f8t den unike tiger\u00f8yevarianten med delikate bl\u00e5 refleksjoner. Den er spr\u00f8 og delikat, ugjennomsiktig og tilh\u00f8rer sv\u00e6rt sjeldne mineraler.nbsp;<\/p>\n<p>Det bl\u00e5 tiger\u00f8yet regnes som en stein for nevrotiske og ofte stressede mennesker. Den har en beroligende, reduserende eller til og med stresslindrende effekt.<\/p>\n<p><strong>Disse edelstenene er pakket i poser med 24 stk. og er ca. 20-30 mm per stein.<\/strong><\/p>\n","protected":false},"excerpt":{"rendered":"<p>M\u00f8t den unike tiger\u00f8yevarianten med delikate bl\u00e5 refleksjoner. Den er spr\u00f8 og delikat, ugjennomsiktig og tilh\u00f8rer sv\u00e6rt sjeldne mineraler.nbsp; Det bl\u00e5 tiger\u00f8yet regnes som en stein for nevrotiske og ofte stressede mennesker. Den har en beroligende, reduserende eller til og med stresslindrende effekt. Disse edelstenene er pakket i poser med 24 stk. og er ca. [&hellip;]<\/p>\n","protected":false},"featured_media":330983,"comment_status":"closed","ping_status":"open","template":"","meta":{"_angie_page":false},"product_brand":[],"product_cat":[9155,25221,25783,9161],"product_tag":[],"class_list":{"0":"post-209346","1":"product","2":"type-product","3":"status-publish","4":"has-post-thumbnail","6":"product_cat-esoteriske-gaver","7":"product_cat-krystaller-edelsteiner","8":"product_cat-tigeroye","9":"product_cat-trommelsteiner","10":"pa_collection-large-tumble-stones-no","11":"pa_made-in-sor-afrika","13":"first","14":"outofstock","15":"purchasable","16":"product-type-simple"},"supplier_id":null,"supplier_sku":"TBm-48","barcode":null,"atum_controlled":true,"out_stock_date":"2025-09-05 16:25:31","out_stock_threshold":null,"inheritable":false,"inbound_stock":null,"stock_on_hold":0,"sold_today":0,"sales_last_days":0,"reserved_stock":null,"customer_returns":null,"warehouse_damage":null,"lost_in_post":null,"other_logs":null,"out_stock_days":0,"lost_sales":0,"has_location":null,"update_date":"2026-04-27T07:24:00","atum_locations":[],"atum_stock_status":"outofstock","restock_status":false,"low_stock_amount":"","sales_update_date":"2025-09-05T00:26:28","calc_backorders":null,"_links":{"self":[{"href":"https:\/\/aromasentia.com\/no\/wp-json\/wp\/v2\/product\/209346","targetHints":{"allow":["GET"]}}],"collection":[{"href":"https:\/\/aromasentia.com\/no\/wp-json\/wp\/v2\/product"}],"about":[{"href":"https:\/\/aromasentia.com\/no\/wp-json\/wp\/v2\/types\/product"}],"replies":[{"embeddable":true,"href":"https:\/\/aromasentia.com\/no\/wp-json\/wp\/v2\/comments?post=209346"}],"version-history":[{"count":0,"href":"https:\/\/aromasentia.com\/no\/wp-json\/wp\/v2\/product\/209346\/revisions"}],"wp:featuredmedia":[{"embeddable":true,"href":"https:\/\/aromasentia.com\/no\/wp-json\/wp\/v2\/media\/330983"}],"wp:attachment":[{"href":"https:\/\/aromasentia.com\/no\/wp-json\/wp\/v2\/media?parent=209346"}],"wp:term":[{"taxonomy":"product_brand","embeddable":true,"href":"https:\/\/aromasentia.com\/no\/wp-json\/wp\/v2\/product_brand?post=209346"},{"taxonomy":"product_cat","embeddable":true,"href":"https:\/\/aromasentia.com\/no\/wp-json\/wp\/v2\/product_cat?post=209346"},{"taxonomy":"product_tag","embeddable":true,"href":"https:\/\/aromasentia.com\/no\/wp-json\/wp\/v2\/product_tag?post=209346"}],"curies":[{"name":"wp","href":"https:\/\/api.w.org\/{rel}","templated":true}]}}