{"id":209345,"date":"2025-03-22T13:30:47","date_gmt":"2025-03-22T13:30:47","guid":{"rendered":"https:\/\/aromasentia.com\/product\/l-tumble-stones-tiger-eye-gold\/"},"modified":"2025-05-31T06:04:46","modified_gmt":"2025-05-31T06:04:46","slug":"l-tromlede-stener-tigeroye-gull","status":"publish","type":"product","link":"https:\/\/aromasentia.com\/no\/l-tromlede-stener-tigeroye-gull\/","title":{"rendered":"L Tromlede Stener &#8211; Tiger\u00f8ye &#8211; Gull"},"content":{"rendered":"<p>Se inn i \u00f8yet til en praktfull tiger. Dyrets magnetisme skinner i denne gyllengule, sterkt stripete steinen.<\/p>\n<p>Tiger\u00f8ye er en form for kvarts. Det er en popul\u00e6r stein i forskjellige typer smykker for menn, kvinner og unisex. <\/p>\n<p>For \u00e5 kjenne den \u00e5ndelige verdien av tiger\u00f8yet, er det bare \u00e5 tenke p\u00e5 navnet. Akkurat som den store katten den er oppkalt etter, vet denne edelstenen hvor viktig det er \u00e5 v\u00e6re oppmerksom p\u00e5 detaljer. Tiger\u00f8yet sies \u00e5 minne deg p\u00e5 \u00e5 stoppe, se og lytte f\u00f8r du tar noen skritt.<\/p>\n<p><strong>Disse edelstenene er pakket i poser med 24 stk. og er ca. 20-30 mm per stein.<\/strong><\/p>\n","protected":false},"excerpt":{"rendered":"<p>Se inn i \u00f8yet til en praktfull tiger. Dyrets magnetisme skinner i denne gyllengule, sterkt stripete steinen. Tiger\u00f8ye er en form for kvarts. Det er en popul\u00e6r stein i forskjellige typer smykker for menn, kvinner og unisex. For \u00e5 kjenne den \u00e5ndelige verdien av tiger\u00f8yet, er det bare \u00e5 tenke p\u00e5 navnet. Akkurat som den [&hellip;]<\/p>\n","protected":false},"featured_media":347987,"comment_status":"closed","ping_status":"open","template":"","meta":{"_angie_page":false},"product_brand":[],"product_cat":[9155,25221,25783,9161],"product_tag":[],"class_list":{"0":"post-209345","1":"product","2":"type-product","3":"status-publish","4":"has-post-thumbnail","6":"product_cat-esoteriske-gaver","7":"product_cat-krystaller-edelsteiner","8":"product_cat-tigeroye","9":"product_cat-trommelsteiner","10":"pa_collection-large-tumble-stones-no","11":"pa_made-in-sor-afrika","13":"first","14":"instock","15":"purchasable","16":"product-type-simple"},"supplier_id":null,"supplier_sku":"TBm-24","barcode":null,"atum_controlled":true,"out_stock_date":null,"out_stock_threshold":null,"inheritable":false,"inbound_stock":null,"stock_on_hold":0,"sold_today":0,"sales_last_days":0,"reserved_stock":null,"customer_returns":null,"warehouse_damage":null,"lost_in_post":null,"other_logs":null,"out_stock_days":0,"lost_sales":0,"has_location":null,"update_date":"2026-04-27T07:24:00","atum_locations":[],"atum_stock_status":"instock","restock_status":false,"low_stock_amount":"","sales_update_date":"2025-09-05T00:26:28","calc_backorders":null,"_links":{"self":[{"href":"https:\/\/aromasentia.com\/no\/wp-json\/wp\/v2\/product\/209345","targetHints":{"allow":["GET"]}}],"collection":[{"href":"https:\/\/aromasentia.com\/no\/wp-json\/wp\/v2\/product"}],"about":[{"href":"https:\/\/aromasentia.com\/no\/wp-json\/wp\/v2\/types\/product"}],"replies":[{"embeddable":true,"href":"https:\/\/aromasentia.com\/no\/wp-json\/wp\/v2\/comments?post=209345"}],"version-history":[{"count":0,"href":"https:\/\/aromasentia.com\/no\/wp-json\/wp\/v2\/product\/209345\/revisions"}],"wp:featuredmedia":[{"embeddable":true,"href":"https:\/\/aromasentia.com\/no\/wp-json\/wp\/v2\/media\/347987"}],"wp:attachment":[{"href":"https:\/\/aromasentia.com\/no\/wp-json\/wp\/v2\/media?parent=209345"}],"wp:term":[{"taxonomy":"product_brand","embeddable":true,"href":"https:\/\/aromasentia.com\/no\/wp-json\/wp\/v2\/product_brand?post=209345"},{"taxonomy":"product_cat","embeddable":true,"href":"https:\/\/aromasentia.com\/no\/wp-json\/wp\/v2\/product_cat?post=209345"},{"taxonomy":"product_tag","embeddable":true,"href":"https:\/\/aromasentia.com\/no\/wp-json\/wp\/v2\/product_tag?post=209345"}],"curies":[{"name":"wp","href":"https:\/\/api.w.org\/{rel}","templated":true}]}}