{"id":209344,"date":"2025-03-22T13:30:47","date_gmt":"2025-03-22T13:30:47","guid":{"rendered":"https:\/\/aromasentia.com\/product\/pack-of-24-l-tumble-stones-rock-crystal\/"},"modified":"2025-05-31T06:04:40","modified_gmt":"2025-05-31T06:04:40","slug":"pakke-med-24-l-tromlede-stener-bergkrystall","status":"publish","type":"product","link":"https:\/\/aromasentia.com\/no\/pakke-med-24-l-tromlede-stener-bergkrystall\/","title":{"rendered":"Pakke med 24 L Tromlede Stener &#8211; Bergkrystall"},"content":{"rendered":"<p>En gang trodde man at en bergkrystall er evig is, sendt av himmelske guder. I virkeligheten er det et mineral, et av de mest tallrike i jordskorpen, som best\u00e5r av silisium og oksygen.&nbsp;<\/p>\n<p>Kvarts kan v\u00e6re gjennomsiktig som is eller ha sl\u00f8r, bobler og en rekke ulike farger. Denne fantastiske steinen passer godt sammen med andre, og skimrer som dr\u00e5per fra en foss som renner nedover fjellet. Den ser bra ut alene eller sammen med andre typer krystaller. Kvarts er kjent for \u00e5 v\u00e6re den kraftigste helbredende steinen i mineralriket, og den er i stand til \u00e5 fungere under alle forhold. P\u00e5 grunn av sin evne til \u00e5 balansere, er den flott for \u00e5 harmonisere og stabilisere milj\u00f8et og er nyttig i romantiske forhold.&nbsp;<\/p>\n<\/p>\n<p><strong>Disse edelstenene er pakket i poser med 24 stk. og er ca. 20-30 mm per stein.<\/strong><\/p>\n","protected":false},"excerpt":{"rendered":"<p>En gang trodde man at en bergkrystall er evig is, sendt av himmelske guder. I virkeligheten er det et mineral, et av de mest tallrike i jordskorpen, som best\u00e5r av silisium og oksygen.&nbsp; Kvarts kan v\u00e6re gjennomsiktig som is eller ha sl\u00f8r, bobler og en rekke ulike farger. Denne fantastiske steinen passer godt sammen med [&hellip;]<\/p>\n","protected":false},"featured_media":347962,"comment_status":"closed","ping_status":"open","template":"","meta":{"_angie_page":false},"product_brand":[],"product_cat":[25740,9155,25221,9161],"product_tag":[],"class_list":{"0":"post-209344","1":"product","2":"type-product","3":"status-publish","4":"has-post-thumbnail","6":"product_cat-bergkrystall","7":"product_cat-esoteriske-gaver","8":"product_cat-krystaller-edelsteiner","9":"product_cat-trommelsteiner","10":"pa_collection-large-tumble-stones-no","11":"pa_made-in-brasil","13":"first","14":"instock","15":"purchasable","16":"product-type-simple"},"supplier_id":null,"supplier_sku":"TBm-14","barcode":null,"atum_controlled":true,"out_stock_date":null,"out_stock_threshold":null,"inheritable":false,"inbound_stock":null,"stock_on_hold":0,"sold_today":0,"sales_last_days":0,"reserved_stock":null,"customer_returns":null,"warehouse_damage":null,"lost_in_post":null,"other_logs":null,"out_stock_days":0,"lost_sales":0,"has_location":null,"update_date":"2026-04-27T07:24:00","atum_locations":[],"atum_stock_status":"instock","restock_status":false,"low_stock_amount":"","sales_update_date":"2025-09-05T00:26:28","calc_backorders":null,"_links":{"self":[{"href":"https:\/\/aromasentia.com\/no\/wp-json\/wp\/v2\/product\/209344","targetHints":{"allow":["GET"]}}],"collection":[{"href":"https:\/\/aromasentia.com\/no\/wp-json\/wp\/v2\/product"}],"about":[{"href":"https:\/\/aromasentia.com\/no\/wp-json\/wp\/v2\/types\/product"}],"replies":[{"embeddable":true,"href":"https:\/\/aromasentia.com\/no\/wp-json\/wp\/v2\/comments?post=209344"}],"version-history":[{"count":0,"href":"https:\/\/aromasentia.com\/no\/wp-json\/wp\/v2\/product\/209344\/revisions"}],"wp:featuredmedia":[{"embeddable":true,"href":"https:\/\/aromasentia.com\/no\/wp-json\/wp\/v2\/media\/347962"}],"wp:attachment":[{"href":"https:\/\/aromasentia.com\/no\/wp-json\/wp\/v2\/media?parent=209344"}],"wp:term":[{"taxonomy":"product_brand","embeddable":true,"href":"https:\/\/aromasentia.com\/no\/wp-json\/wp\/v2\/product_brand?post=209344"},{"taxonomy":"product_cat","embeddable":true,"href":"https:\/\/aromasentia.com\/no\/wp-json\/wp\/v2\/product_cat?post=209344"},{"taxonomy":"product_tag","embeddable":true,"href":"https:\/\/aromasentia.com\/no\/wp-json\/wp\/v2\/product_tag?post=209344"}],"curies":[{"name":"wp","href":"https:\/\/api.w.org\/{rel}","templated":true}]}}