{"id":209343,"date":"2025-03-22T13:30:47","date_gmt":"2025-03-22T13:30:47","guid":{"rendered":"https:\/\/aromasentia.com\/product\/pack-of-24-l-tumble-stone-rose-quartz\/"},"modified":"2025-05-31T06:04:33","modified_gmt":"2025-05-31T06:04:33","slug":"pakke-med-24-l-tromlede-stener-rosenkvarts","status":"publish","type":"product","link":"https:\/\/aromasentia.com\/no\/pakke-med-24-l-tromlede-stener-rosenkvarts\/","title":{"rendered":"Pakke med 24 L Tromlede Stener &#8211; Rosenkvarts"},"content":{"rendered":"<p>Rosekvarts er en stein fra kvartsfamilien, som har f\u00e5tt sin karakteristiske rosa farge p\u00e5 grunn av blandinger av titan og mangan. Rosenkvarts er ogs\u00e5 sv\u00e6rt popul\u00e6r p\u00e5 grunn av sin betydning i mytologien, der den ble brukt til \u00e5 symbolisere kj\u00e6rlighet. Det er en stein som ofte velges av samlere, og den er grunnlaget for den astrologiske samlingen. Rosakvarts er perfekt som mineral for meditasjon og bekreftelse fordi den lett overf\u00f8rer energi.<\/p>\n<p><strong>Disse edelstenene er pakket i poser med 24 stk. og er ca. 20 mm &#8211; 30 mm per stein.<\/strong><\/p>\n","protected":false},"excerpt":{"rendered":"<p>Rosekvarts er en stein fra kvartsfamilien, som har f\u00e5tt sin karakteristiske rosa farge p\u00e5 grunn av blandinger av titan og mangan. Rosenkvarts er ogs\u00e5 sv\u00e6rt popul\u00e6r p\u00e5 grunn av sin betydning i mytologien, der den ble brukt til \u00e5 symbolisere kj\u00e6rlighet. Det er en stein som ofte velges av samlere, og den er grunnlaget for [&hellip;]<\/p>\n","protected":false},"featured_media":330974,"comment_status":"closed","ping_status":"open","template":"","meta":{"_angie_page":false},"product_brand":[],"product_cat":[9155,25221,25734,25746,9161],"product_tag":[],"class_list":{"0":"post-209343","1":"product","2":"type-product","3":"status-publish","4":"has-post-thumbnail","6":"product_cat-esoteriske-gaver","7":"product_cat-krystaller-edelsteiner","8":"product_cat-kvarts","9":"product_cat-rosenkvarts","10":"product_cat-trommelsteiner","11":"pa_collection-large-tumble-stones-no","12":"pa_made-in-namibia","14":"first","15":"instock","16":"purchasable","17":"product-type-simple"},"supplier_id":null,"supplier_sku":"TBm-12","barcode":null,"atum_controlled":true,"out_stock_date":null,"out_stock_threshold":null,"inheritable":false,"inbound_stock":null,"stock_on_hold":0,"sold_today":0,"sales_last_days":0,"reserved_stock":null,"customer_returns":null,"warehouse_damage":null,"lost_in_post":null,"other_logs":null,"out_stock_days":0,"lost_sales":0,"has_location":null,"update_date":"2026-04-27T07:24:00","atum_locations":[],"atum_stock_status":"instock","restock_status":false,"low_stock_amount":"","sales_update_date":"2025-09-05T00:26:28","calc_backorders":null,"_links":{"self":[{"href":"https:\/\/aromasentia.com\/no\/wp-json\/wp\/v2\/product\/209343","targetHints":{"allow":["GET"]}}],"collection":[{"href":"https:\/\/aromasentia.com\/no\/wp-json\/wp\/v2\/product"}],"about":[{"href":"https:\/\/aromasentia.com\/no\/wp-json\/wp\/v2\/types\/product"}],"replies":[{"embeddable":true,"href":"https:\/\/aromasentia.com\/no\/wp-json\/wp\/v2\/comments?post=209343"}],"version-history":[{"count":0,"href":"https:\/\/aromasentia.com\/no\/wp-json\/wp\/v2\/product\/209343\/revisions"}],"wp:featuredmedia":[{"embeddable":true,"href":"https:\/\/aromasentia.com\/no\/wp-json\/wp\/v2\/media\/330974"}],"wp:attachment":[{"href":"https:\/\/aromasentia.com\/no\/wp-json\/wp\/v2\/media?parent=209343"}],"wp:term":[{"taxonomy":"product_brand","embeddable":true,"href":"https:\/\/aromasentia.com\/no\/wp-json\/wp\/v2\/product_brand?post=209343"},{"taxonomy":"product_cat","embeddable":true,"href":"https:\/\/aromasentia.com\/no\/wp-json\/wp\/v2\/product_cat?post=209343"},{"taxonomy":"product_tag","embeddable":true,"href":"https:\/\/aromasentia.com\/no\/wp-json\/wp\/v2\/product_tag?post=209343"}],"curies":[{"name":"wp","href":"https:\/\/api.w.org\/{rel}","templated":true}]}}