{"id":209337,"date":"2025-03-22T13:30:47","date_gmt":"2025-03-22T13:30:47","guid":{"rendered":"https:\/\/aromasentia.com\/product\/pack-of-24-l-tumble-stones-quartz-green-l\/"},"modified":"2025-05-31T06:04:03","modified_gmt":"2025-05-31T06:04:03","slug":"pakke-med-24-l-tromlede-stener-quartz-green-l","status":"publish","type":"product","link":"https:\/\/aromasentia.com\/no\/pakke-med-24-l-tromlede-stener-quartz-green-l\/","title":{"rendered":"Pakke med 24 L Tromlede Stener &#8211; Quartz Green L"},"content":{"rendered":"<p>Edelstener er en del av mange gamle kulturer, ofte ansett som en talisman eller et symbol p\u00e5 lykke eller lykke. Ulike edelstener sies \u00e5 ha forskjellige egenskaper, og i tusenvis av \u00e5r har de blitt laget til ringer, armb\u00e5nd, amuletter, brosjer og anheng for \u00e5 fange magien deres. En popul\u00e6r teori er at edelstener inneholder vibrasjonsenergi. Ved \u00e5 plassere edelstener i en persons aura er det mulig \u00e5 endre vibrasjonene i den auraen.<\/p>\n<p>Uansett hva du tror p\u00e5, er edelstener attraktive, interessante og morsomme \u00e5 studere og samle p\u00e5!<\/p>\n","protected":false},"excerpt":{"rendered":"<p>Edelstener er en del av mange gamle kulturer, ofte ansett som en talisman eller et symbol p\u00e5 lykke eller lykke. Ulike edelstener sies \u00e5 ha forskjellige egenskaper, og i tusenvis av \u00e5r har de blitt laget til ringer, armb\u00e5nd, amuletter, brosjer og anheng for \u00e5 fange magien deres. En popul\u00e6r teori er at edelstener inneholder [&hellip;]<\/p>\n","protected":false},"featured_media":347795,"comment_status":"closed","ping_status":"open","template":"","meta":[],"product_brand":[],"product_cat":[9155,25221,25734,9161],"product_tag":[],"class_list":{"0":"post-209337","1":"product","2":"type-product","3":"status-publish","4":"has-post-thumbnail","6":"product_cat-esoteriske-gaver","7":"product_cat-krystaller-edelsteiner","8":"product_cat-kvarts","9":"product_cat-trommelsteiner","10":"pa_collection-large-tumble-stones-no","11":"pa_made-in-brasil","13":"first","14":"outofstock","15":"purchasable","16":"product-type-simple"},"supplier_id":null,"supplier_sku":"TBm-11","barcode":null,"atum_controlled":true,"out_stock_date":"2025-09-05 16:24:57","out_stock_threshold":null,"inheritable":false,"inbound_stock":null,"stock_on_hold":0,"sold_today":0,"sales_last_days":0,"reserved_stock":null,"customer_returns":null,"warehouse_damage":null,"lost_in_post":null,"other_logs":null,"out_stock_days":0,"lost_sales":0,"has_location":null,"update_date":"2026-02-11T18:08:49","atum_locations":[],"atum_stock_status":"outofstock","restock_status":false,"low_stock_amount":"","sales_update_date":"2025-09-05T00:26:24","calc_backorders":null,"_links":{"self":[{"href":"https:\/\/aromasentia.com\/no\/wp-json\/wp\/v2\/product\/209337","targetHints":{"allow":["GET"]}}],"collection":[{"href":"https:\/\/aromasentia.com\/no\/wp-json\/wp\/v2\/product"}],"about":[{"href":"https:\/\/aromasentia.com\/no\/wp-json\/wp\/v2\/types\/product"}],"replies":[{"embeddable":true,"href":"https:\/\/aromasentia.com\/no\/wp-json\/wp\/v2\/comments?post=209337"}],"version-history":[{"count":0,"href":"https:\/\/aromasentia.com\/no\/wp-json\/wp\/v2\/product\/209337\/revisions"}],"wp:featuredmedia":[{"embeddable":true,"href":"https:\/\/aromasentia.com\/no\/wp-json\/wp\/v2\/media\/347795"}],"wp:attachment":[{"href":"https:\/\/aromasentia.com\/no\/wp-json\/wp\/v2\/media?parent=209337"}],"wp:term":[{"taxonomy":"product_brand","embeddable":true,"href":"https:\/\/aromasentia.com\/no\/wp-json\/wp\/v2\/product_brand?post=209337"},{"taxonomy":"product_cat","embeddable":true,"href":"https:\/\/aromasentia.com\/no\/wp-json\/wp\/v2\/product_cat?post=209337"},{"taxonomy":"product_tag","embeddable":true,"href":"https:\/\/aromasentia.com\/no\/wp-json\/wp\/v2\/product_tag?post=209337"}],"curies":[{"name":"wp","href":"https:\/\/api.w.org\/{rel}","templated":true}]}}