{"id":209328,"date":"2025-03-22T13:30:47","date_gmt":"2025-03-22T13:30:47","guid":{"rendered":"https:\/\/aromasentia.com\/product\/gemstone-lantern-of-life-pendulum-sunstone-tigereye\/"},"modified":"2025-05-31T06:03:33","modified_gmt":"2025-05-31T06:03:33","slug":"livets-lanterne-av-edelstener-solstein-tigereye","status":"publish","type":"product","link":"https:\/\/aromasentia.com\/no\/livets-lanterne-av-edelstener-solstein-tigereye\/","title":{"rendered":"Livets Lanterne Av Edelstener &#8211; Solstein &#038; Tigereye"},"content":{"rendered":"<p>Driv opp dine kunders f\u00f8lelse av vitalitet og selvtillit med den fengslende <strong>Wholesale Sunstone &amp; Tiger Eye Lantern of Life Pendulum<\/strong>. Denne pendelen henger i en delikat kjede og fungerer som et kraftig verkt\u00f8y for \u00e5 tenne indre ild og oppn\u00e5 personlige m\u00e5l.<\/p>\n<p><strong> Kombinasjonen av solstein og tiger\u00f8ye gir en overbevisende synergi<\/strong>. Solsteinen antas \u00e5 vekke optimisme, motivasjon og en f\u00f8lelse av personlig styrke, mens tiger\u00f8yet fremmer mot, besluttsomhet og vilje til \u00e5 overvinne utfordringer. Denne kombinasjonen gir gjenklang hos kunder som \u00f8nsker \u00e5 frigj\u00f8re sitt fulle potensial og navigere gjennom livets hindringer med motstandskraft.<\/p>\n<p>Lanternedesignet tilf\u00f8rer pendelen symbolikk. <strong>Lanterner lyser opp veien fremover<\/strong>, og gir veiledning og h\u00e5p. Dette gir gjenklang hos kunder som s\u00f8ker retning og indre styrke n\u00e5r de forf\u00f8lger sine m\u00e5l.<\/p>\n<p>Sunstone &amp; Tiger Eye Lantern of Life Pendulum er ideell for en rekke metafysiske praksiser. Kundene kan bruke den til <strong>dowsing, sp\u00e5dom, energiarbeid eller meditasjon<\/strong>, slik at de kan f\u00e5 kontakt med sin indre ild og intuisjon.<\/p>\n<p>Metafysiske pendler er <strong>stadig mer popul\u00e6re<\/strong> blant kunder som s\u00f8ker alternative metoder for selvoppdagelse og velv\u00e6re. Ved \u00e5 tilby denne unike lyktedesignen, im\u00f8tekommer du et voksende marked.<\/p>\n<p>Bli en partner i empowerment &#8211; handle n\u00e5!<\/p>\n<p>\n","protected":false},"excerpt":{"rendered":"<p>Driv opp dine kunders f\u00f8lelse av vitalitet og selvtillit med den fengslende Wholesale Sunstone &amp; Tiger Eye Lantern of Life Pendulum. Denne pendelen henger i en delikat kjede og fungerer som et kraftig verkt\u00f8y for \u00e5 tenne indre ild og oppn\u00e5 personlige m\u00e5l. Kombinasjonen av solstein og tiger\u00f8ye gir en overbevisende synergi. Solsteinen antas \u00e5 [&hellip;]<\/p>\n","protected":false},"featured_media":347538,"comment_status":"closed","ping_status":"open","template":"","meta":{"_angie_page":false},"product_brand":[],"product_cat":[9155,25221,9158,25777,25783],"product_tag":[],"class_list":{"0":"post-209328","1":"product","2":"type-product","3":"status-publish","4":"has-post-thumbnail","6":"product_cat-esoteriske-gaver","7":"product_cat-krystaller-edelsteiner","8":"product_cat-pendler-og-runesett","9":"product_cat-solstein","10":"product_cat-tigeroye","11":"pa_collection-special-pendulums-no","12":"pa_made-in-india","14":"first","15":"instock","16":"purchasable","17":"product-type-simple"},"supplier_id":null,"supplier_sku":"SpecMP-65","barcode":null,"atum_controlled":true,"out_stock_date":null,"out_stock_threshold":null,"inheritable":false,"inbound_stock":null,"stock_on_hold":0,"sold_today":0,"sales_last_days":0,"reserved_stock":null,"customer_returns":null,"warehouse_damage":null,"lost_in_post":null,"other_logs":null,"out_stock_days":0,"lost_sales":0,"has_location":null,"update_date":"2026-04-27T07:22:53","atum_locations":[],"atum_stock_status":"instock","restock_status":false,"low_stock_amount":"","sales_update_date":"2026-01-30T01:26:37","calc_backorders":null,"_links":{"self":[{"href":"https:\/\/aromasentia.com\/no\/wp-json\/wp\/v2\/product\/209328","targetHints":{"allow":["GET"]}}],"collection":[{"href":"https:\/\/aromasentia.com\/no\/wp-json\/wp\/v2\/product"}],"about":[{"href":"https:\/\/aromasentia.com\/no\/wp-json\/wp\/v2\/types\/product"}],"replies":[{"embeddable":true,"href":"https:\/\/aromasentia.com\/no\/wp-json\/wp\/v2\/comments?post=209328"}],"version-history":[{"count":0,"href":"https:\/\/aromasentia.com\/no\/wp-json\/wp\/v2\/product\/209328\/revisions"}],"wp:featuredmedia":[{"embeddable":true,"href":"https:\/\/aromasentia.com\/no\/wp-json\/wp\/v2\/media\/347538"}],"wp:attachment":[{"href":"https:\/\/aromasentia.com\/no\/wp-json\/wp\/v2\/media?parent=209328"}],"wp:term":[{"taxonomy":"product_brand","embeddable":true,"href":"https:\/\/aromasentia.com\/no\/wp-json\/wp\/v2\/product_brand?post=209328"},{"taxonomy":"product_cat","embeddable":true,"href":"https:\/\/aromasentia.com\/no\/wp-json\/wp\/v2\/product_cat?post=209328"},{"taxonomy":"product_tag","embeddable":true,"href":"https:\/\/aromasentia.com\/no\/wp-json\/wp\/v2\/product_tag?post=209328"}],"curies":[{"name":"wp","href":"https:\/\/api.w.org\/{rel}","templated":true}]}}