{"id":209327,"date":"2025-03-22T13:30:47","date_gmt":"2025-03-22T13:30:47","guid":{"rendered":"https:\/\/aromasentia.com\/product\/gemstone-lantern-of-life-pendulum-black-agate-rose-quartz\/"},"modified":"2025-05-31T06:03:28","modified_gmt":"2025-05-31T06:03:28","slug":"lantern-of-life-pendel-av-edelstener-svart-agat-og-rosakvarts","status":"publish","type":"product","link":"https:\/\/aromasentia.com\/no\/lantern-of-life-pendel-av-edelstener-svart-agat-og-rosakvarts\/","title":{"rendered":"Lantern Of Life-Pendel Av Edelstener &#8211; Svart Agat Og Rosakvarts"},"content":{"rendered":"<p>Styrk dine kunders evne til \u00e5 kultivere en f\u00f8lelse av fred og velv\u00e6re med den fengslende <strong>Wholesale Gemstone Lantern of Life Pendulum med svart agat og rosenkvarts<\/strong>. Pendelen henger i en delikat kjede og fungerer som et kraftfullt verkt\u00f8y for \u00e5ndelig utforskning og selvoppdagelse.<\/p>\n<p><strong>Kombinasjonen av svart agat og rosenkvarts gir en overbevisende dualitet<\/strong>. Svart agat antas \u00e5 gi en f\u00f8lelse av trygghet og f\u00f8lelsesmessig forankring, mens rosenkvarts fremmer kj\u00e6rlighet, medf\u00f8lelse og indre fred. Denne synergien gir gjenklang hos kunder som s\u00f8ker en avrundet tiln\u00e6rming til \u00e5ndelig vekst.<\/p>\n<p>Lanternedesignet tilf\u00f8rer pendelen symbolikk. <strong>Lanterner lyser opp veien fremover<\/strong>, og gir veiledning og h\u00e5p. Dette gir gjenklang hos kunder som s\u00f8ker veiledning og st\u00f8tte p\u00e5 sine \u00e5ndelige reiser.<\/p>\n<p>Denne pendelen er ideell for en rekke metafysiske praksiser. Kundene kan bruke den til <strong>dowsing, sp\u00e5dom, energiarbeid eller meditasjon<\/strong>, slik at de kan komme i kontakt med sin indre visdom og intuisjon.<\/p>\n<p>Metafysiske pendler blir stadig mer popul\u00e6re blant kunder som s\u00f8ker alternative metoder for selvoppdagelse og velv\u00e6re. <strong>Ved \u00e5 tilby denne unike lyktedesignen im\u00f8tekommer du et voksende marked<\/strong>.&nbsp;<\/p>\n<p>Bli en partner i vekst &#8211; handle n\u00e5!<\/p><\/p>\n","protected":false},"excerpt":{"rendered":"<p>Styrk dine kunders evne til \u00e5 kultivere en f\u00f8lelse av fred og velv\u00e6re med den fengslende Wholesale Gemstone Lantern of Life Pendulum med svart agat og rosenkvarts. Pendelen henger i en delikat kjede og fungerer som et kraftfullt verkt\u00f8y for \u00e5ndelig utforskning og selvoppdagelse. Kombinasjonen av svart agat og rosenkvarts gir en overbevisende dualitet. Svart [&hellip;]<\/p>\n","protected":false},"featured_media":347513,"comment_status":"closed","ping_status":"open","template":"","meta":{"_angie_page":false},"product_brand":[],"product_cat":[25539,9155,25221,25734,9158,25746],"product_tag":[],"class_list":{"0":"post-209327","1":"product","2":"type-product","3":"status-publish","4":"has-post-thumbnail","6":"product_cat-agat","7":"product_cat-esoteriske-gaver","8":"product_cat-krystaller-edelsteiner","9":"product_cat-kvarts","10":"product_cat-pendler-og-runesett","11":"product_cat-rosenkvarts","12":"pa_collection-special-pendulums-no","13":"pa_made-in-india","15":"first","16":"instock","17":"purchasable","18":"product-type-simple"},"supplier_id":null,"supplier_sku":"SpecMP-64","barcode":null,"atum_controlled":true,"out_stock_date":null,"out_stock_threshold":null,"inheritable":false,"inbound_stock":null,"stock_on_hold":0,"sold_today":0,"sales_last_days":0,"reserved_stock":null,"customer_returns":null,"warehouse_damage":null,"lost_in_post":null,"other_logs":null,"out_stock_days":0,"lost_sales":0,"has_location":null,"update_date":"2026-04-27T19:08:26","atum_locations":[],"atum_stock_status":"instock","restock_status":false,"low_stock_amount":"","sales_update_date":"2026-01-20T05:14:07","calc_backorders":null,"_links":{"self":[{"href":"https:\/\/aromasentia.com\/no\/wp-json\/wp\/v2\/product\/209327","targetHints":{"allow":["GET"]}}],"collection":[{"href":"https:\/\/aromasentia.com\/no\/wp-json\/wp\/v2\/product"}],"about":[{"href":"https:\/\/aromasentia.com\/no\/wp-json\/wp\/v2\/types\/product"}],"replies":[{"embeddable":true,"href":"https:\/\/aromasentia.com\/no\/wp-json\/wp\/v2\/comments?post=209327"}],"version-history":[{"count":0,"href":"https:\/\/aromasentia.com\/no\/wp-json\/wp\/v2\/product\/209327\/revisions"}],"wp:featuredmedia":[{"embeddable":true,"href":"https:\/\/aromasentia.com\/no\/wp-json\/wp\/v2\/media\/347513"}],"wp:attachment":[{"href":"https:\/\/aromasentia.com\/no\/wp-json\/wp\/v2\/media?parent=209327"}],"wp:term":[{"taxonomy":"product_brand","embeddable":true,"href":"https:\/\/aromasentia.com\/no\/wp-json\/wp\/v2\/product_brand?post=209327"},{"taxonomy":"product_cat","embeddable":true,"href":"https:\/\/aromasentia.com\/no\/wp-json\/wp\/v2\/product_cat?post=209327"},{"taxonomy":"product_tag","embeddable":true,"href":"https:\/\/aromasentia.com\/no\/wp-json\/wp\/v2\/product_tag?post=209327"}],"curies":[{"name":"wp","href":"https:\/\/api.w.org\/{rel}","templated":true}]}}