{"id":209325,"date":"2025-03-22T13:30:47","date_gmt":"2025-03-22T13:30:47","guid":{"rendered":"https:\/\/aromasentia.com\/product\/shiva-lingam-with-band-pendulum\/"},"modified":"2025-05-31T06:03:12","modified_gmt":"2025-05-31T06:03:12","slug":"shiva-lingam-med-bandpendel","status":"publish","type":"product","link":"https:\/\/aromasentia.com\/no\/shiva-lingam-med-bandpendel\/","title":{"rendered":"Shiva Lingam med B\u00e5ndpendel"},"content":{"rendered":"<p>Inkorporer et fengslende samtaleemne i varelageret ditt med <strong>Wholesale Shiva Lingam med b\u00e5ndpendel<\/strong>. Dette spennende produktet overskrider bare utsmykning, og tilbyr en kraftig sammenl\u00f8p av \u00e5ndelig symbolikk og praktisk funksjonalitet.<\/p>\n<p>En hj\u00f8rnestein i hinduismen, Shiva Lingam, vanligvis avbildet som en ovalformet stein, representerer den forml\u00f8se virkeligheten til Brahman og den kosmiske s\u00f8ylen.<\/p>\n<p>Dette funksjonelle elementet gir brukerne mulighet til \u00e5 utforske verdener utenfor det fysiske, ved \u00e5 bruke pendelen til <strong>dowsing, sp\u00e5doms\u00f8velser<\/strong> eller til \u00e5 komme i kontakt med sitt indre. <\/p>\n<p>Den \u00f8kende interessen for \u00e5ndelig utforskning og metafysiske verkt\u00f8y \u00f8ker populariteten til Shiva Lingams og pendler. <\/p>\n<p> <strong>Ved \u00e5 tilby denne unike kombinasjonen henvender du deg til en bred kundebase<\/strong>.<\/p>\n<p>Frigj\u00f8r potensialet i dette unike verkt\u00f8yet &#8211; bestill n\u00e5!<\/p>\n<\/p>\n<p>\n","protected":false},"excerpt":{"rendered":"<p>Inkorporer et fengslende samtaleemne i varelageret ditt med Wholesale Shiva Lingam med b\u00e5ndpendel. Dette spennende produktet overskrider bare utsmykning, og tilbyr en kraftig sammenl\u00f8p av \u00e5ndelig symbolikk og praktisk funksjonalitet. En hj\u00f8rnestein i hinduismen, Shiva Lingam, vanligvis avbildet som en ovalformet stein, representerer den forml\u00f8se virkeligheten til Brahman og den kosmiske s\u00f8ylen. Dette funksjonelle elementet [&hellip;]<\/p>\n","protected":false},"featured_media":347463,"comment_status":"closed","ping_status":"open","template":"","meta":{"_angie_page":false},"product_brand":[],"product_cat":[9155,25221,9158,25758],"product_tag":[],"class_list":{"0":"post-209325","1":"product","2":"type-product","3":"status-publish","4":"has-post-thumbnail","6":"product_cat-esoteriske-gaver","7":"product_cat-krystaller-edelsteiner","8":"product_cat-pendler-og-runesett","9":"product_cat-shiva-lingam","10":"pa_collection-special-pendulums-no","11":"pa_made-in-india","13":"first","14":"instock","15":"purchasable","16":"product-type-simple"},"supplier_id":null,"supplier_sku":"SpecMP-62","barcode":null,"atum_controlled":true,"out_stock_date":null,"out_stock_threshold":null,"inheritable":false,"inbound_stock":null,"stock_on_hold":0,"sold_today":0,"sales_last_days":0,"reserved_stock":null,"customer_returns":null,"warehouse_damage":null,"lost_in_post":null,"other_logs":null,"out_stock_days":0,"lost_sales":0,"has_location":null,"update_date":"2026-04-27T19:08:26","atum_locations":[],"atum_stock_status":"instock","restock_status":false,"low_stock_amount":"","sales_update_date":"2026-01-30T01:26:28","calc_backorders":null,"_links":{"self":[{"href":"https:\/\/aromasentia.com\/no\/wp-json\/wp\/v2\/product\/209325","targetHints":{"allow":["GET"]}}],"collection":[{"href":"https:\/\/aromasentia.com\/no\/wp-json\/wp\/v2\/product"}],"about":[{"href":"https:\/\/aromasentia.com\/no\/wp-json\/wp\/v2\/types\/product"}],"replies":[{"embeddable":true,"href":"https:\/\/aromasentia.com\/no\/wp-json\/wp\/v2\/comments?post=209325"}],"version-history":[{"count":0,"href":"https:\/\/aromasentia.com\/no\/wp-json\/wp\/v2\/product\/209325\/revisions"}],"wp:featuredmedia":[{"embeddable":true,"href":"https:\/\/aromasentia.com\/no\/wp-json\/wp\/v2\/media\/347463"}],"wp:attachment":[{"href":"https:\/\/aromasentia.com\/no\/wp-json\/wp\/v2\/media?parent=209325"}],"wp:term":[{"taxonomy":"product_brand","embeddable":true,"href":"https:\/\/aromasentia.com\/no\/wp-json\/wp\/v2\/product_brand?post=209325"},{"taxonomy":"product_cat","embeddable":true,"href":"https:\/\/aromasentia.com\/no\/wp-json\/wp\/v2\/product_cat?post=209325"},{"taxonomy":"product_tag","embeddable":true,"href":"https:\/\/aromasentia.com\/no\/wp-json\/wp\/v2\/product_tag?post=209325"}],"curies":[{"name":"wp","href":"https:\/\/api.w.org\/{rel}","templated":true}]}}