{"id":209322,"date":"2025-03-22T13:30:47","date_gmt":"2025-03-22T13:30:47","guid":{"rendered":"https:\/\/aromasentia.com\/product\/faceted-gemstone-pendulum-amethyst\/"},"modified":"2025-05-31T06:03:00","modified_gmt":"2025-05-31T06:03:00","slug":"fasettert-edelsten-anheng-ametyst","status":"publish","type":"product","link":"https:\/\/aromasentia.com\/no\/fasettert-edelsten-anheng-ametyst\/","title":{"rendered":"Fasettert Edelsten Anheng &#8211; Ametyst"},"content":{"rendered":"<p>Gi butikken din en sofistikert og spirituell energi med disse <strong>Fasetterte ametystpendlene<\/strong>. Disse pendelene har fengslende fasetterte ametyst-edelstener, hver og en omhyggelig slipt og polert for \u00e5 avsl\u00f8re steinens glans og fargedybde.<\/p>\n<p><strong>Ametyst<\/strong>, \u00e6ret for sine fascinerende lilla fargetoner, er en popul\u00e6r stein <strong>trodd p\u00e5 \u00e5 fremme \u00e5ndelig bevissthet, klar tenkning og intuisjon<\/strong>. Den presise fasetteringen av disse pendelene forsterker ametystens naturlige skj\u00f8nnhet og antas \u00e5 forbedre krystallens evne til \u00e5 fokusere energi.<\/p>\n<p>Utvide produkttilbudet ditt med disse elegante pendelene. De brukes tradisjonelt til <strong>dowsing og sp\u00e5domskunst<\/strong>, men kan ogs\u00e5 brukes til <strong>meditasjon, avslapping<\/strong> eller som et vakkert smykke. Den glatte, polerte overflaten p\u00e5 ametysten er behagelig \u00e5 holde i, og det vektede punktet gir en tilfredsstillende svingning under bruk.<\/p>\n<p>Disse polerte ametystpendlene selges til engrospriser og er <strong>perfekte for metafysiske butikker, gavebutikker<\/strong> eller andre forhandlere som er ute etter unike og trendy varer. De er lette og enkle \u00e5 stille ut, krever minimalt med hylleplass og kan generere betydelig fortjeneste. <\/p>\n<p>Bestill din pendel i dag og ta del i det voksende markedet for krystallhealingsgaver! <\/p>\n<\/p>\n<p>Bestill din pendel i dag og ta del i det voksende markedet for krystallhealingsgaver!<\/p>\n","protected":false},"excerpt":{"rendered":"<p>Gi butikken din en sofistikert og spirituell energi med disse Fasetterte ametystpendlene. Disse pendelene har fengslende fasetterte ametyst-edelstener, hver og en omhyggelig slipt og polert for \u00e5 avsl\u00f8re steinens glans og fargedybde. Ametyst, \u00e6ret for sine fascinerende lilla fargetoner, er en popul\u00e6r stein trodd p\u00e5 \u00e5 fremme \u00e5ndelig bevissthet, klar tenkning og intuisjon. Den presise [&hellip;]<\/p>\n","protected":false},"featured_media":347380,"comment_status":"closed","ping_status":"open","template":"","meta":{"_angie_page":false},"product_brand":[],"product_cat":[25548,9155,25221,9158],"product_tag":[],"class_list":{"0":"post-209322","1":"product","2":"type-product","3":"status-publish","4":"has-post-thumbnail","6":"product_cat-ametyst","7":"product_cat-esoteriske-gaver","8":"product_cat-krystaller-edelsteiner","9":"product_cat-pendler-og-runesett","10":"pa_collection-special-pendulums-no","11":"pa_made-in-india","13":"first","14":"instock","15":"purchasable","16":"product-type-simple"},"supplier_id":null,"supplier_sku":"SpecMP-59","barcode":null,"atum_controlled":true,"out_stock_date":null,"out_stock_threshold":null,"inheritable":false,"inbound_stock":null,"stock_on_hold":0,"sold_today":0,"sales_last_days":0,"reserved_stock":null,"customer_returns":null,"warehouse_damage":null,"lost_in_post":null,"other_logs":null,"out_stock_days":0,"lost_sales":0,"has_location":null,"update_date":"2026-04-27T19:08:26","atum_locations":[],"atum_stock_status":"instock","restock_status":false,"low_stock_amount":"","sales_update_date":"2026-02-06T00:01:50","calc_backorders":null,"_links":{"self":[{"href":"https:\/\/aromasentia.com\/no\/wp-json\/wp\/v2\/product\/209322","targetHints":{"allow":["GET"]}}],"collection":[{"href":"https:\/\/aromasentia.com\/no\/wp-json\/wp\/v2\/product"}],"about":[{"href":"https:\/\/aromasentia.com\/no\/wp-json\/wp\/v2\/types\/product"}],"replies":[{"embeddable":true,"href":"https:\/\/aromasentia.com\/no\/wp-json\/wp\/v2\/comments?post=209322"}],"version-history":[{"count":0,"href":"https:\/\/aromasentia.com\/no\/wp-json\/wp\/v2\/product\/209322\/revisions"}],"wp:featuredmedia":[{"embeddable":true,"href":"https:\/\/aromasentia.com\/no\/wp-json\/wp\/v2\/media\/347380"}],"wp:attachment":[{"href":"https:\/\/aromasentia.com\/no\/wp-json\/wp\/v2\/media?parent=209322"}],"wp:term":[{"taxonomy":"product_brand","embeddable":true,"href":"https:\/\/aromasentia.com\/no\/wp-json\/wp\/v2\/product_brand?post=209322"},{"taxonomy":"product_cat","embeddable":true,"href":"https:\/\/aromasentia.com\/no\/wp-json\/wp\/v2\/product_cat?post=209322"},{"taxonomy":"product_tag","embeddable":true,"href":"https:\/\/aromasentia.com\/no\/wp-json\/wp\/v2\/product_tag?post=209322"}],"curies":[{"name":"wp","href":"https:\/\/api.w.org\/{rel}","templated":true}]}}