{"id":209307,"date":"2025-03-22T13:30:57","date_gmt":"2025-03-22T13:30:57","guid":{"rendered":"https:\/\/aromasentia.com\/product\/med-black-beaten-bowl-15cm\/"},"modified":"2025-05-31T06:01:46","modified_gmt":"2025-05-31T06:01:46","slug":"black-beaten-bowl-15-cm","status":"publish","type":"product","link":"https:\/\/aromasentia.com\/no\/black-beaten-bowl-15-cm\/","title":{"rendered":"Black Beaten Bowl &#8211; 15 cm"},"content":{"rendered":"<p style=\"text-align: justify;\"><strong>I buddhistisk praksis brukes syngesk\u00e5ler som st\u00f8tte for meditasjon, tranceinduksjon og b\u00f8nn.<\/strong><\/p>\n<p style=\"text-align: justify;\">Sangsk\u00e5ler er en type bjelle, men i stedet for \u00e5 henge omvendt eller festet til et h\u00e5ndtak, sitter syngesk\u00e5lene med bunnflaten hvilende. Sidene og kanten p\u00e5 syngesk\u00e5lene vibrerer for \u00e5 produsere lyd.<\/p>\n<p style=\"text-align: justify;\"><strong>St\u00f8rrelse: D: 15 cm , H: 9 cm<\/strong><\/p>\n","protected":false},"excerpt":{"rendered":"<p>I buddhistisk praksis brukes syngesk\u00e5ler som st\u00f8tte for meditasjon, tranceinduksjon og b\u00f8nn. Sangsk\u00e5ler er en type bjelle, men i stedet for \u00e5 henge omvendt eller festet til et h\u00e5ndtak, sitter syngesk\u00e5lene med bunnflaten hvilende. Sidene og kanten p\u00e5 syngesk\u00e5lene vibrerer for \u00e5 produsere lyd. St\u00f8rrelse: D: 15 cm , H: 9 cm<\/p>\n","protected":false},"featured_media":349082,"comment_status":"closed","ping_status":"open","template":"","meta":{"_angie_page":false},"product_brand":[],"product_cat":[8394,9169],"product_tag":[],"class_list":{"0":"post-209307","1":"product","2":"type-product","3":"status-publish","4":"has-post-thumbnail","6":"product_cat-hjem-og-hage","7":"product_cat-syngeboller-og-bjeller","8":"pa_collection-tibetan-singing-bowls-no","9":"pa_made-in-india","11":"first","12":"instock","13":"purchasable","14":"product-type-simple"},"supplier_id":null,"supplier_sku":"Tib-85","barcode":null,"atum_controlled":true,"out_stock_date":null,"out_stock_threshold":null,"inheritable":false,"inbound_stock":null,"stock_on_hold":0,"sold_today":0,"sales_last_days":0,"reserved_stock":null,"customer_returns":null,"warehouse_damage":null,"lost_in_post":null,"other_logs":null,"out_stock_days":0,"lost_sales":0,"has_location":null,"update_date":"2026-05-08T05:20:19","atum_locations":[],"atum_stock_status":"instock","restock_status":false,"low_stock_amount":"","sales_update_date":"2025-09-05T00:26:45","calc_backorders":null,"_links":{"self":[{"href":"https:\/\/aromasentia.com\/no\/wp-json\/wp\/v2\/product\/209307","targetHints":{"allow":["GET"]}}],"collection":[{"href":"https:\/\/aromasentia.com\/no\/wp-json\/wp\/v2\/product"}],"about":[{"href":"https:\/\/aromasentia.com\/no\/wp-json\/wp\/v2\/types\/product"}],"replies":[{"embeddable":true,"href":"https:\/\/aromasentia.com\/no\/wp-json\/wp\/v2\/comments?post=209307"}],"version-history":[{"count":0,"href":"https:\/\/aromasentia.com\/no\/wp-json\/wp\/v2\/product\/209307\/revisions"}],"wp:featuredmedia":[{"embeddable":true,"href":"https:\/\/aromasentia.com\/no\/wp-json\/wp\/v2\/media\/349082"}],"wp:attachment":[{"href":"https:\/\/aromasentia.com\/no\/wp-json\/wp\/v2\/media?parent=209307"}],"wp:term":[{"taxonomy":"product_brand","embeddable":true,"href":"https:\/\/aromasentia.com\/no\/wp-json\/wp\/v2\/product_brand?post=209307"},{"taxonomy":"product_cat","embeddable":true,"href":"https:\/\/aromasentia.com\/no\/wp-json\/wp\/v2\/product_cat?post=209307"},{"taxonomy":"product_tag","embeddable":true,"href":"https:\/\/aromasentia.com\/no\/wp-json\/wp\/v2\/product_tag?post=209307"}],"curies":[{"name":"wp","href":"https:\/\/api.w.org\/{rel}","templated":true}]}}