{"id":209291,"date":"2025-03-22T13:30:57","date_gmt":"2025-03-22T13:30:57","guid":{"rendered":"https:\/\/aromasentia.com\/product\/brass-singing-bowl-gift-set-9cm\/"},"modified":"2025-05-31T06:00:36","modified_gmt":"2025-05-31T06:00:36","slug":"gavesett-med-syngeskal-i-messing-9-cm","status":"publish","type":"product","link":"https:\/\/aromasentia.com\/no\/gavesett-med-syngeskal-i-messing-9-cm\/","title":{"rendered":"Gavesett med Syngesk\u00e5l I Messing &#8211; 9 cm"},"content":{"rendered":"<p><span style=\"color: rgb(75, 80, 88);\">Perfekt tibetansk gave. Fin polstret eske med messingsk\u00e5l, pute og semsket skinnpinne. Bruk treenden av pinnen til \u00e5 f\u00e5 sk\u00e5len til \u00e5 synge. Den polstrede enden lager en guddommelig dong. En gave som vil gj\u00f8re noen mer enn glad &#8211; og bringe litt ekstra indre ro.<\/span><\/p>\n<p><span style=\"color: rgb(75, 80, 88);\">St\u00f8rrelser: Eske: 13,5 x 13,5 x 6,5 cm, &nbsp; Sk\u00e5l: D: 9 cm, H: 4 cm<\/span><\/p>\n<p><span style=\"color: rgb(75, 80, 88);\">Pute: 8 x 8 cm, Pinne: L: 11,5 cm<\/span><\/p>\n<p><span style=\"color: rgb(75, 80, 88);\"><\/span><span style=\"color: rgb(75, 80, 88);\">I buddhistisk praksis brukes syngesk\u00e5ler som st\u00f8tte for meditasjon, transeinnledning og b\u00f8nn. G\u00e5 inn i denne fortryllende verdenen &#8230; s\u00e5 lag den guddommelige dong og bli fortryllet.<\/span><\/p>\n<p><span style=\"color: rgb(75, 80, 88);\">Syngesk\u00e5ler er en type bjelle, i stedet for \u00e5 henge invertert eller festet til et h\u00e5ndtak, sitter syngesk\u00e5lene med bunnflaten hvilende. Sidene og kanten av syngesk\u00e5lene vibrerer for \u00e5 produsere lyd.<\/span><\/p>\n<p><span style=\"color: rgb(75, 80, 88);\">*Merk: P\u00e5 grunn av produktenes natur kan st\u00f8rrelsene variere noe.<\/span><\/p>\n<p><span style=\"color: rgb(75, 80, 88);\">Laget av tibetanske munker i eksil i India. Direkte import, slik at du kan v\u00e6re sikker p\u00e5 verdi og kvalitet.<\/span><\/p>\n","protected":false},"excerpt":{"rendered":"<p>Perfekt tibetansk gave. Fin polstret eske med messingsk\u00e5l, pute og semsket skinnpinne. Bruk treenden av pinnen til \u00e5 f\u00e5 sk\u00e5len til \u00e5 synge. Den polstrede enden lager en guddommelig dong. En gave som vil gj\u00f8re noen mer enn glad &#8211; og bringe litt ekstra indre ro. St\u00f8rrelser: Eske: 13,5 x 13,5 x 6,5 cm, &nbsp; [&hellip;]<\/p>\n","protected":false},"featured_media":348538,"comment_status":"closed","ping_status":"open","template":"","meta":[],"product_brand":[],"product_cat":[8394,9169],"product_tag":[],"class_list":{"0":"post-209291","1":"product","2":"type-product","3":"status-publish","4":"has-post-thumbnail","6":"product_cat-hjem-og-hage","7":"product_cat-syngeboller-og-bjeller","8":"pa_collection-tibetan-singing-bowls-no","9":"pa_made-in-india","11":"first","12":"instock","13":"purchasable","14":"product-type-simple"},"supplier_id":null,"supplier_sku":"Tib-53","barcode":null,"atum_controlled":true,"out_stock_date":null,"out_stock_threshold":null,"inheritable":false,"inbound_stock":null,"stock_on_hold":0,"sold_today":0,"sales_last_days":0,"reserved_stock":null,"customer_returns":null,"warehouse_damage":null,"lost_in_post":null,"other_logs":null,"out_stock_days":0,"lost_sales":0,"has_location":null,"update_date":"2026-02-09T10:24:34","atum_locations":[],"atum_stock_status":"instock","restock_status":false,"low_stock_amount":"","sales_update_date":"2025-09-05T00:26:39","calc_backorders":null,"_links":{"self":[{"href":"https:\/\/aromasentia.com\/no\/wp-json\/wp\/v2\/product\/209291","targetHints":{"allow":["GET"]}}],"collection":[{"href":"https:\/\/aromasentia.com\/no\/wp-json\/wp\/v2\/product"}],"about":[{"href":"https:\/\/aromasentia.com\/no\/wp-json\/wp\/v2\/types\/product"}],"replies":[{"embeddable":true,"href":"https:\/\/aromasentia.com\/no\/wp-json\/wp\/v2\/comments?post=209291"}],"version-history":[{"count":0,"href":"https:\/\/aromasentia.com\/no\/wp-json\/wp\/v2\/product\/209291\/revisions"}],"wp:featuredmedia":[{"embeddable":true,"href":"https:\/\/aromasentia.com\/no\/wp-json\/wp\/v2\/media\/348538"}],"wp:attachment":[{"href":"https:\/\/aromasentia.com\/no\/wp-json\/wp\/v2\/media?parent=209291"}],"wp:term":[{"taxonomy":"product_brand","embeddable":true,"href":"https:\/\/aromasentia.com\/no\/wp-json\/wp\/v2\/product_brand?post=209291"},{"taxonomy":"product_cat","embeddable":true,"href":"https:\/\/aromasentia.com\/no\/wp-json\/wp\/v2\/product_cat?post=209291"},{"taxonomy":"product_tag","embeddable":true,"href":"https:\/\/aromasentia.com\/no\/wp-json\/wp\/v2\/product_tag?post=209291"}],"curies":[{"name":"wp","href":"https:\/\/api.w.org\/{rel}","templated":true}]}}