{"id":209275,"date":"2025-03-22T13:30:57","date_gmt":"2025-03-22T13:30:57","guid":{"rendered":"https:\/\/aromasentia.com\/product\/pack-of-18-xl-tumble-stones-rose-quartz-grade-p\/"},"modified":"2025-05-31T05:59:18","modified_gmt":"2025-05-31T05:59:18","slug":"pakke-med-18-xl-tromlede-stener-rosenkvarts-grade-p","status":"publish","type":"product","link":"https:\/\/aromasentia.com\/no\/pakke-med-18-xl-tromlede-stener-rosenkvarts-grade-p\/","title":{"rendered":"Pakke med 18 XL Tromlede Stener &#8211; Rosenkvarts Grade P"},"content":{"rendered":"<p>Edelstener er en del av mange gamle kulturer, ofte ansett som en **talisman eller et symbol p\u00e5 lykke eller formue**. I tusenvis av \u00e5r har de blitt laget til ringer, armb\u00e5nd, amuletter, brosjer og anheng for \u00e5 fange magien deres.<\/p>\n<p><strong>Rosenkvarts&#8217; gamle visdomskrefter: Kj\u00e6rlighet og forsoning<\/strong><\/p>\n<p>En popul\u00e6r teori er at edelstener inneholder vibrasjonsenergi. Ved \u00e5 plassere edelstener i en persons aura er det mulig \u00e5 endre vibrasjonene i den auraen.<\/p>\n<p><strong>Trumlesteiner &#8211; Rosenkvarts XL<\/strong> er vakre naturlige materialer som har f\u00e5tt en behagelig form og en blank polering. Attraktive, interessante og morsomme \u00e5 samle p\u00e5, de selger absolutt godt!<\/p>\n<p>Disse tumble edelstenene er pakket i poser med 18 stk. og er omtrent 30 mm &#8211; 40 mm per stein.<\/p>\n<p><strong><span style=\"color: rgb(141, 186, 216);\">En god utstilling i en gavebutikk eller hobbybutikk vil alltid generere salg.<\/span><\/strong><\/p>\n","protected":false},"excerpt":{"rendered":"<p>Edelstener er en del av mange gamle kulturer, ofte ansett som en **talisman eller et symbol p\u00e5 lykke eller formue**. I tusenvis av \u00e5r har de blitt laget til ringer, armb\u00e5nd, amuletter, brosjer og anheng for \u00e5 fange magien deres. Rosenkvarts&#8217; gamle visdomskrefter: Kj\u00e6rlighet og forsoning En popul\u00e6r teori er at edelstener inneholder vibrasjonsenergi. Ved [&hellip;]<\/p>\n","protected":false},"featured_media":348362,"comment_status":"closed","ping_status":"open","template":"","meta":{"_angie_page":false},"product_brand":[],"product_cat":[9155,25221,25734,25746,9161],"product_tag":[],"class_list":{"0":"post-209275","1":"product","2":"type-product","3":"status-publish","4":"has-post-thumbnail","6":"product_cat-esoteriske-gaver","7":"product_cat-krystaller-edelsteiner","8":"product_cat-kvarts","9":"product_cat-rosenkvarts","10":"product_cat-trommelsteiner","11":"pa_collection-large-tumble-stones-no","12":"pa_made-in-brasil","14":"first","15":"outofstock","16":"purchasable","17":"product-type-simple"},"supplier_id":null,"supplier_sku":"TBXL-54","barcode":null,"atum_controlled":true,"out_stock_date":"2025-09-05 16:26:10","out_stock_threshold":null,"inheritable":false,"inbound_stock":null,"stock_on_hold":0,"sold_today":0,"sales_last_days":0,"reserved_stock":null,"customer_returns":null,"warehouse_damage":null,"lost_in_post":null,"other_logs":null,"out_stock_days":0,"lost_sales":0,"has_location":null,"update_date":"2026-04-27T07:24:05","atum_locations":[],"atum_stock_status":"outofstock","restock_status":false,"low_stock_amount":"","sales_update_date":"2025-09-05T00:26:34","calc_backorders":null,"_links":{"self":[{"href":"https:\/\/aromasentia.com\/no\/wp-json\/wp\/v2\/product\/209275","targetHints":{"allow":["GET"]}}],"collection":[{"href":"https:\/\/aromasentia.com\/no\/wp-json\/wp\/v2\/product"}],"about":[{"href":"https:\/\/aromasentia.com\/no\/wp-json\/wp\/v2\/types\/product"}],"replies":[{"embeddable":true,"href":"https:\/\/aromasentia.com\/no\/wp-json\/wp\/v2\/comments?post=209275"}],"version-history":[{"count":0,"href":"https:\/\/aromasentia.com\/no\/wp-json\/wp\/v2\/product\/209275\/revisions"}],"wp:featuredmedia":[{"embeddable":true,"href":"https:\/\/aromasentia.com\/no\/wp-json\/wp\/v2\/media\/348362"}],"wp:attachment":[{"href":"https:\/\/aromasentia.com\/no\/wp-json\/wp\/v2\/media?parent=209275"}],"wp:term":[{"taxonomy":"product_brand","embeddable":true,"href":"https:\/\/aromasentia.com\/no\/wp-json\/wp\/v2\/product_brand?post=209275"},{"taxonomy":"product_cat","embeddable":true,"href":"https:\/\/aromasentia.com\/no\/wp-json\/wp\/v2\/product_cat?post=209275"},{"taxonomy":"product_tag","embeddable":true,"href":"https:\/\/aromasentia.com\/no\/wp-json\/wp\/v2\/product_tag?post=209275"}],"curies":[{"name":"wp","href":"https:\/\/api.w.org\/{rel}","templated":true}]}}