{"id":209274,"date":"2025-03-22T13:30:57","date_gmt":"2025-03-22T13:30:57","guid":{"rendered":"https:\/\/aromasentia.com\/product\/pack-of-24-tumble-stones-white-aventurine-l\/"},"modified":"2025-05-31T05:59:15","modified_gmt":"2025-05-31T05:59:15","slug":"pakke-med-24-tromlede-stener-hvit-aventurin-l","status":"publish","type":"product","link":"https:\/\/aromasentia.com\/no\/pakke-med-24-tromlede-stener-hvit-aventurin-l\/","title":{"rendered":"Pakke med 24 Tromlede Stener &#8211; Hvit Aventurin L"},"content":{"rendered":"<p><span style=\"color: rgb(75, 80, 88);\">Edelstener er en del av mange gamle kulturer, ofte ansett som en talisman eller et symbol p\u00e5 lykke eller lykke. I tusenvis av \u00e5r har de blitt laget til ringer, armb\u00e5nd, amuletter, brosjer og anheng for \u00e5 fange magien deres.<\/span><\/p>\n<p><span style=\"color: rgb(75, 80, 88);\"><strong>Krafter av hvit aventurin: Emosjonell gjenoppretting og oppmuntring<\/strong><\/span><\/p>\n<p><span style=\"color: rgb(75, 80, 88);\">En popul\u00e6r teori er at edelstener inneholder vibrasjonsenergi. Ved \u00e5 plassere edelstener i en persons aura, er det mulig \u00e5 endre vibrasjonene i den auraen.<\/span><\/p>\n<p><span style=\"color: rgb(75, 80, 88);\"><strong>Tromlesteiner &#8211; Hvit Aventurin L<\/strong> er vakre naturlige materialer som har f\u00e5tt en behagelig form og en blank polering. Attraktive, interessante og morsomme \u00e5 samle p\u00e5, de selger absolutt godt!<\/span><\/p>\n<p><span style=\"color: rgb(75, 80, 88);\">Disse tromlesteinene er pakket i poser med 24 og er omtrent 20 mm &#8211; 30 mm per stein. Dette er den mest popul\u00e6re samlerst\u00f8rrelsen.<\/span><\/p>\n<p><span style=\"color: rgb(141, 186, 216);\"><strong>En god utstilling i en nettbutikk eller hobbybutikk vil alltid generere salg.<\/strong><\/span><\/p>\n","protected":false},"excerpt":{"rendered":"<p>Edelstener er en del av mange gamle kulturer, ofte ansett som en talisman eller et symbol p\u00e5 lykke eller lykke. I tusenvis av \u00e5r har de blitt laget til ringer, armb\u00e5nd, amuletter, brosjer og anheng for \u00e5 fange magien deres. Krafter av hvit aventurin: Emosjonell gjenoppretting og oppmuntring En popul\u00e6r teori er at edelstener inneholder [&hellip;]<\/p>\n","protected":false},"featured_media":348353,"comment_status":"closed","ping_status":"open","template":"","meta":{"_angie_page":false},"product_brand":[],"product_cat":[25562,9155,25221,9161],"product_tag":[],"class_list":{"0":"post-209274","1":"product","2":"type-product","3":"status-publish","4":"has-post-thumbnail","6":"product_cat-aventurin","7":"product_cat-esoteriske-gaver","8":"product_cat-krystaller-edelsteiner","9":"product_cat-trommelsteiner","10":"pa_collection-large-tumble-stones-no","11":"pa_made-in-canada","13":"first","14":"instock","15":"purchasable","16":"product-type-simple"},"supplier_id":null,"supplier_sku":"TBm-66","barcode":null,"atum_controlled":true,"out_stock_date":null,"out_stock_threshold":null,"inheritable":false,"inbound_stock":null,"stock_on_hold":0,"sold_today":0,"sales_last_days":0,"reserved_stock":null,"customer_returns":null,"warehouse_damage":null,"lost_in_post":null,"other_logs":null,"out_stock_days":0,"lost_sales":0,"has_location":null,"update_date":"2026-04-27T07:24:00","atum_locations":[],"atum_stock_status":"instock","restock_status":false,"low_stock_amount":"","sales_update_date":"2026-01-30T01:25:41","calc_backorders":null,"_links":{"self":[{"href":"https:\/\/aromasentia.com\/no\/wp-json\/wp\/v2\/product\/209274","targetHints":{"allow":["GET"]}}],"collection":[{"href":"https:\/\/aromasentia.com\/no\/wp-json\/wp\/v2\/product"}],"about":[{"href":"https:\/\/aromasentia.com\/no\/wp-json\/wp\/v2\/types\/product"}],"replies":[{"embeddable":true,"href":"https:\/\/aromasentia.com\/no\/wp-json\/wp\/v2\/comments?post=209274"}],"version-history":[{"count":0,"href":"https:\/\/aromasentia.com\/no\/wp-json\/wp\/v2\/product\/209274\/revisions"}],"wp:featuredmedia":[{"embeddable":true,"href":"https:\/\/aromasentia.com\/no\/wp-json\/wp\/v2\/media\/348353"}],"wp:attachment":[{"href":"https:\/\/aromasentia.com\/no\/wp-json\/wp\/v2\/media?parent=209274"}],"wp:term":[{"taxonomy":"product_brand","embeddable":true,"href":"https:\/\/aromasentia.com\/no\/wp-json\/wp\/v2\/product_brand?post=209274"},{"taxonomy":"product_cat","embeddable":true,"href":"https:\/\/aromasentia.com\/no\/wp-json\/wp\/v2\/product_cat?post=209274"},{"taxonomy":"product_tag","embeddable":true,"href":"https:\/\/aromasentia.com\/no\/wp-json\/wp\/v2\/product_tag?post=209274"}],"curies":[{"name":"wp","href":"https:\/\/api.w.org\/{rel}","templated":true}]}}