{"id":209271,"date":"2025-03-22T13:30:57","date_gmt":"2025-03-22T13:30:57","guid":{"rendered":"https:\/\/aromasentia.com\/product\/pack-of-24-pack-of-tumble-stones-malachite\/"},"modified":"2025-05-31T05:59:03","modified_gmt":"2025-05-31T05:59:03","slug":"pakke-med-24-stk-tromlede-stener-malakitt","status":"publish","type":"product","link":"https:\/\/aromasentia.com\/no\/pakke-med-24-stk-tromlede-stener-malakitt\/","title":{"rendered":"Pakke med 24 Stk. Tromlede Stener &#8211; Malakitt"},"content":{"rendered":"<p>Edelstener er en del av mange gamle kulturer, ofte ansett som en talisman eller et symbol p\u00e5 lykke eller lykke. I tusenvis av \u00e5r har de blitt laget til ringer, armb\u00e5nd, amuletter, brosjer og anheng for \u00e5 fange magien deres.<\/p>\n<p><strong>Malakittens gamle visdomskrefter: Transformasjon og balanse<\/strong><\/p>\n<p>En popul\u00e6r teori er at edelstener inneholder vibrasjonsenergi. Ved \u00e5 plassere edelstener i en persons aura er det mulig \u00e5 endre vibrasjonene i den auraen.<\/p>\n<p><strong>Trumlesteiner &#8211; Malakitt L <\/strong>er vakre naturlige materialer som har f\u00e5tt en behagelig form og en blank polering. Attraktive, interessante og morsomme \u00e5 samle p\u00e5, de selger absolutt godt!<\/p>\n<p>Disse tromlesteinene er pakket i poser med 24 og er omtrent 20 mm &#8211; 30 mm per stein. Dette er den mest popul\u00e6re samlerst\u00f8rrelsen.<\/p>\n<p><span style=\"color: rgb(141, 186, 216);\"><strong>En god utstilling i en gavebutikk eller hobbybutikk vil alltid generere salg.<\/strong><\/span><\/p>\n","protected":false},"excerpt":{"rendered":"<p>Edelstener er en del av mange gamle kulturer, ofte ansett som en talisman eller et symbol p\u00e5 lykke eller lykke. I tusenvis av \u00e5r har de blitt laget til ringer, armb\u00e5nd, amuletter, brosjer og anheng for \u00e5 fange magien deres. Malakittens gamle visdomskrefter: Transformasjon og balanse En popul\u00e6r teori er at edelstener inneholder vibrasjonsenergi. Ved [&hellip;]<\/p>\n","protected":false},"featured_media":348310,"comment_status":"closed","ping_status":"open","template":"","meta":{"_angie_page":false},"product_brand":[],"product_cat":[9155,25221,25680,9161],"product_tag":[],"class_list":{"0":"post-209271","1":"product","2":"type-product","3":"status-publish","4":"has-post-thumbnail","6":"product_cat-esoteriske-gaver","7":"product_cat-krystaller-edelsteiner","8":"product_cat-malakitt","9":"product_cat-trommelsteiner","10":"pa_collection-large-tumble-stones-no","11":"pa_made-in-kongo","13":"first","14":"instock","15":"purchasable","16":"product-type-simple"},"supplier_id":null,"supplier_sku":"TBm-67","barcode":null,"atum_controlled":true,"out_stock_date":null,"out_stock_threshold":null,"inheritable":false,"inbound_stock":null,"stock_on_hold":0,"sold_today":0,"sales_last_days":0,"reserved_stock":null,"customer_returns":null,"warehouse_damage":null,"lost_in_post":null,"other_logs":null,"out_stock_days":0,"lost_sales":0,"has_location":null,"update_date":"2026-05-04T00:04:59","atum_locations":[],"atum_stock_status":"instock","restock_status":false,"low_stock_amount":"","sales_update_date":"2026-02-06T00:01:15","calc_backorders":null,"_links":{"self":[{"href":"https:\/\/aromasentia.com\/no\/wp-json\/wp\/v2\/product\/209271","targetHints":{"allow":["GET"]}}],"collection":[{"href":"https:\/\/aromasentia.com\/no\/wp-json\/wp\/v2\/product"}],"about":[{"href":"https:\/\/aromasentia.com\/no\/wp-json\/wp\/v2\/types\/product"}],"replies":[{"embeddable":true,"href":"https:\/\/aromasentia.com\/no\/wp-json\/wp\/v2\/comments?post=209271"}],"version-history":[{"count":0,"href":"https:\/\/aromasentia.com\/no\/wp-json\/wp\/v2\/product\/209271\/revisions"}],"wp:featuredmedia":[{"embeddable":true,"href":"https:\/\/aromasentia.com\/no\/wp-json\/wp\/v2\/media\/348310"}],"wp:attachment":[{"href":"https:\/\/aromasentia.com\/no\/wp-json\/wp\/v2\/media?parent=209271"}],"wp:term":[{"taxonomy":"product_brand","embeddable":true,"href":"https:\/\/aromasentia.com\/no\/wp-json\/wp\/v2\/product_brand?post=209271"},{"taxonomy":"product_cat","embeddable":true,"href":"https:\/\/aromasentia.com\/no\/wp-json\/wp\/v2\/product_cat?post=209271"},{"taxonomy":"product_tag","embeddable":true,"href":"https:\/\/aromasentia.com\/no\/wp-json\/wp\/v2\/product_tag?post=209271"}],"curies":[{"name":"wp","href":"https:\/\/api.w.org\/{rel}","templated":true}]}}