{"id":209235,"date":"2025-03-22T13:31:05","date_gmt":"2025-03-22T13:31:05","guid":{"rendered":"https:\/\/aromasentia.com\/product\/large-chakra-set-of-seven-singing-bowls-19-5-35cm\/"},"modified":"2025-05-31T05:56:51","modified_gmt":"2025-05-31T05:56:51","slug":"stort-chakrasett-med-syv-syngeskaler-195-35-cm","status":"publish","type":"product","link":"https:\/\/aromasentia.com\/no\/stort-chakrasett-med-syv-syngeskaler-195-35-cm\/","title":{"rendered":"Stort Chakrasett med Syv Syngesk\u00e5ler (19,5-35 cm)"},"content":{"rendered":"<p><span style=\"color: rgb(75, 80, 88);\"><strong>Dette settet best\u00e5r av sju store tibetanske syngesk\u00e5ler, som varierer i st\u00f8rrelse fra 19,5 cm til 35 cm.<\/strong> Hver sk\u00e5l er intrikat designet for \u00e5 korrespondere med ett av de sju chakraene, med livlige farger og symboler. Disse sk\u00e5lene er h\u00e5ndlaget og produserer rike, resonante lyder n\u00e5r de spilles <strong>med den medf\u00f8lgende klubba<\/strong>.<\/span><\/p>\n<p><span style=\"color: rgb(75, 80, 88);\">Tibetanske syngesk\u00e5ler har lang erfaring med \u00e5 fremme avslapning, meditasjon og chakrajustering.<\/span><\/p>\n<p><span style=\"color: rgb(75, 80, 88);\">Dette settet er ideelt for chakrabalansering og dyp meditasjon. Sk\u00e5lene bidrar til \u00e5 justere kroppens energisentre, noe som fremmer velv\u00e6re og indre harmoni.<\/span><\/p>\n","protected":false},"excerpt":{"rendered":"<p>Dette settet best\u00e5r av sju store tibetanske syngesk\u00e5ler, som varierer i st\u00f8rrelse fra 19,5 cm til 35 cm. Hver sk\u00e5l er intrikat designet for \u00e5 korrespondere med ett av de sju chakraene, med livlige farger og symboler. Disse sk\u00e5lene er h\u00e5ndlaget og produserer rike, resonante lyder n\u00e5r de spilles med den medf\u00f8lgende klubba. Tibetanske syngesk\u00e5ler [&hellip;]<\/p>\n","protected":false},"featured_media":350798,"comment_status":"closed","ping_status":"open","template":"","meta":{"_angie_page":false},"product_brand":[],"product_cat":[8394,9169],"product_tag":[],"class_list":{"0":"post-209235","1":"product","2":"type-product","3":"status-publish","4":"has-post-thumbnail","6":"product_cat-hjem-og-hage","7":"product_cat-syngeboller-og-bjeller","8":"pa_collection-tibetan-singing-bowls-no","9":"pa_made-in-india","11":"first","12":"instock","13":"purchasable","14":"product-type-simple"},"supplier_id":null,"supplier_sku":"TIB-116","barcode":null,"atum_controlled":true,"out_stock_date":null,"out_stock_threshold":null,"inheritable":false,"inbound_stock":null,"stock_on_hold":0,"sold_today":0,"sales_last_days":0,"reserved_stock":null,"customer_returns":null,"warehouse_damage":null,"lost_in_post":null,"other_logs":null,"out_stock_days":0,"lost_sales":0,"has_location":null,"update_date":"2026-04-27T07:24:47","atum_locations":[],"atum_stock_status":"instock","restock_status":false,"low_stock_amount":"","sales_update_date":"2025-09-05T00:26:51","calc_backorders":null,"_links":{"self":[{"href":"https:\/\/aromasentia.com\/no\/wp-json\/wp\/v2\/product\/209235","targetHints":{"allow":["GET"]}}],"collection":[{"href":"https:\/\/aromasentia.com\/no\/wp-json\/wp\/v2\/product"}],"about":[{"href":"https:\/\/aromasentia.com\/no\/wp-json\/wp\/v2\/types\/product"}],"replies":[{"embeddable":true,"href":"https:\/\/aromasentia.com\/no\/wp-json\/wp\/v2\/comments?post=209235"}],"version-history":[{"count":0,"href":"https:\/\/aromasentia.com\/no\/wp-json\/wp\/v2\/product\/209235\/revisions"}],"wp:featuredmedia":[{"embeddable":true,"href":"https:\/\/aromasentia.com\/no\/wp-json\/wp\/v2\/media\/350798"}],"wp:attachment":[{"href":"https:\/\/aromasentia.com\/no\/wp-json\/wp\/v2\/media?parent=209235"}],"wp:term":[{"taxonomy":"product_brand","embeddable":true,"href":"https:\/\/aromasentia.com\/no\/wp-json\/wp\/v2\/product_brand?post=209235"},{"taxonomy":"product_cat","embeddable":true,"href":"https:\/\/aromasentia.com\/no\/wp-json\/wp\/v2\/product_cat?post=209235"},{"taxonomy":"product_tag","embeddable":true,"href":"https:\/\/aromasentia.com\/no\/wp-json\/wp\/v2\/product_tag?post=209235"}],"curies":[{"name":"wp","href":"https:\/\/api.w.org\/{rel}","templated":true}]}}