{"id":209227,"date":"2025-03-22T13:31:05","date_gmt":"2025-03-22T13:31:05","guid":{"rendered":"https:\/\/aromasentia.com\/product\/tibetan-healing-engraved-bowl-21cm-7-chakra-flower-of-life\/"},"modified":"2025-05-31T05:56:25","modified_gmt":"2025-05-31T05:56:25","slug":"tibetansk-healingsskal-med-gravering-21-cm-7-chakraer-og-livets-blomst","status":"publish","type":"product","link":"https:\/\/aromasentia.com\/no\/tibetansk-healingsskal-med-gravering-21-cm-7-chakraer-og-livets-blomst\/","title":{"rendered":"Tibetansk Healingssk\u00e5l med Gravering &#8211; 21 cm &#8211; 7 Chakraer Og Livets Blomst"},"content":{"rendered":"<p><span style=\"color: rgb(75, 80, 88);\"><strong>I hjertet av Nepal, hvor eldgamle tradisjoner og \u00e5ndelig visdom m\u00f8tes, har tibetanske munker vevd sin ekspertise inn i hver eneste detalj i disse uts\u00f8kte syngesk\u00e5lene.<\/strong>Hver sk\u00e5l er laget med \u00e6rb\u00f8dighet og omsorg, og er et mesterverk i seg selv, og resonerer med selve essensen av Himalaya-fjellene.<\/span><\/p>\n<p><span style=\"color: rgb(75, 80, 88);\"><strong>Fusjonen av Livets Blomst og de 7 chakraene i denne 21 cm store sk\u00e5len er et mesterverk innen lydhealing.<\/strong> Laget av messing, kobber, bronse, jern og s\u00f8lv i Nepal, kan du tilby kundene dine et verkt\u00f8y for dyp energijustering og meditasjon.<\/span><\/p>\n<p><span style=\"color: rgb(75, 80, 88);\">Som med de 7 chakraene, viser denne sk\u00e5lens graveringer energisentrene i kroppen v\u00e5r. Livets blomst-symbolet, som best\u00e5r av sammenkoblede sirkler, representerer den hellige geometrien som ligger til grunn for skapelsen og sammenkoblingen av alt liv. Sammen fremmer disse symbolene balanse, koordinasjon og sammenkobling p\u00e5 et \u00e5ndelig niv\u00e5.<\/span><\/p>\n","protected":false},"excerpt":{"rendered":"<p>I hjertet av Nepal, hvor eldgamle tradisjoner og \u00e5ndelig visdom m\u00f8tes, har tibetanske munker vevd sin ekspertise inn i hver eneste detalj i disse uts\u00f8kte syngesk\u00e5lene.Hver sk\u00e5l er laget med \u00e6rb\u00f8dighet og omsorg, og er et mesterverk i seg selv, og resonerer med selve essensen av Himalaya-fjellene. Fusjonen av Livets Blomst og de 7 chakraene [&hellip;]<\/p>\n","protected":false},"featured_media":350422,"comment_status":"closed","ping_status":"open","template":"","meta":{"_angie_page":false},"product_brand":[],"product_cat":[8394,9169],"product_tag":[],"class_list":{"0":"post-209227","1":"product","2":"type-product","3":"status-publish","4":"has-post-thumbnail","6":"product_cat-hjem-og-hage","7":"product_cat-syngeboller-og-bjeller","8":"pa_collection-tibetan-singing-bowls-no","9":"pa_made-in-nepal","11":"first","12":"outofstock","13":"purchasable","14":"product-type-simple"},"supplier_id":null,"supplier_sku":"Tib-106","barcode":null,"atum_controlled":true,"out_stock_date":"2025-09-05 16:33:14","out_stock_threshold":null,"inheritable":false,"inbound_stock":null,"stock_on_hold":0,"sold_today":0,"sales_last_days":0,"reserved_stock":null,"customer_returns":null,"warehouse_damage":null,"lost_in_post":null,"other_logs":null,"out_stock_days":0,"lost_sales":0,"has_location":null,"update_date":"2026-04-27T07:24:41","atum_locations":[],"atum_stock_status":"outofstock","restock_status":false,"low_stock_amount":"","sales_update_date":"2025-09-05T00:26:50","calc_backorders":null,"_links":{"self":[{"href":"https:\/\/aromasentia.com\/no\/wp-json\/wp\/v2\/product\/209227","targetHints":{"allow":["GET"]}}],"collection":[{"href":"https:\/\/aromasentia.com\/no\/wp-json\/wp\/v2\/product"}],"about":[{"href":"https:\/\/aromasentia.com\/no\/wp-json\/wp\/v2\/types\/product"}],"replies":[{"embeddable":true,"href":"https:\/\/aromasentia.com\/no\/wp-json\/wp\/v2\/comments?post=209227"}],"version-history":[{"count":0,"href":"https:\/\/aromasentia.com\/no\/wp-json\/wp\/v2\/product\/209227\/revisions"}],"wp:featuredmedia":[{"embeddable":true,"href":"https:\/\/aromasentia.com\/no\/wp-json\/wp\/v2\/media\/350422"}],"wp:attachment":[{"href":"https:\/\/aromasentia.com\/no\/wp-json\/wp\/v2\/media?parent=209227"}],"wp:term":[{"taxonomy":"product_brand","embeddable":true,"href":"https:\/\/aromasentia.com\/no\/wp-json\/wp\/v2\/product_brand?post=209227"},{"taxonomy":"product_cat","embeddable":true,"href":"https:\/\/aromasentia.com\/no\/wp-json\/wp\/v2\/product_cat?post=209227"},{"taxonomy":"product_tag","embeddable":true,"href":"https:\/\/aromasentia.com\/no\/wp-json\/wp\/v2\/product_tag?post=209227"}],"curies":[{"name":"wp","href":"https:\/\/api.w.org\/{rel}","templated":true}]}}