{"id":209226,"date":"2025-03-22T13:31:05","date_gmt":"2025-03-22T13:31:05","guid":{"rendered":"https:\/\/aromasentia.com\/product\/tibetan-healing-engraved-bowl-21cm-om-buddha\/"},"modified":"2025-05-31T05:56:12","modified_gmt":"2025-05-31T05:56:12","slug":"tibetansk-healingsskal-med-gravering-21-cm-om-buddha","status":"publish","type":"product","link":"https:\/\/aromasentia.com\/no\/tibetansk-healingsskal-med-gravering-21-cm-om-buddha\/","title":{"rendered":"Tibetansk Healingssk\u00e5l med Gravering &#8211; 21 cm &#8211; Om &#038; Buddha"},"content":{"rendered":"<p><span style=\"color: rgb(75, 80, 88);\"><strong>I hjertet av Nepal, hvor eldgamle tradisjoner og \u00e5ndelig visdom m\u00f8tes, har tibetanske munker vevd sin ekspertise inn i hver eneste detalj i disse uts\u00f8kte syngesk\u00e5lene.<\/strong> Laget med \u00e6rb\u00f8dighet og omhu, er hver sk\u00e5l et mesterverk i seg selv, og resonerer med selve essensen av Himalaya-fjellene.<\/span><\/p>\n<p><span style=\"color: rgb(75, 80, 88);\"><strong>Denne 21 cm store sk\u00e5len, omhyggelig laget i Nepal av messing, kobber, bronse, jern og s\u00f8lv, har graveringer av det hellige \u00abOm\u00bb og Buddha.<\/strong> Det er et ideelt tillegg for de som \u00f8nsker \u00e5 ta del i en \u00e5ndelig reise.<\/span><\/p>\n<p><span style=\"color: rgb(75, 80, 88);\">Symbolet \u00abOm\u00bb er en hellig lyd og et \u00e5ndelig ikon som representerer den ultimate virkeligheten, bevisstheten og enheten. Graveringen av Buddha symboliserer opplysning og indre fred. Denne sk\u00e5len tilbyr en dyp meditativ opplevelse ved \u00e5 kombinere kraften til \u00abOm\u00bb med Buddhas veiledning.<\/span><\/p>\n","protected":false},"excerpt":{"rendered":"<p>I hjertet av Nepal, hvor eldgamle tradisjoner og \u00e5ndelig visdom m\u00f8tes, har tibetanske munker vevd sin ekspertise inn i hver eneste detalj i disse uts\u00f8kte syngesk\u00e5lene. Laget med \u00e6rb\u00f8dighet og omhu, er hver sk\u00e5l et mesterverk i seg selv, og resonerer med selve essensen av Himalaya-fjellene. Denne 21 cm store sk\u00e5len, omhyggelig laget i Nepal [&hellip;]<\/p>\n","protected":false},"featured_media":350349,"comment_status":"closed","ping_status":"open","template":"","meta":{"_angie_page":false},"product_brand":[],"product_cat":[8394,9169],"product_tag":[],"class_list":{"0":"post-209226","1":"product","2":"type-product","3":"status-publish","4":"has-post-thumbnail","6":"product_cat-hjem-og-hage","7":"product_cat-syngeboller-og-bjeller","8":"pa_collection-tibetan-singing-bowls-no","9":"pa_made-in-nepal","11":"first","12":"outofstock","13":"purchasable","14":"product-type-simple"},"supplier_id":null,"supplier_sku":"Tib-105","barcode":null,"atum_controlled":true,"out_stock_date":"2025-09-05 16:33:10","out_stock_threshold":null,"inheritable":false,"inbound_stock":null,"stock_on_hold":0,"sold_today":0,"sales_last_days":0,"reserved_stock":null,"customer_returns":null,"warehouse_damage":null,"lost_in_post":null,"other_logs":null,"out_stock_days":0,"lost_sales":0,"has_location":null,"update_date":"2026-04-27T07:24:41","atum_locations":[],"atum_stock_status":"outofstock","restock_status":false,"low_stock_amount":"","sales_update_date":"2025-09-05T00:26:50","calc_backorders":null,"_links":{"self":[{"href":"https:\/\/aromasentia.com\/no\/wp-json\/wp\/v2\/product\/209226","targetHints":{"allow":["GET"]}}],"collection":[{"href":"https:\/\/aromasentia.com\/no\/wp-json\/wp\/v2\/product"}],"about":[{"href":"https:\/\/aromasentia.com\/no\/wp-json\/wp\/v2\/types\/product"}],"replies":[{"embeddable":true,"href":"https:\/\/aromasentia.com\/no\/wp-json\/wp\/v2\/comments?post=209226"}],"version-history":[{"count":0,"href":"https:\/\/aromasentia.com\/no\/wp-json\/wp\/v2\/product\/209226\/revisions"}],"wp:featuredmedia":[{"embeddable":true,"href":"https:\/\/aromasentia.com\/no\/wp-json\/wp\/v2\/media\/350349"}],"wp:attachment":[{"href":"https:\/\/aromasentia.com\/no\/wp-json\/wp\/v2\/media?parent=209226"}],"wp:term":[{"taxonomy":"product_brand","embeddable":true,"href":"https:\/\/aromasentia.com\/no\/wp-json\/wp\/v2\/product_brand?post=209226"},{"taxonomy":"product_cat","embeddable":true,"href":"https:\/\/aromasentia.com\/no\/wp-json\/wp\/v2\/product_cat?post=209226"},{"taxonomy":"product_tag","embeddable":true,"href":"https:\/\/aromasentia.com\/no\/wp-json\/wp\/v2\/product_tag?post=209226"}],"curies":[{"name":"wp","href":"https:\/\/api.w.org\/{rel}","templated":true}]}}