{"id":209223,"date":"2025-03-22T13:31:05","date_gmt":"2025-03-22T13:31:05","guid":{"rendered":"https:\/\/aromasentia.com\/product\/tibetan-healing-engraved-bowl-16cm-7-chakra\/"},"modified":"2025-05-31T05:56:03","modified_gmt":"2025-05-31T05:56:03","slug":"tibetansk-healingsskal-med-inngravering-16-cm-7-chakra","status":"publish","type":"product","link":"https:\/\/aromasentia.com\/no\/tibetansk-healingsskal-med-inngravering-16-cm-7-chakra\/","title":{"rendered":"Tibetansk Healingssk\u00e5l med Inngravering &#8211; 16 cm &#8211; 7 Chakra"},"content":{"rendered":"<p><span style=\"color: rgb(75, 80, 88);\"><strong>I hjertet av Nepal, hvor eldgamle tradisjoner og \u00e5ndelig visdom m\u00f8tes, har tibetanske munker vevd sin ekspertise inn i hver eneste detalj i disse uts\u00f8kte syngesk\u00e5lene.<\/strong> Laget med \u00e6rb\u00f8dighet og omhu, er hver sk\u00e5l et mesterverk i seg selv, og resonerer med selve essensen av Himalaya-fjellene.<\/span><\/p>\n<p><span style=\"color: rgb(75, 80, 88);\"><strong>H\u00e5ndlaget i Nepal og laget av en blanding av messing, kobber, bronse, jern og s\u00f8lv, har denne 16 cm store sk\u00e5len intrikate graveringer som representerer de 7 chakraene. <\/strong><\/span><\/p>\n<p><span style=\"color: rgb(75, 80, 88);\">Du kan n\u00e5 tilby kundene dine en helhetlig tiln\u00e6rming til velv\u00e6re og spiritualitet med dette uts\u00f8kte smykket.<\/span><\/p>\n<p><span style=\"color: rgb(75, 80, 88);\">Graveringene p\u00e5 denne sk\u00e5len representerer de syv chakraene, som er energisentre som er justert langs ryggraden. Hvert chakra tilsvarer forskjellige aspekter av v\u00e5r fysiske, emosjonelle og \u00e5ndelige velv\u00e6re. Denne sk\u00e5len fungerer som et verkt\u00f8y for \u00e5 balansere og harmonisere disse energisentrene, og fremme helhetlig helbredelse.<\/span><\/p>\n","protected":false},"excerpt":{"rendered":"<p>I hjertet av Nepal, hvor eldgamle tradisjoner og \u00e5ndelig visdom m\u00f8tes, har tibetanske munker vevd sin ekspertise inn i hver eneste detalj i disse uts\u00f8kte syngesk\u00e5lene. Laget med \u00e6rb\u00f8dighet og omhu, er hver sk\u00e5l et mesterverk i seg selv, og resonerer med selve essensen av Himalaya-fjellene. H\u00e5ndlaget i Nepal og laget av en blanding av [&hellip;]<\/p>\n","protected":false},"featured_media":350178,"comment_status":"closed","ping_status":"open","template":"","meta":{"_angie_page":false},"product_brand":[],"product_cat":[8394,9169],"product_tag":[],"class_list":{"0":"post-209223","1":"product","2":"type-product","3":"status-publish","4":"has-post-thumbnail","6":"product_cat-hjem-og-hage","7":"product_cat-syngeboller-og-bjeller","8":"pa_collection-tibetan-singing-bowls-no","9":"pa_made-in-nepal","11":"first","12":"outofstock","13":"purchasable","14":"product-type-simple"},"supplier_id":null,"supplier_sku":"Tib-102","barcode":null,"atum_controlled":true,"out_stock_date":"2025-09-05 16:32:59","out_stock_threshold":null,"inheritable":false,"inbound_stock":null,"stock_on_hold":0,"sold_today":0,"sales_last_days":0,"reserved_stock":null,"customer_returns":null,"warehouse_damage":null,"lost_in_post":null,"other_logs":null,"out_stock_days":0,"lost_sales":0,"has_location":null,"update_date":"2026-04-27T07:24:41","atum_locations":[],"atum_stock_status":"outofstock","restock_status":false,"low_stock_amount":"","sales_update_date":"2025-09-05T00:26:44","calc_backorders":null,"_links":{"self":[{"href":"https:\/\/aromasentia.com\/no\/wp-json\/wp\/v2\/product\/209223","targetHints":{"allow":["GET"]}}],"collection":[{"href":"https:\/\/aromasentia.com\/no\/wp-json\/wp\/v2\/product"}],"about":[{"href":"https:\/\/aromasentia.com\/no\/wp-json\/wp\/v2\/types\/product"}],"replies":[{"embeddable":true,"href":"https:\/\/aromasentia.com\/no\/wp-json\/wp\/v2\/comments?post=209223"}],"version-history":[{"count":0,"href":"https:\/\/aromasentia.com\/no\/wp-json\/wp\/v2\/product\/209223\/revisions"}],"wp:featuredmedia":[{"embeddable":true,"href":"https:\/\/aromasentia.com\/no\/wp-json\/wp\/v2\/media\/350178"}],"wp:attachment":[{"href":"https:\/\/aromasentia.com\/no\/wp-json\/wp\/v2\/media?parent=209223"}],"wp:term":[{"taxonomy":"product_brand","embeddable":true,"href":"https:\/\/aromasentia.com\/no\/wp-json\/wp\/v2\/product_brand?post=209223"},{"taxonomy":"product_cat","embeddable":true,"href":"https:\/\/aromasentia.com\/no\/wp-json\/wp\/v2\/product_cat?post=209223"},{"taxonomy":"product_tag","embeddable":true,"href":"https:\/\/aromasentia.com\/no\/wp-json\/wp\/v2\/product_tag?post=209223"}],"curies":[{"name":"wp","href":"https:\/\/api.w.org\/{rel}","templated":true}]}}