{"id":209216,"date":"2025-03-22T13:31:14","date_gmt":"2025-03-22T13:31:14","guid":{"rendered":"https:\/\/aromasentia.com\/product\/medium-tibetan-tingsha-bell-6x11-5cm\/"},"modified":"2025-05-31T05:55:36","modified_gmt":"2025-05-31T05:55:36","slug":"tibetansk-tingsha-klokke-6x115-cm","status":"publish","type":"product","link":"https:\/\/aromasentia.com\/no\/tibetansk-tingsha-klokke-6x115-cm\/","title":{"rendered":"Tibetansk Tingsha-Klokke &#8211; 6&#215;11,5 cm"},"content":{"rendered":"<p>Ta kundene dine med p\u00e5 en reise inn i hjertet av tibetansk \u00e5ndelighet med v\u00e5r <strong>Wholesale Medium Tibetan Tingsha Bell<\/strong>. Denne klokken, som m\u00e5ler <strong>6&#215;11,5 cm<\/strong>, er h\u00e5ndlaget med presisjon og representerer essensen av tradisjon og mindfulness, og beriker din meditasjon og \u00e5ndelige praksis.<\/p>\n<p>H\u00e5ndlaget av dyktige tibetanske h\u00e5ndverkere, opprettholder hver Medium Tibetan Tingsha Bell \u00e5rhundregamle tradisjoner, noe som sikrer ekte kvalitet og \u00e5ndelig betydning.<\/p>\n<p>N\u00e5r du spiller forsiktig p\u00e5 denne Tingsha-klokken, produserer den en <strong>resonant og beroligende lyd&nbsp;<\/strong>som inviterer til en f\u00f8lelse av ro, oppmerksomhet og fokus under meditasjon og ritualer. Ideell til meditasjon, yoga, energihealing eller som et dekorativt element. Klokken har intrikate tibetanske symboler og design, noe som forsterker b\u00e5de den \u00e5ndelige og estetiske appellen.&nbsp;<\/p>\n<p>Lydfrekvens &#8211; 50 hz<\/p>\n<p><span style=\"color: rgb(243, 121, 52);\">Inviter ro og oppmerksomhet inn i butikken din med Medium Tibetan Tingsha Bell.<\/span><\/p>\n","protected":false},"excerpt":{"rendered":"<p>Ta kundene dine med p\u00e5 en reise inn i hjertet av tibetansk \u00e5ndelighet med v\u00e5r Wholesale Medium Tibetan Tingsha Bell. Denne klokken, som m\u00e5ler 6&#215;11,5 cm, er h\u00e5ndlaget med presisjon og representerer essensen av tradisjon og mindfulness, og beriker din meditasjon og \u00e5ndelige praksis. H\u00e5ndlaget av dyktige tibetanske h\u00e5ndverkere, opprettholder hver Medium Tibetan Tingsha Bell [&hellip;]<\/p>\n","protected":false},"featured_media":352562,"comment_status":"closed","ping_status":"open","template":"","meta":[],"product_brand":[],"product_cat":[8394,8476,9169,8374],"product_tag":[],"class_list":{"0":"post-209216","1":"product","2":"type-product","3":"status-publish","4":"has-post-thumbnail","6":"product_cat-hjem-og-hage","7":"product_cat-musikkinstrumenter","8":"product_cat-syngeboller-og-bjeller","9":"product_cat-vintage-gaver-og-suvenirer","10":"pa_collection-tibetan-bells-and-tingsha-bells-no","11":"pa_made-in-india","13":"first","14":"instock","15":"purchasable","16":"product-type-simple"},"supplier_id":null,"supplier_sku":"TTB-06","barcode":null,"atum_controlled":true,"out_stock_date":null,"out_stock_threshold":null,"inheritable":false,"inbound_stock":null,"stock_on_hold":0,"sold_today":0,"sales_last_days":0,"reserved_stock":null,"customer_returns":null,"warehouse_damage":null,"lost_in_post":null,"other_logs":null,"out_stock_days":0,"lost_sales":0,"has_location":null,"update_date":"2026-02-09T12:53:57","atum_locations":[],"atum_stock_status":"instock","restock_status":false,"low_stock_amount":"","sales_update_date":"2025-09-05T00:27:14","calc_backorders":null,"_links":{"self":[{"href":"https:\/\/aromasentia.com\/no\/wp-json\/wp\/v2\/product\/209216","targetHints":{"allow":["GET"]}}],"collection":[{"href":"https:\/\/aromasentia.com\/no\/wp-json\/wp\/v2\/product"}],"about":[{"href":"https:\/\/aromasentia.com\/no\/wp-json\/wp\/v2\/types\/product"}],"replies":[{"embeddable":true,"href":"https:\/\/aromasentia.com\/no\/wp-json\/wp\/v2\/comments?post=209216"}],"version-history":[{"count":0,"href":"https:\/\/aromasentia.com\/no\/wp-json\/wp\/v2\/product\/209216\/revisions"}],"wp:featuredmedia":[{"embeddable":true,"href":"https:\/\/aromasentia.com\/no\/wp-json\/wp\/v2\/media\/352562"}],"wp:attachment":[{"href":"https:\/\/aromasentia.com\/no\/wp-json\/wp\/v2\/media?parent=209216"}],"wp:term":[{"taxonomy":"product_brand","embeddable":true,"href":"https:\/\/aromasentia.com\/no\/wp-json\/wp\/v2\/product_brand?post=209216"},{"taxonomy":"product_cat","embeddable":true,"href":"https:\/\/aromasentia.com\/no\/wp-json\/wp\/v2\/product_cat?post=209216"},{"taxonomy":"product_tag","embeddable":true,"href":"https:\/\/aromasentia.com\/no\/wp-json\/wp\/v2\/product_tag?post=209216"}],"curies":[{"name":"wp","href":"https:\/\/api.w.org\/{rel}","templated":true}]}}