{"id":209206,"date":"2025-03-22T13:31:14","date_gmt":"2025-03-22T13:31:14","guid":{"rendered":"https:\/\/aromasentia.com\/product\/hand-beaten-engraved-singing-bowl-gift-set-14cm-green-tara\/"},"modified":"2025-05-31T05:54:47","modified_gmt":"2025-05-31T05:54:47","slug":"handslatt-og-gravert-syngeskal-gavesett-14-cm-green-tara","status":"publish","type":"product","link":"https:\/\/aromasentia.com\/no\/handslatt-og-gravert-syngeskal-gavesett-14-cm-green-tara\/","title":{"rendered":"H\u00e5ndsl\u00e5tt Og Gravert Syngesk\u00e5l Gavesett &#8211; 14 cm &#8211; Green Tara"},"content":{"rendered":"<p><span style=\"color: rgb(75, 80, 88);\"><strong>Harmonisk blanding av kunst og lyd, det vil si h\u00e5ndsl\u00e5tte og graverte syngesk\u00e5lsgavesett, som er et herlig tillegg til samlingen din.<\/strong> Laget med presisjon og utsmykket med intrikate design, <strong>hvert sett inkluderer en 14 cm syngesk\u00e5l, en klubbe, en pute og en pose.<\/strong>Disse settene er n\u00f8ye utvalgt for \u00e5 tilby en helhetlig opplevelse til kundene dine, noe som gj\u00f8r dem ideelle hvis du \u00f8nsker \u00e5 tilby unike og \u00e5ndelig berikende produkter.<\/span><\/p>\n<p><span style=\"color: rgb(75, 80, 88);\"><strong>Den gr\u00f8nne tara er en medf\u00f8lende og beskyttende guddom i tibetansk buddhisme.<\/strong>Graveringene p\u00e5 denne syngesk\u00e5len hyller den gr\u00f8nne taras egenskaper medf\u00f8lelse og rask handling i n\u00f8dens stund. Bruk av denne sk\u00e5len kan fremkalle f\u00f8lelser av trygghet, medf\u00f8lelse og hengivenhet.<\/span><\/p>\n","protected":false},"excerpt":{"rendered":"<p>Harmonisk blanding av kunst og lyd, det vil si h\u00e5ndsl\u00e5tte og graverte syngesk\u00e5lsgavesett, som er et herlig tillegg til samlingen din. Laget med presisjon og utsmykket med intrikate design, hvert sett inkluderer en 14 cm syngesk\u00e5l, en klubbe, en pute og en pose.Disse settene er n\u00f8ye utvalgt for \u00e5 tilby en helhetlig opplevelse til kundene [&hellip;]<\/p>\n","protected":false},"featured_media":352312,"comment_status":"closed","ping_status":"open","template":"","meta":[],"product_brand":[],"product_cat":[8394,9169],"product_tag":[],"class_list":{"0":"post-209206","1":"product","2":"type-product","3":"status-publish","4":"has-post-thumbnail","6":"product_cat-hjem-og-hage","7":"product_cat-syngeboller-og-bjeller","8":"pa_collection-tibetan-singing-bowl-sets-no","9":"pa_made-in-nepal","11":"first","12":"instock","13":"purchasable","14":"product-type-simple"},"supplier_id":null,"supplier_sku":"TIbS-20","barcode":null,"atum_controlled":true,"out_stock_date":null,"out_stock_threshold":null,"inheritable":false,"inbound_stock":null,"stock_on_hold":0,"sold_today":0,"sales_last_days":0,"reserved_stock":null,"customer_returns":null,"warehouse_damage":null,"lost_in_post":null,"other_logs":null,"out_stock_days":0,"lost_sales":0,"has_location":null,"update_date":"2026-01-30T01:25:53","atum_locations":[],"atum_stock_status":"instock","restock_status":false,"low_stock_amount":"","sales_update_date":"2026-01-30T01:25:53","calc_backorders":null,"_links":{"self":[{"href":"https:\/\/aromasentia.com\/no\/wp-json\/wp\/v2\/product\/209206","targetHints":{"allow":["GET"]}}],"collection":[{"href":"https:\/\/aromasentia.com\/no\/wp-json\/wp\/v2\/product"}],"about":[{"href":"https:\/\/aromasentia.com\/no\/wp-json\/wp\/v2\/types\/product"}],"replies":[{"embeddable":true,"href":"https:\/\/aromasentia.com\/no\/wp-json\/wp\/v2\/comments?post=209206"}],"version-history":[{"count":0,"href":"https:\/\/aromasentia.com\/no\/wp-json\/wp\/v2\/product\/209206\/revisions"}],"wp:featuredmedia":[{"embeddable":true,"href":"https:\/\/aromasentia.com\/no\/wp-json\/wp\/v2\/media\/352312"}],"wp:attachment":[{"href":"https:\/\/aromasentia.com\/no\/wp-json\/wp\/v2\/media?parent=209206"}],"wp:term":[{"taxonomy":"product_brand","embeddable":true,"href":"https:\/\/aromasentia.com\/no\/wp-json\/wp\/v2\/product_brand?post=209206"},{"taxonomy":"product_cat","embeddable":true,"href":"https:\/\/aromasentia.com\/no\/wp-json\/wp\/v2\/product_cat?post=209206"},{"taxonomy":"product_tag","embeddable":true,"href":"https:\/\/aromasentia.com\/no\/wp-json\/wp\/v2\/product_tag?post=209206"}],"curies":[{"name":"wp","href":"https:\/\/api.w.org\/{rel}","templated":true}]}}