{"id":209185,"date":"2025-03-22T14:18:20","date_gmt":"2025-03-22T14:18:20","guid":{"rendered":"https:\/\/aromasentia.com\/product\/bali-magic-box-gecko\/"},"modified":"2025-05-31T05:53:33","modified_gmt":"2025-05-31T05:53:33","slug":"bali-hemmelig-boks-gecko","status":"publish","type":"product","link":"https:\/\/aromasentia.com\/no\/bali-hemmelig-boks-gecko\/","title":{"rendered":"Bali Hemmelig Boks &#8211; Gecko"},"content":{"rendered":"<p>V\u00e5r \u00abGecko\u00bb Bali Magic Box vil v\u00e6re et magisk tilskudd til hjemmet ditt.<\/p>\n<p>Laget som et trepuslespill, m\u00e5 du finne ut hvilken rekkef\u00f8lge du skal ta de forskjellige delene fra hverandre i. I midten er det et lite rom som er ideelt for \u00e5 gjemme den spesielle lille gaven, s\u00e5 den er flott for oppbevaring av sm\u00e5 gjenstander samtidig som den lager en spennende utstilling, pluss at den er morsom \u00e5 sette sammen!<\/p>\n<p>B\u00e5de nydelig \u00e5 se p\u00e5 og fin \u00e5 leke med, gj\u00f8r den ekstra nyhetsverdien enkel \u00e5 selge. Ville v\u00e6re en flott gave til b\u00e5de barn og voksne.<\/p>\n<p>Bestill i dag for \u00e5 f\u00e5 denne utrolig unike Bali Magic Box.<\/p>\n","protected":false},"excerpt":{"rendered":"<p>V\u00e5r \u00abGecko\u00bb Bali Magic Box vil v\u00e6re et magisk tilskudd til hjemmet ditt. Laget som et trepuslespill, m\u00e5 du finne ut hvilken rekkef\u00f8lge du skal ta de forskjellige delene fra hverandre i. I midten er det et lite rom som er ideelt for \u00e5 gjemme den spesielle lille gaven, s\u00e5 den er flott for oppbevaring [&hellip;]<\/p>\n","protected":false},"featured_media":353625,"comment_status":"closed","ping_status":"open","template":"","meta":[],"product_brand":[],"product_cat":[8386,8385],"product_tag":[],"class_list":{"0":"post-209185","1":"product","2":"type-product","3":"status-publish","4":"has-post-thumbnail","6":"product_cat-gave-bokser-og-gaveoppbevaring","7":"product_cat-gaveinnpakning","8":"pa_collection-bali-magic-boxes-no","9":"pa_made-in-indonesia","11":"first","12":"instock","13":"purchasable","14":"product-type-simple"},"supplier_id":null,"supplier_sku":"BMB-26","barcode":null,"atum_controlled":true,"out_stock_date":null,"out_stock_threshold":null,"inheritable":false,"inbound_stock":null,"stock_on_hold":0,"sold_today":0,"sales_last_days":0,"reserved_stock":null,"customer_returns":null,"warehouse_damage":null,"lost_in_post":null,"other_logs":null,"out_stock_days":0,"lost_sales":0,"has_location":null,"update_date":"2026-01-30T01:25:40","atum_locations":[],"atum_stock_status":"instock","restock_status":false,"low_stock_amount":"","sales_update_date":"2026-01-30T01:25:40","calc_backorders":null,"_links":{"self":[{"href":"https:\/\/aromasentia.com\/no\/wp-json\/wp\/v2\/product\/209185","targetHints":{"allow":["GET"]}}],"collection":[{"href":"https:\/\/aromasentia.com\/no\/wp-json\/wp\/v2\/product"}],"about":[{"href":"https:\/\/aromasentia.com\/no\/wp-json\/wp\/v2\/types\/product"}],"replies":[{"embeddable":true,"href":"https:\/\/aromasentia.com\/no\/wp-json\/wp\/v2\/comments?post=209185"}],"version-history":[{"count":0,"href":"https:\/\/aromasentia.com\/no\/wp-json\/wp\/v2\/product\/209185\/revisions"}],"wp:featuredmedia":[{"embeddable":true,"href":"https:\/\/aromasentia.com\/no\/wp-json\/wp\/v2\/media\/353625"}],"wp:attachment":[{"href":"https:\/\/aromasentia.com\/no\/wp-json\/wp\/v2\/media?parent=209185"}],"wp:term":[{"taxonomy":"product_brand","embeddable":true,"href":"https:\/\/aromasentia.com\/no\/wp-json\/wp\/v2\/product_brand?post=209185"},{"taxonomy":"product_cat","embeddable":true,"href":"https:\/\/aromasentia.com\/no\/wp-json\/wp\/v2\/product_cat?post=209185"},{"taxonomy":"product_tag","embeddable":true,"href":"https:\/\/aromasentia.com\/no\/wp-json\/wp\/v2\/product_tag?post=209185"}],"curies":[{"name":"wp","href":"https:\/\/api.w.org\/{rel}","templated":true}]}}