{"id":209151,"date":"2025-03-22T14:18:20","date_gmt":"2025-03-22T14:18:20","guid":{"rendered":"https:\/\/aromasentia.com\/product\/aluminium-bottle-1250ml\/"},"modified":"2025-06-28T22:43:22","modified_gmt":"2025-06-28T22:43:22","slug":"aluminium-flaske-1250ml","status":"publish","type":"product","link":"https:\/\/aromasentia.com\/no\/aluminium-flaske-1250ml\/","title":{"rendered":"Aluminium Flaske 1250ml"},"content":{"rendered":"<p><strong>Aroma Sentia-ping aluminiumsflaske 1250 ml<\/strong> er en sv\u00e6rt stilig flaske som passer for kosmetikk, l\u00f8semidler, blomstervann og essensielle oljer.<\/strong><\/p>\n<p>Hvis du foretrekker \u00e5 oppbevare essensielle oljer, er aluminiumsflaskene det beste alternativet fordi de er ugjennomtrengelige for lys og gir oljene den n\u00f8dvendige beskyttelsen mot midlertidige temperatursvingninger, samt utmerket beskyttelse mot skader, er lette og har en sl\u00e5ende presentasjon.<\/p>\n<p><strong>Disse aluminiumsflaskene leveres med en uttrekkbar ring og hvite skrukorker.<\/strong> For \u00e5 gi produktet ditt den ekstra wow-faktoren, er aluminiumsflaskene tilgjengelige i tre st\u00f8rrelser.<\/p>\n","protected":false},"excerpt":{"rendered":"<p>Aroma Sentia-ping aluminiumsflaske 1250 ml er en sv\u00e6rt stilig flaske som passer for kosmetikk, l\u00f8semidler, blomstervann og essensielle oljer. Hvis du foretrekker \u00e5 oppbevare essensielle oljer, er aluminiumsflaskene det beste alternativet fordi de er ugjennomtrengelige for lys og gir oljene den n\u00f8dvendige beskyttelsen mot midlertidige temperatursvingninger, samt utmerket beskyttelse mot skader, er lette og har [&hellip;]<\/p>\n","protected":false},"featured_media":352695,"comment_status":"closed","ping_status":"open","template":"","meta":[],"product_brand":[],"product_cat":[9065,9088,8385,10756],"product_tag":[],"class_list":{"0":"post-209151","1":"product","2":"type-product","3":"status-publish","4":"has-post-thumbnail","6":"product_cat-aromaterapi-og-romduft","7":"product_cat-aromaterapi-flasker-og-tilbehor","8":"product_cat-gaveinnpakning","9":"product_cat-white-labeling","10":"pa_collection-aluminum-bottles-no","11":"pa_made-in-kina","12":"pa_size-250ml","14":"first","15":"outofstock","16":"purchasable","17":"product-type-simple"},"supplier_id":null,"supplier_sku":"ABot-03","barcode":null,"atum_controlled":true,"out_stock_date":"2025-11-07 13:39:17","out_stock_threshold":null,"inheritable":false,"inbound_stock":null,"stock_on_hold":0,"sold_today":0,"sales_last_days":0,"reserved_stock":null,"customer_returns":null,"warehouse_damage":null,"lost_in_post":null,"other_logs":null,"out_stock_days":90,"lost_sales":0,"has_location":null,"update_date":"2026-02-06T00:00:52","atum_locations":[],"atum_stock_status":"outofstock","restock_status":false,"low_stock_amount":"","sales_update_date":"2026-02-06T00:00:52","calc_backorders":null,"_links":{"self":[{"href":"https:\/\/aromasentia.com\/no\/wp-json\/wp\/v2\/product\/209151","targetHints":{"allow":["GET"]}}],"collection":[{"href":"https:\/\/aromasentia.com\/no\/wp-json\/wp\/v2\/product"}],"about":[{"href":"https:\/\/aromasentia.com\/no\/wp-json\/wp\/v2\/types\/product"}],"replies":[{"embeddable":true,"href":"https:\/\/aromasentia.com\/no\/wp-json\/wp\/v2\/comments?post=209151"}],"version-history":[{"count":0,"href":"https:\/\/aromasentia.com\/no\/wp-json\/wp\/v2\/product\/209151\/revisions"}],"wp:featuredmedia":[{"embeddable":true,"href":"https:\/\/aromasentia.com\/no\/wp-json\/wp\/v2\/media\/352695"}],"wp:attachment":[{"href":"https:\/\/aromasentia.com\/no\/wp-json\/wp\/v2\/media?parent=209151"}],"wp:term":[{"taxonomy":"product_brand","embeddable":true,"href":"https:\/\/aromasentia.com\/no\/wp-json\/wp\/v2\/product_brand?post=209151"},{"taxonomy":"product_cat","embeddable":true,"href":"https:\/\/aromasentia.com\/no\/wp-json\/wp\/v2\/product_cat?post=209151"},{"taxonomy":"product_tag","embeddable":true,"href":"https:\/\/aromasentia.com\/no\/wp-json\/wp\/v2\/product_tag?post=209151"}],"curies":[{"name":"wp","href":"https:\/\/api.w.org\/{rel}","templated":true}]}}