{"id":209144,"date":"2025-03-22T14:18:27","date_gmt":"2025-03-22T14:18:27","guid":{"rendered":"https:\/\/aromasentia.com\/product\/squat-jar-four-sides-lid\/"},"modified":"2025-05-31T05:50:09","modified_gmt":"2025-05-31T05:50:09","slug":"squat-jar-fire-sider-og-lokk","status":"publish","type":"product","link":"https:\/\/aromasentia.com\/no\/squat-jar-fire-sider-og-lokk\/","title":{"rendered":"Squat Jar &#8211; Fire Sider Og Lokk"},"content":{"rendered":"<p><span style=\"color: rgb(75, 80, 88);\">Disse <strong>syltet\u00f8ysglassene &#8211; fire sider og lokk<\/strong> er et essensielt element for kaffebarer, restauranter og h\u00e5ndverksbutikker.<\/span><\/p>\n<p><span style=\"color: rgb(75, 80, 88);\">Disse glassene kan brukes p\u00e5 mange forskjellige m\u00e5ter, for eksempel borddekorasjon, utstilling i detaljhandelen for salg av bulkprodukter eller til og med for \u00e5 helle melk mens du drikker te.<\/span><\/p>\n<p><span style=\"color: rgb(75, 80, 88);\">Hvert glass leveres med et s\u00f8lvfarget vrilokk for \u00e5 l\u00e5se inn alle kundenes smakfulle smaker. De har den perfekte st\u00f8rrelsen for pr\u00f8ver, kj\u00f8kkenoppbevaring, bryllupsgaver, gjester og gaver.<\/span><\/p>\n<p><span style=\"color: rgb(75, 80, 88);\">Du kan ogs\u00e5 legge til ditt personlige preg p\u00e5 disse glassene med AW-etiketter. Du kan v\u00e6re p\u00e5 utkikk etter andre flasker eller emballasje. I s\u00e5 fall kan du bes\u00f8ke v\u00e5r <a href=\"https:\/\/aromasentia.com\/packing\"><strong>Gaveemballasje og presentasjon<\/strong><\/a><strong>&nbsp;&nbsp;<\/strong><\/span><\/p>\n<ul style=\"padding: 0px; color: rgb(114, 114, 114); font-style: normal; font-variant-ligatures: normal; font-variant-caps: normal; font-weight: 400; letter-spacing: normal; orphans: 2; text-align: start; text-indent: 0px; text-transform: none; white-space: normal; widows: 2; word-spacing: 0px; -webkit-text-stroke-width: 0px; text-decoration-thickness: initial; text-decoration-style: initial; text-decoration-color: initial; font-size: 16px; bakgrunnsfarge: rgb(255, 255, 255);\">\n<li><span style=\"farge: rgb(75, 80, 88);\"><strong>170 ml kapasitet<\/strong><\/span><\/li>\n<li><span style=\"farge: rgb(75, 80, 88);\"><strong>Leveres med s\u00f8lvfargede vrilokk<\/strong><\/span><\/li>\n<li><span style=\"farge: rgb(75, 80, 88);\"><strong>Ikke mikrob\u00f8lgeovnsikker<\/strong><\/span><\/li>\n<li>\n<p><span style=\"farge: rgb(75, 80, 88);\"><strong>H: 8 cm, B: 7,5 cm, Vekt: 220 g &nbsp;<\/strong>&nbsp; &nbsp; &nbsp; &nbsp; &nbsp; &nbsp; &nbsp; &nbsp; &nbsp; &nbsp; &nbsp; &nbsp; &nbsp; &nbsp; &nbsp; &nbsp; &nbsp; &nbsp; &nbsp; &nbsp; &nbsp; &nbsp; &nbsp; &nbsp; &nbsp; &nbsp; &nbsp; &nbsp; &nbsp; &nbsp; &nbsp; &nbsp; &nbsp; &nbsp; &nbsp; &nbsp; &nbsp; &nbsp; &nbsp; &nbsp; &nbsp; &nbsp; &nbsp; &nbsp; &nbsp; &nbsp; &nbsp; &nbsp; &nbsp; &nbsp; &nbsp; &nbsp; &nbsp; &nbsp; &nbsp; &nbsp; &nbsp; &nbsp; &nbsp; &nbsp; &nbsp; &nbsp; &nbsp; &nbsp; &nbsp; &nbsp; &nbsp; &nbsp; &nbsp; &nbsp; &nbsp; &nbsp; &nbsp; &nbsp; &nbsp; &nbsp; &nbsp; &nbsp; &nbsp; &nbsp; &nbsp; &nbsp; &nbsp; NB: Ikke egnet for sv\u00e6rt h\u00f8ye eller sv\u00e6rt lave temperaturer. Ikke egnet for konservering eller sterilisering. <strong>&nbsp; &nbsp; &nbsp; &nbsp; &nbsp; &nbsp; &nbsp; &nbsp; &nbsp; &nbsp; &nbsp; &nbsp; &nbsp; &nbsp; &nbsp; &nbsp; &nbsp; &nbsp; &nbsp; &nbsp; &nbsp; &nbsp; &nbsp; &nbsp; &nbsp; &nbsp; &nbsp; &nbsp; &nbsp; F\u00e5 tak i disse glasskrukkene, bestill i dag.<\/strong><\/span><\/p>\n<\/li>\n<\/ul>\n","protected":false},"excerpt":{"rendered":"<p>Disse syltet\u00f8ysglassene &#8211; fire sider og lokk er et essensielt element for kaffebarer, restauranter og h\u00e5ndverksbutikker. Disse glassene kan brukes p\u00e5 mange forskjellige m\u00e5ter, for eksempel borddekorasjon, utstilling i detaljhandelen for salg av bulkprodukter eller til og med for \u00e5 helle melk mens du drikker te. Hvert glass leveres med et s\u00f8lvfarget vrilokk for \u00e5 [&hellip;]<\/p>\n","protected":false},"featured_media":354827,"comment_status":"closed","ping_status":"open","template":"","meta":{"_angie_page":false},"product_brand":[],"product_cat":[8385,10756],"product_tag":[],"class_list":{"0":"post-209144","1":"product","2":"type-product","3":"status-publish","4":"has-post-thumbnail","6":"product_cat-gaveinnpakning","7":"product_cat-white-labeling","8":"pa_collection-glass-jars-no","9":"pa_made-in-kina","11":"first","12":"instock","13":"purchasable","14":"product-type-simple"},"supplier_id":null,"supplier_sku":"Gjar-03","barcode":null,"atum_controlled":true,"out_stock_date":null,"out_stock_threshold":null,"inheritable":false,"inbound_stock":null,"stock_on_hold":0,"sold_today":0,"sales_last_days":0,"reserved_stock":null,"customer_returns":null,"warehouse_damage":null,"lost_in_post":null,"other_logs":null,"out_stock_days":0,"lost_sales":0,"has_location":null,"update_date":"2026-04-27T07:05:41","atum_locations":[],"atum_stock_status":"instock","restock_status":false,"low_stock_amount":"","sales_update_date":"2026-02-06T00:01:53","calc_backorders":null,"_links":{"self":[{"href":"https:\/\/aromasentia.com\/no\/wp-json\/wp\/v2\/product\/209144","targetHints":{"allow":["GET"]}}],"collection":[{"href":"https:\/\/aromasentia.com\/no\/wp-json\/wp\/v2\/product"}],"about":[{"href":"https:\/\/aromasentia.com\/no\/wp-json\/wp\/v2\/types\/product"}],"replies":[{"embeddable":true,"href":"https:\/\/aromasentia.com\/no\/wp-json\/wp\/v2\/comments?post=209144"}],"version-history":[{"count":0,"href":"https:\/\/aromasentia.com\/no\/wp-json\/wp\/v2\/product\/209144\/revisions"}],"wp:featuredmedia":[{"embeddable":true,"href":"https:\/\/aromasentia.com\/no\/wp-json\/wp\/v2\/media\/354827"}],"wp:attachment":[{"href":"https:\/\/aromasentia.com\/no\/wp-json\/wp\/v2\/media?parent=209144"}],"wp:term":[{"taxonomy":"product_brand","embeddable":true,"href":"https:\/\/aromasentia.com\/no\/wp-json\/wp\/v2\/product_brand?post=209144"},{"taxonomy":"product_cat","embeddable":true,"href":"https:\/\/aromasentia.com\/no\/wp-json\/wp\/v2\/product_cat?post=209144"},{"taxonomy":"product_tag","embeddable":true,"href":"https:\/\/aromasentia.com\/no\/wp-json\/wp\/v2\/product_tag?post=209144"}],"curies":[{"name":"wp","href":"https:\/\/api.w.org\/{rel}","templated":true}]}}