{"id":209140,"date":"2025-03-22T14:18:27","date_gmt":"2025-03-22T14:18:27","guid":{"rendered":"https:\/\/aromasentia.com\/product\/pipette-dropper-cap-for-30ml-bottle\/"},"modified":"2025-05-31T05:49:57","modified_gmt":"2025-05-31T05:49:57","slug":"dropepipetter-for-30ml-flaske","status":"publish","type":"product","link":"https:\/\/aromasentia.com\/no\/dropepipetter-for-30ml-flaske\/","title":{"rendered":"Dropepipetter For 30ml Flaske"},"content":{"rendered":"<p><strong>Ancient Wisdom Svart og glass rett spiss <span style=\"color: rgb(243, 121, 52);\">Tamper Evident<\/span> pipette droppe<\/strong><strong>r.<\/strong> Kompatibel med v\u00e5r 30 ml ravfargede glassflaske ( <a href=\"https:\/\/aromasentia.com\/gbot-34\">GBot-34<\/a>)&ndash; En flott m\u00e5te \u00e5 dosere v\u00e6skene dine b\u00e5de rent og n\u00f8yaktig.<\/p>\n","protected":false},"excerpt":{"rendered":"<p>Ancient Wisdom Svart og glass rett spiss Tamper Evident pipette dropper. Kompatibel med v\u00e5r 30 ml ravfargede glassflaske ( GBot-34)&ndash; En flott m\u00e5te \u00e5 dosere v\u00e6skene dine b\u00e5de rent og n\u00f8yaktig.<\/p>\n","protected":false},"featured_media":354791,"comment_status":"closed","ping_status":"open","template":"","meta":{"_angie_page":false},"product_brand":[],"product_cat":[9065,9088,8385,10756],"product_tag":[],"class_list":{"0":"post-209140","1":"product","2":"type-product","3":"status-publish","4":"has-post-thumbnail","6":"product_cat-aromaterapi-og-romduft","7":"product_cat-aromaterapi-flasker-og-tilbehor","8":"product_cat-gaveinnpakning","9":"product_cat-white-labeling","10":"pa_collection-glass-bottles-accessories-no","11":"pa_made-in-kina","12":"pa_size-30ml","14":"first","15":"instock","16":"purchasable","17":"product-type-simple"},"supplier_id":null,"supplier_sku":"GBotD-04","barcode":null,"atum_controlled":true,"out_stock_date":null,"out_stock_threshold":null,"inheritable":false,"inbound_stock":null,"stock_on_hold":0,"sold_today":0,"sales_last_days":0,"reserved_stock":null,"customer_returns":null,"warehouse_damage":null,"lost_in_post":null,"other_logs":null,"out_stock_days":0,"lost_sales":0,"has_location":null,"update_date":"2026-04-27T07:05:00","atum_locations":[],"atum_stock_status":"instock","restock_status":false,"low_stock_amount":"","sales_update_date":"2025-09-05T00:27:22","calc_backorders":null,"_links":{"self":[{"href":"https:\/\/aromasentia.com\/no\/wp-json\/wp\/v2\/product\/209140","targetHints":{"allow":["GET"]}}],"collection":[{"href":"https:\/\/aromasentia.com\/no\/wp-json\/wp\/v2\/product"}],"about":[{"href":"https:\/\/aromasentia.com\/no\/wp-json\/wp\/v2\/types\/product"}],"replies":[{"embeddable":true,"href":"https:\/\/aromasentia.com\/no\/wp-json\/wp\/v2\/comments?post=209140"}],"version-history":[{"count":0,"href":"https:\/\/aromasentia.com\/no\/wp-json\/wp\/v2\/product\/209140\/revisions"}],"wp:featuredmedia":[{"embeddable":true,"href":"https:\/\/aromasentia.com\/no\/wp-json\/wp\/v2\/media\/354791"}],"wp:attachment":[{"href":"https:\/\/aromasentia.com\/no\/wp-json\/wp\/v2\/media?parent=209140"}],"wp:term":[{"taxonomy":"product_brand","embeddable":true,"href":"https:\/\/aromasentia.com\/no\/wp-json\/wp\/v2\/product_brand?post=209140"},{"taxonomy":"product_cat","embeddable":true,"href":"https:\/\/aromasentia.com\/no\/wp-json\/wp\/v2\/product_cat?post=209140"},{"taxonomy":"product_tag","embeddable":true,"href":"https:\/\/aromasentia.com\/no\/wp-json\/wp\/v2\/product_tag?post=209140"}],"curies":[{"name":"wp","href":"https:\/\/api.w.org\/{rel}","templated":true}]}}