{"id":209139,"date":"2025-03-22T14:18:27","date_gmt":"2025-03-22T14:18:27","guid":{"rendered":"https:\/\/aromasentia.com\/product\/30ml-amber-bottle\/"},"modified":"2025-05-31T05:49:53","modified_gmt":"2025-05-31T05:49:53","slug":"30ml-ravfarget-flaske","status":"publish","type":"product","link":"https:\/\/aromasentia.com\/no\/30ml-ravfarget-flaske\/","title":{"rendered":"30ml Ravfarget Flaske"},"content":{"rendered":"<p><span style=\"color: rgb(75, 80, 88);\">Disse <strong>30 ml ravfargede glassflaskene<\/strong> er ideelle for en rekke tappingsbehov, inkludert essensielle oljer og duftoljer, slik at du kan tappe dine egne p\u00e5 flasker eller kanskje til og med lage din egen blanding av massasjeoljer.<\/span><\/p>\n<p><span style=\"color: rgb(75, 80, 88);\">Ogs\u00e5 et godt valg for oppbevaring av v\u00e6sker i en rekke bransjer eller til og med hjemme.<\/span><\/p>\n<p><span style=\"color: rgb(75, 80, 88);\">Prisen inkluderer kun flasken. Ikke glem \u00e5 bestille et lokk etter eget valg ogs\u00e5.<\/span><\/p>\n<p><span style=\"color: rgb(75, 80, 88);\">Lokk som passer til denne flasken: <\/span><a href=\"https:\/\/aromasentia.com\/tamper-evident-cap-and-dropper-for-10-50-100\"><span style=\"color: rgb(75, 80, 88);\"><strong>GBot-19<\/strong><\/span><\/a><span style=\"color: rgb(75, 80, 88);\">,<\/span><a href=\"https:\/\/aromasentia.com\/gbot-09\"><span style=\"color: rgb(75, 80, 88);\"> <strong>GBot-09<\/strong><\/span><\/a><span style: rgb(75, 80, 88);\"> og <\/span><a href=\"https:\/\/aromasentia.com\/gbot-24\"><span style=\"color: rgb(75, 80, 88);\"><strong>GBot-24<\/strong><\/span><\/a><span style=\"color: rgb(75, 80, 88);\">.<\/span><\/p>\n<p><span style=\"color: rgb(75, 80, 88);\">Kapasitet: 30 ml<\/span><\/p>\n<p><span style=\"color: rgb(75, 80, 88);\">H\u00f8yde: 7,5 cm<\/span><\/p>\n<p><span style=\"color: rgb(75, 80, 88);\">Diameter: 3 cm<\/span><\/p>\n<p><span style=\"color: rgb(75, 80, 88);\">Vekt: 0,45 g<\/span><\/p>\n<p><\/p>\n","protected":false},"excerpt":{"rendered":"<p>Disse 30 ml ravfargede glassflaskene er ideelle for en rekke tappingsbehov, inkludert essensielle oljer og duftoljer, slik at du kan tappe dine egne p\u00e5 flasker eller kanskje til og med lage din egen blanding av massasjeoljer. Ogs\u00e5 et godt valg for oppbevaring av v\u00e6sker i en rekke bransjer eller til og med hjemme. Prisen inkluderer [&hellip;]<\/p>\n","protected":false},"featured_media":354782,"comment_status":"closed","ping_status":"open","template":"","meta":{"_angie_page":false},"product_brand":[],"product_cat":[9065,9088,8385,10756],"product_tag":[],"class_list":{"0":"post-209139","1":"product","2":"type-product","3":"status-publish","4":"has-post-thumbnail","6":"product_cat-aromaterapi-og-romduft","7":"product_cat-aromaterapi-flasker-og-tilbehor","8":"product_cat-gaveinnpakning","9":"product_cat-white-labeling","10":"pa_collection-glass-bottles-accessories-no","11":"pa_made-in-kina","12":"pa_size-30ml","14":"first","15":"instock","16":"purchasable","17":"product-type-simple"},"supplier_id":null,"supplier_sku":"GBot-34","barcode":null,"atum_controlled":true,"out_stock_date":null,"out_stock_threshold":null,"inheritable":false,"inbound_stock":null,"stock_on_hold":0,"sold_today":0,"sales_last_days":0,"reserved_stock":null,"customer_returns":null,"warehouse_damage":null,"lost_in_post":null,"other_logs":null,"out_stock_days":0,"lost_sales":0,"has_location":null,"update_date":"2026-05-08T05:09:39","atum_locations":[],"atum_stock_status":"instock","restock_status":false,"low_stock_amount":"","sales_update_date":"2025-09-05T00:27:21","calc_backorders":null,"_links":{"self":[{"href":"https:\/\/aromasentia.com\/no\/wp-json\/wp\/v2\/product\/209139","targetHints":{"allow":["GET"]}}],"collection":[{"href":"https:\/\/aromasentia.com\/no\/wp-json\/wp\/v2\/product"}],"about":[{"href":"https:\/\/aromasentia.com\/no\/wp-json\/wp\/v2\/types\/product"}],"replies":[{"embeddable":true,"href":"https:\/\/aromasentia.com\/no\/wp-json\/wp\/v2\/comments?post=209139"}],"version-history":[{"count":0,"href":"https:\/\/aromasentia.com\/no\/wp-json\/wp\/v2\/product\/209139\/revisions"}],"wp:featuredmedia":[{"embeddable":true,"href":"https:\/\/aromasentia.com\/no\/wp-json\/wp\/v2\/media\/354782"}],"wp:attachment":[{"href":"https:\/\/aromasentia.com\/no\/wp-json\/wp\/v2\/media?parent=209139"}],"wp:term":[{"taxonomy":"product_brand","embeddable":true,"href":"https:\/\/aromasentia.com\/no\/wp-json\/wp\/v2\/product_brand?post=209139"},{"taxonomy":"product_cat","embeddable":true,"href":"https:\/\/aromasentia.com\/no\/wp-json\/wp\/v2\/product_cat?post=209139"},{"taxonomy":"product_tag","embeddable":true,"href":"https:\/\/aromasentia.com\/no\/wp-json\/wp\/v2\/product_tag?post=209139"}],"curies":[{"name":"wp","href":"https:\/\/api.w.org\/{rel}","templated":true}]}}