{"id":209138,"date":"2025-03-22T14:18:27","date_gmt":"2025-03-22T14:18:27","guid":{"rendered":"https:\/\/aromasentia.com\/product\/300ml-amber-bottle\/"},"modified":"2025-05-31T05:49:48","modified_gmt":"2025-05-31T05:49:48","slug":"300ml-ravfarget-flaske","status":"publish","type":"product","link":"https:\/\/aromasentia.com\/no\/300ml-ravfarget-flaske\/","title":{"rendered":"300ml Ravfarget Flaske"},"content":{"rendered":"<p><strong><span style=\"color: rgb(75, 80, 88);\">300 ml ravfargede glassflasker med pumper&nbsp;<\/span><\/strong><span style=\"color: rgb(75, 80, 88);\">er ideelle for en rekke tappingsbehov.<\/span><\/p>\n<p><span style=\"color: rgb(75, 80, 88);\">Disse vil v\u00e6re perfekte for massasjeoljer, h\u00e5nd- og kroppslotion eller flytende s\u00e5per. Og mye mer.&nbsp;<\/span><\/p>\n","protected":false},"excerpt":{"rendered":"<p>300 ml ravfargede glassflasker med pumper&nbsp;er ideelle for en rekke tappingsbehov. Disse vil v\u00e6re perfekte for massasjeoljer, h\u00e5nd- og kroppslotion eller flytende s\u00e5per. Og mye mer.&nbsp;<\/p>\n","protected":false},"featured_media":354757,"comment_status":"closed","ping_status":"open","template":"","meta":{"_angie_page":false},"product_brand":[],"product_cat":[9065,9088,8385,10756],"product_tag":[],"class_list":{"0":"post-209138","1":"product","2":"type-product","3":"status-publish","4":"has-post-thumbnail","6":"product_cat-aromaterapi-og-romduft","7":"product_cat-aromaterapi-flasker-og-tilbehor","8":"product_cat-gaveinnpakning","9":"product_cat-white-labeling","10":"pa_collection-glass-bottles-accessories-no","11":"pa_made-in-kina","12":"pa_size-300ml","14":"first","15":"instock","16":"purchasable","17":"product-type-simple"},"supplier_id":null,"supplier_sku":"GBot-33","barcode":null,"atum_controlled":true,"out_stock_date":null,"out_stock_threshold":null,"inheritable":false,"inbound_stock":null,"stock_on_hold":0,"sold_today":0,"sales_last_days":0,"reserved_stock":null,"customer_returns":null,"warehouse_damage":null,"lost_in_post":null,"other_logs":null,"out_stock_days":0,"lost_sales":0,"has_location":null,"update_date":"2026-04-27T07:05:00","atum_locations":[],"atum_stock_status":"instock","restock_status":false,"low_stock_amount":"","sales_update_date":"2026-01-30T01:24:56","calc_backorders":null,"_links":{"self":[{"href":"https:\/\/aromasentia.com\/no\/wp-json\/wp\/v2\/product\/209138","targetHints":{"allow":["GET"]}}],"collection":[{"href":"https:\/\/aromasentia.com\/no\/wp-json\/wp\/v2\/product"}],"about":[{"href":"https:\/\/aromasentia.com\/no\/wp-json\/wp\/v2\/types\/product"}],"replies":[{"embeddable":true,"href":"https:\/\/aromasentia.com\/no\/wp-json\/wp\/v2\/comments?post=209138"}],"version-history":[{"count":0,"href":"https:\/\/aromasentia.com\/no\/wp-json\/wp\/v2\/product\/209138\/revisions"}],"wp:featuredmedia":[{"embeddable":true,"href":"https:\/\/aromasentia.com\/no\/wp-json\/wp\/v2\/media\/354757"}],"wp:attachment":[{"href":"https:\/\/aromasentia.com\/no\/wp-json\/wp\/v2\/media?parent=209138"}],"wp:term":[{"taxonomy":"product_brand","embeddable":true,"href":"https:\/\/aromasentia.com\/no\/wp-json\/wp\/v2\/product_brand?post=209138"},{"taxonomy":"product_cat","embeddable":true,"href":"https:\/\/aromasentia.com\/no\/wp-json\/wp\/v2\/product_cat?post=209138"},{"taxonomy":"product_tag","embeddable":true,"href":"https:\/\/aromasentia.com\/no\/wp-json\/wp\/v2\/product_tag?post=209138"}],"curies":[{"name":"wp","href":"https:\/\/api.w.org\/{rel}","templated":true}]}}