{"id":209137,"date":"2025-03-22T14:18:27","date_gmt":"2025-03-22T14:18:27","guid":{"rendered":"https:\/\/aromasentia.com\/product\/250ml-amber-bottle-with-pump\/"},"modified":"2025-06-28T22:43:21","modified_gmt":"2025-06-28T22:43:21","slug":"ravfarget-flaske-med-pumpe-250ml","status":"publish","type":"product","link":"https:\/\/aromasentia.com\/no\/ravfarget-flaske-med-pumpe-250ml\/","title":{"rendered":"Ravfarget Flaske med Pumpe 250ml"},"content":{"rendered":"<p>Dispenser st\u00f8rre mengder uten problemer med denne 250 ml ravfargede flasken med pumpe. Denne kraftige flasken i ravfarget glass gir utmerket UV-beskyttelse for lys\u00f8mfintlige v\u00e6sker, mens den medf\u00f8lgende pumpetoppen gj\u00f8r det enkelt og hygienisk \u00e5 dosere kremer, flytende s\u00e5per, sjampo, balsam eller massasjeoljer. Flasken er perfekt for bad, kj\u00f8kken eller terapirom, og den kombinerer praktisk, kontrollert dispensering med beskyttende oppbevaring av hjemmelagde eller kommersielle produkter, noe som sikrer lang levetid.<\/p>\n","protected":false},"excerpt":{"rendered":"<p>Dispenser st\u00f8rre mengder uten problemer med denne 250 ml ravfargede flasken med pumpe. Denne kraftige flasken i ravfarget glass gir utmerket UV-beskyttelse for lys\u00f8mfintlige v\u00e6sker, mens den medf\u00f8lgende pumpetoppen gj\u00f8r det enkelt og hygienisk \u00e5 dosere kremer, flytende s\u00e5per, sjampo, balsam eller massasjeoljer. Flasken er perfekt for bad, kj\u00f8kken eller terapirom, og den kombinerer praktisk, [&hellip;]<\/p>\n","protected":false},"featured_media":354732,"comment_status":"closed","ping_status":"open","template":"","meta":{"_angie_page":false},"product_brand":[],"product_cat":[9065,9088,8385,10756],"product_tag":[],"class_list":{"0":"post-209137","1":"product","2":"type-product","3":"status-publish","4":"has-post-thumbnail","6":"product_cat-aromaterapi-og-romduft","7":"product_cat-aromaterapi-flasker-og-tilbehor","8":"product_cat-gaveinnpakning","9":"product_cat-white-labeling","10":"pa_collection-glass-bottles-accessories-no","11":"pa_made-in-kina","12":"pa_size-250ml","14":"first","15":"instock","16":"purchasable","17":"product-type-simple"},"supplier_id":null,"supplier_sku":"GBot-31","barcode":null,"atum_controlled":true,"out_stock_date":null,"out_stock_threshold":null,"inheritable":false,"inbound_stock":null,"stock_on_hold":0,"sold_today":0,"sales_last_days":0,"reserved_stock":null,"customer_returns":null,"warehouse_damage":null,"lost_in_post":null,"other_logs":null,"out_stock_days":0,"lost_sales":0,"has_location":null,"update_date":"2026-04-27T07:05:00","atum_locations":[],"atum_stock_status":"instock","restock_status":false,"low_stock_amount":"","sales_update_date":"2026-01-20T05:14:20","calc_backorders":null,"_links":{"self":[{"href":"https:\/\/aromasentia.com\/no\/wp-json\/wp\/v2\/product\/209137","targetHints":{"allow":["GET"]}}],"collection":[{"href":"https:\/\/aromasentia.com\/no\/wp-json\/wp\/v2\/product"}],"about":[{"href":"https:\/\/aromasentia.com\/no\/wp-json\/wp\/v2\/types\/product"}],"replies":[{"embeddable":true,"href":"https:\/\/aromasentia.com\/no\/wp-json\/wp\/v2\/comments?post=209137"}],"version-history":[{"count":0,"href":"https:\/\/aromasentia.com\/no\/wp-json\/wp\/v2\/product\/209137\/revisions"}],"wp:featuredmedia":[{"embeddable":true,"href":"https:\/\/aromasentia.com\/no\/wp-json\/wp\/v2\/media\/354732"}],"wp:attachment":[{"href":"https:\/\/aromasentia.com\/no\/wp-json\/wp\/v2\/media?parent=209137"}],"wp:term":[{"taxonomy":"product_brand","embeddable":true,"href":"https:\/\/aromasentia.com\/no\/wp-json\/wp\/v2\/product_brand?post=209137"},{"taxonomy":"product_cat","embeddable":true,"href":"https:\/\/aromasentia.com\/no\/wp-json\/wp\/v2\/product_cat?post=209137"},{"taxonomy":"product_tag","embeddable":true,"href":"https:\/\/aromasentia.com\/no\/wp-json\/wp\/v2\/product_tag?post=209137"}],"curies":[{"name":"wp","href":"https:\/\/api.w.org\/{rel}","templated":true}]}}